{"id":16,"date":"2013-04-25T13:04:14","date_gmt":"2013-04-25T11:04:14","guid":{"rendered":"http:\/\/docsites.cgmlife.com\/christianemueller\/?page_id=16"},"modified":"2013-06-17T12:38:41","modified_gmt":"2013-06-17T10:38:41","slug":"start","status":"publish","type":"page","link":"https:\/\/docsites.cgmlife.com\/1371465229127\/","title":{"rendered":"Startseite"},"content":{"rendered":"<h1>Herzlich willkommen in der Zahnarztpraxis Carola Cobb<\/h1>\n<div><\/div>\n<div>\n<p>Willkommen auf der Internetseite unserer Zahnarztpraxis &#8211; Dr. Carola Cobb in Berlin-Lankwitz. Wir w\u00fcnschen Ihnen einen \u00fcbersichtlichen und informativen Aufenthalt.<\/p>\n<p>\u00dcber die Hauptmen\u00fc-Punkte k\u00f6nnen Sie Informationen \u00fcber unsere M\u00f6glichkeiten, unsere Praxis, das Team, Services und nat\u00fcrlich die Lage der Praxis abrufen.<\/p>\n<p>Sie k\u00f6nnen auch u. a. einen online-Termin buchen, Daf\u00fcr ben\u00f6tigen Sie den kostenlosen\u00a0<a href=\"http:\/\/get.adobe.com\/de\/flashplayer\/\" target=\"_blank\">Flash Player<\/a>\u00a0von Adobe, welcher bereits auf 98% aller internetf\u00e4higen Computern installiert ist.<\/p>\n<\/div>\n<p>&nbsp;<\/p>\n","protected":false},"excerpt":{"rendered":"<p>Herzlich willkommen in der Zahnarztpraxis Carola Cobb Willkommen auf der Internetseite unserer Zahnarztpraxis &#8211; Dr. Carola Cobb in Berlin-Lankwitz. Wir w\u00fcnschen Ihnen einen \u00fcbersichtlichen und informativen Aufenthalt. \u00dcber die Hauptmen\u00fc-Punkte k\u00f6nnen Sie Informationen \u00fcber unsere M\u00f6glichkeiten, unsere Praxis, das Team, Services und nat\u00fcrlich die Lage der Praxis abrufen. Sie k\u00f6nnen auch u. a. einen online-Termin [&hellip;]<\/p>\n","protected":false},"author":139,"featured_media":0,"parent":0,"menu_order":-1,"comment_status":"closed","ping_status":"closed","template":"","meta":{"footnotes":""},"class_list":["post-16","page","type-page","status-publish","hentry"],"_links":{"self":[{"href":"https:\/\/docsites.cgmlife.com\/1371465229127\/wp-json\/wp\/v2\/pages\/16","targetHints":{"allow":["GET"]}}],"collection":[{"href":"https:\/\/docsites.cgmlife.com\/1371465229127\/wp-json\/wp\/v2\/pages"}],"about":[{"href":"https:\/\/docsites.cgmlife.com\/1371465229127\/wp-json\/wp\/v2\/types\/page"}],"author":[{"embeddable":true,"href":"https:\/\/docsites.cgmlife.com\/1371465229127\/wp-json\/wp\/v2\/users\/139"}],"replies":[{"embeddable":true,"href":"https:\/\/docsites.cgmlife.com\/1371465229127\/wp-json\/wp\/v2\/comments?post=16"}],"version-history":[{"count":3,"href":"https:\/\/docsites.cgmlife.com\/1371465229127\/wp-json\/wp\/v2\/pages\/16\/revisions"}],"predecessor-version":[{"id":48,"href":"https:\/\/docsites.cgmlife.com\/1371465229127\/wp-json\/wp\/v2\/pages\/16\/revisions\/48"}],"wp:attachment":[{"href":"https:\/\/docsites.cgmlife.com\/1371465229127\/wp-json\/wp\/v2\/media?parent=16"}],"curies":[{"name":"wp","href":"https:\/\/api.w.org\/{rel}","templated":true}]}}