{"id":4,"date":"2013-01-03T13:10:22","date_gmt":"2013-01-03T13:10:22","guid":{"rendered":"http:\/\/docsites.cgmlife.com\/christianemueller\/?page_id=4"},"modified":"2023-01-05T10:18:24","modified_gmt":"2023-01-05T08:18:24","slug":"impressum","status":"publish","type":"page","link":"https:\/\/docsites.cgmlife.com\/1371465229127\/impressum\/","title":{"rendered":"Impressum"},"content":{"rendered":"<div id=\"id4605\">\n<h1>Impressum<\/h1>\n<\/div>\n<div id=\"id14643\">\n<p><strong>Anbieterkennzeichnung gem\u00e4\u00df \u00a7 6 Teledienstgesetz<\/strong><\/p>\n<p>Dr. Carola Cobb<br>\nZahn\u00e4rztin<br>\nKaiser-Wilhelm-Str. 30<br>\n12247 Berlin-Lankwitz<br>\nTel: 030\/772 40 01<br>\nFax: 030\/773 75 05<br>\nE-Mail: <a href=\"mailto:carolacobb@telemed.de\">carolacobb@telemed.de<\/a><\/p>\n<p><strong>Berufsbezeichnung<\/strong><\/p>\n<p>Zahn\u00e4rztin<br \/>\nVerliehen durch die Bundesrepublik Deutschland<\/p>\n<p><strong>Rechtsverordnung<\/strong><\/p>\n<p>Berufsordnung<br \/>\nZahnheilkundegesetz<br \/>\nGeb\u00fchrenordnung<br \/>\nHeilberufsgesetz<br \/>\n<em>Die Rechtsverordnungen k\u00f6nnen auf der Website der Zahn\u00e4rztekammer Berklin eingesehen werden.<\/em><\/p>\n<p><strong>Kammer (<em>berufsrechtliche Aufsichtsbeh\u00f6rde<\/em>):<\/strong><\/p>\n<p>Zahn\u00e4rztekammer Berlin<br \/>\nStallstr. 1<br \/>\n10585 Berlin<\/p>\n<p>Telefon: 030\/48080<br \/>\nTelefax: 030\/4808240<\/p>\n<p><strong>Kassen\u00e4rztliche Vereinigung (<em>kassen\u00e4rztliche Aufsichtsbeh\u00f6rde<\/em>):<\/strong><\/p>\n<p>Kassen\u00e4rztliche Vereinigung Berlin<br \/>\nMasurenallee 6A<br \/>\n14057 Berlin<\/p>\n<p>Telefon: 030\/31003-0<br \/>\nTelefax: 030\/31003-380<\/p>\n<p><strong>Verantwortlich gem\u00e4\u00df \u00a7 10 Abs. 3<br \/>\n<\/strong><br \/>\nBetreiber und Verantwortlich f\u00fcr den redaktionellen Inhalt im Sinne des Mediendienststaatsvertrages ist der oben genannte Praxisinhaber.<\/p>\n<p>&#8222;F\u00fcr alle Links zu anderen Seiten im Internet gilt, dass die Betreiber dieser Homepage keinerlei Einfluss auf die Gestaltung und die Inhalte der gelinkten Seiten haben. Deshalb distanzieren sich die Betreiber dieser Seiten hiermit ausdr\u00fccklich von allen Inhalten aller gelinkten Seiten auf diesem Server und machen sich ihre Inhalte nicht zu eigen.&#8220;<\/p>\n<p><b>Copyright:<\/b><\/p>\n<div>\n<p>Copyright Bilder: iStockPhoto<\/p>\n<\/div>\n<\/div>\n","protected":false},"excerpt":{"rendered":"<p>Impressum Anbieterkennzeichnung gem\u00e4\u00df \u00a7 6 Teledienstgesetz Berufsbezeichnung Zahn\u00e4rztin Verliehen durch die Bundesrepublik Deutschland Rechtsverordnung Berufsordnung Zahnheilkundegesetz Geb\u00fchrenordnung Heilberufsgesetz Die Rechtsverordnungen k\u00f6nnen auf der Website der Zahn\u00e4rztekammer Berklin eingesehen werden. Kammer (berufsrechtliche Aufsichtsbeh\u00f6rde): Zahn\u00e4rztekammer Berlin Stallstr. 1 10585 Berlin Telefon: 030\/48080 Telefax: 030\/4808240 Kassen\u00e4rztliche Vereinigung (kassen\u00e4rztliche Aufsichtsbeh\u00f6rde): Kassen\u00e4rztliche Vereinigung Berlin Masurenallee 6A 14057 Berlin Telefon: 030\/31003-0 [&hellip;]<\/p>\n","protected":false},"author":139,"featured_media":0,"parent":0,"menu_order":99,"comment_status":"closed","ping_status":"closed","template":"","meta":{"footnotes":""},"class_list":["post-4","page","type-page","status-publish","hentry"],"_links":{"self":[{"href":"https:\/\/docsites.cgmlife.com\/1371465229127\/wp-json\/wp\/v2\/pages\/4","targetHints":{"allow":["GET"]}}],"collection":[{"href":"https:\/\/docsites.cgmlife.com\/1371465229127\/wp-json\/wp\/v2\/pages"}],"about":[{"href":"https:\/\/docsites.cgmlife.com\/1371465229127\/wp-json\/wp\/v2\/types\/page"}],"author":[{"embeddable":true,"href":"https:\/\/docsites.cgmlife.com\/1371465229127\/wp-json\/wp\/v2\/users\/139"}],"replies":[{"embeddable":true,"href":"https:\/\/docsites.cgmlife.com\/1371465229127\/wp-json\/wp\/v2\/comments?post=4"}],"version-history":[{"count":4,"href":"https:\/\/docsites.cgmlife.com\/1371465229127\/wp-json\/wp\/v2\/pages\/4\/revisions"}],"predecessor-version":[{"id":92,"href":"https:\/\/docsites.cgmlife.com\/1371465229127\/wp-json\/wp\/v2\/pages\/4\/revisions\/92"}],"wp:attachment":[{"href":"https:\/\/docsites.cgmlife.com\/1371465229127\/wp-json\/wp\/v2\/media?parent=4"}],"curies":[{"name":"wp","href":"https:\/\/api.w.org\/{rel}","templated":true}]}}