{"id":107,"date":"2013-07-25T16:18:01","date_gmt":"2013-07-25T14:18:01","guid":{"rendered":"http:\/\/docsites.cgmlife.com\/137155198543\/?page_id=107"},"modified":"2013-07-31T12:17:01","modified_gmt":"2013-07-31T10:17:01","slug":"team","status":"publish","type":"page","link":"https:\/\/docsites.cgmlife.com\/137155198543\/team\/","title":{"rendered":"Team"},"content":{"rendered":"<p>&nbsp;<\/p>\n<h1>Team<\/h1>\n<p><strong>Dr. med. Eckhard Wendel<\/strong><\/p>\n<p><strong>\u00a0<\/strong><\/p>\n<ul>\n<li><strong>Frau Chabern\u00fd, in unserer Praxis t\u00e4tig seit 1994\u00a0<\/strong><\/li>\n<li><strong>Frau Kray, <strong>in unserer Praxis t\u00e4tig seit 2005<\/strong><\/strong><\/li>\n<li><strong>Frau Reis, <strong>in unserer Praxis t\u00e4tig seit 1996<\/strong><\/strong><\/li>\n<li><strong>Frau Wei\u00df, <strong>in unserer Praxis t\u00e4tig seit 2009<\/strong><\/strong><\/li>\n<li><strong><\/strong><strong>als Auszubildende Frau Gabdrachmanow,\u00a0<strong>in unserer Praxis t\u00e4tig seit 2012<\/strong><\/strong><\/li>\n<\/ul>\n","protected":false},"excerpt":{"rendered":"<p>&nbsp; Team Dr. med. Eckhard Wendel \u00a0 Frau Chabern\u00fd, in unserer Praxis t\u00e4tig seit 1994\u00a0 Frau Kray, in unserer Praxis t\u00e4tig seit 2005 Frau Reis, in unserer Praxis t\u00e4tig seit 1996 Frau Wei\u00df, in unserer Praxis t\u00e4tig seit 2009 als Auszubildende Frau Gabdrachmanow,\u00a0in unserer Praxis t\u00e4tig seit 2012<\/p>\n","protected":false},"author":160,"featured_media":0,"parent":0,"menu_order":0,"comment_status":"closed","ping_status":"closed","template":"","meta":{"footnotes":""},"class_list":["post-107","page","type-page","status-publish","hentry"],"_links":{"self":[{"href":"https:\/\/docsites.cgmlife.com\/137155198543\/wp-json\/wp\/v2\/pages\/107","targetHints":{"allow":["GET"]}}],"collection":[{"href":"https:\/\/docsites.cgmlife.com\/137155198543\/wp-json\/wp\/v2\/pages"}],"about":[{"href":"https:\/\/docsites.cgmlife.com\/137155198543\/wp-json\/wp\/v2\/types\/page"}],"author":[{"embeddable":true,"href":"https:\/\/docsites.cgmlife.com\/137155198543\/wp-json\/wp\/v2\/users\/160"}],"replies":[{"embeddable":true,"href":"https:\/\/docsites.cgmlife.com\/137155198543\/wp-json\/wp\/v2\/comments?post=107"}],"version-history":[{"count":11,"href":"https:\/\/docsites.cgmlife.com\/137155198543\/wp-json\/wp\/v2\/pages\/107\/revisions"}],"predecessor-version":[{"id":110,"href":"https:\/\/docsites.cgmlife.com\/137155198543\/wp-json\/wp\/v2\/pages\/107\/revisions\/110"}],"wp:attachment":[{"href":"https:\/\/docsites.cgmlife.com\/137155198543\/wp-json\/wp\/v2\/media?parent=107"}],"curies":[{"name":"wp","href":"https:\/\/api.w.org\/{rel}","templated":true}]}}