{"id":6,"date":"2013-02-05T11:33:02","date_gmt":"2013-02-05T09:33:02","guid":{"rendered":"http:\/\/docsites.cgmlife.com\/medistar\/?page_id=6"},"modified":"2013-07-25T16:34:32","modified_gmt":"2013-07-25T14:34:32","slug":"praxis","status":"publish","type":"page","link":"https:\/\/docsites.cgmlife.com\/137155198543\/praxis\/","title":{"rendered":"Praxis"},"content":{"rendered":"<div id=\"id841\">\n<h1>Praxis<\/h1>\n<p><strong>Bitte vereinbaren Sie mit uns Termine, tel. 02667 &#8211; 618<\/strong><\/p>\n<\/div>\n<div id=\"id3413\">\n<table border=\"0\">\n<caption>Unsere Sprechzeiten<\/caption>\n<thead>\n<tr>\n<th><\/th>\n<th>Vormittag<\/th>\n<th>Nachmittag<\/th>\n<\/tr>\n<\/thead>\n<tfoot>\n<tr>\n<td>Freitag<\/td>\n<td>08:30 &#8211; 10:30 Uhr<\/td>\n<td>\u00a016:00 &#8211; 18:00 Uhr<\/td>\n<\/tr>\n<\/tfoot>\n<tbody>\n<tr>\n<td>Montag<\/td>\n<td>08:30 &#8211; 10:30 Uhr<\/td>\n<td>keine Sprechstunde<\/td>\n<\/tr>\n<tr>\n<td>Dienstag<\/td>\n<td>08:30 &#8211; 10:30 Uhr<\/td>\n<td>\u00a015:00 &#8211; 17:00 Uhr<\/td>\n<\/tr>\n<tr>\n<td>Mittwoch<\/td>\n<td>08:30 &#8211; 10:30 Uhr<\/td>\n<td><\/td>\n<\/tr>\n<tr>\n<td>Donnerstag<\/td>\n<td>keine Sprechstunde<\/td>\n<td>\u00a015:00 &#8211; 17:00 Uhr<\/td>\n<\/tr>\n<\/tbody>\n<\/table>\n<p>&nbsp;<\/p>\n<\/div>\n<p>Wegen immer\u00a0mehr zunehmender B\u00fcrokratie findet \u00a0Montagnachmittag und Donnerstagvormittag keine Sprechstunde statt.\u00a0Bitte halten Sie diese Zeiten im Hinblick auf einen\u00a0reibungslosen Praxisablauf \u00a0m\u00f6glichst genau ein.\u00a0Vereinbaren Sie bitte telefonisch w\u00e4hrend der Sprechzeiten einen f\u00fcr Sie g\u00fcnstigen Termin. \u00a0Da Notf\u00e4lle Vorrang haben, lassen sich Wartezeiten nicht immer vermeiden.\u00a0\u00a0Sagen Sie Termine, die Sie nicht einhalten k\u00f6nnen bitte rechtzeitig ab.<\/p>\n<p>Nach Ihren<strong> Laborergebnissen<\/strong> k\u00f6nnen Sie sich am n\u00e4chsten Werktag\u00a0zwischen 18.00 und 18.30 erkundigen, bzw. Dienstag und Donnerstag\u00a0zwischen 17.30-18.00. <b>Hausbesuche<\/b> werden w\u00e4hrend der sprechstundenfreien Zeit durchgef\u00fchrt.\u00a0Bitte sprechen Sie mit uns \u00fcber\u00a0die Notwendigkeit eines Hausbesuchs m\u00f6glichst vor 10.30 Uhr, damit\u00a0die Fahrtroute geplant werden kann. Dringende Hausbesuche werden in Notf\u00e4llen nat\u00fcrlich jederzeit ausgef\u00fchrt.<\/p>\n<p><strong>Vielen Dank f\u00fcr Ihre Aufmerksamkeit!\u00a0<\/strong><\/p>\n<p><strong>Ihr Praxis-Team<\/strong><\/p>\n","protected":false},"excerpt":{"rendered":"<p>Praxis Bitte vereinbaren Sie mit uns Termine, tel. 02667 &#8211; 618 Unsere Sprechzeiten Vormittag Nachmittag Freitag 08:30 &#8211; 10:30 Uhr \u00a016:00 &#8211; 18:00 Uhr Montag 08:30 &#8211; 10:30 Uhr keine Sprechstunde Dienstag 08:30 &#8211; 10:30 Uhr \u00a015:00 &#8211; 17:00 Uhr Mittwoch 08:30 &#8211; 10:30 Uhr Donnerstag keine Sprechstunde \u00a015:00 &#8211; 17:00 Uhr &nbsp; Wegen immer\u00a0mehr [&hellip;]<\/p>\n","protected":false},"author":160,"featured_media":0,"parent":0,"menu_order":0,"comment_status":"closed","ping_status":"closed","template":"","meta":{"footnotes":""},"class_list":["post-6","page","type-page","status-publish","hentry"],"_links":{"self":[{"href":"https:\/\/docsites.cgmlife.com\/137155198543\/wp-json\/wp\/v2\/pages\/6","targetHints":{"allow":["GET"]}}],"collection":[{"href":"https:\/\/docsites.cgmlife.com\/137155198543\/wp-json\/wp\/v2\/pages"}],"about":[{"href":"https:\/\/docsites.cgmlife.com\/137155198543\/wp-json\/wp\/v2\/types\/page"}],"author":[{"embeddable":true,"href":"https:\/\/docsites.cgmlife.com\/137155198543\/wp-json\/wp\/v2\/users\/160"}],"replies":[{"embeddable":true,"href":"https:\/\/docsites.cgmlife.com\/137155198543\/wp-json\/wp\/v2\/comments?post=6"}],"version-history":[{"count":17,"href":"https:\/\/docsites.cgmlife.com\/137155198543\/wp-json\/wp\/v2\/pages\/6\/revisions"}],"predecessor-version":[{"id":90,"href":"https:\/\/docsites.cgmlife.com\/137155198543\/wp-json\/wp\/v2\/pages\/6\/revisions\/90"}],"wp:attachment":[{"href":"https:\/\/docsites.cgmlife.com\/137155198543\/wp-json\/wp\/v2\/media?parent=6"}],"curies":[{"name":"wp","href":"https:\/\/api.w.org\/{rel}","templated":true}]}}