{"id":10,"date":"2013-02-05T11:37:41","date_gmt":"2013-02-05T09:37:41","guid":{"rendered":"http:\/\/docsites.cgmlife.com\/medistar\/?page_id=10"},"modified":"2018-08-06T13:37:13","modified_gmt":"2018-08-06T11:37:13","slug":"impressum","status":"publish","type":"page","link":"https:\/\/docsites.cgmlife.com\/137162633743\/impressum\/","title":{"rendered":"Impressum"},"content":{"rendered":"<p>Dr. med. Eva Rappen-Cremer<br \/>\n\u00c4rztin<br \/>\nSchlossstr. 81<br \/>\n60486 Frankfurt am Main<\/p>\n<p>Tel.: 069 \/ 70 54 54<br \/>\nFax: 069 \/ 707 73 29<br \/>\nE.Rappen-Cremer@telemed.de<\/p>\n<p><b>Aufsichtsbeh\u00f6rde<\/b><br \/>\n<a href=\"http:\/\/www.laekh.de\/front_content.php\" target=\"_blank\">Landes\u00e4rztekammer Hessen<\/a><br \/>\n<a href=\"http:\/\/www.kvhessen.de\/\" target=\"_blank\">Kassen\u00e4rztliche Vereinigung Hessen<\/a><\/p>\n<p>Berufsbezeichnung: \u00c4rztin (verliehen in der Bundesrepublik Deutschland)<\/p>\n<p><b>Berufsrechtliche Regelungen:<\/b> z. B.<br \/>\n&#8211; Berufsordnung der \u00c4rztekammer Hessen<br \/>\n&#8211; Approbationsordnung f\u00fcr \u00c4rzte<br \/>\n&#8211; \u00c4rztekammer Hessen: Gesetze, Verordnungen<\/p>\n<p><a href=\"http:\/\/docsites.cgmlife.com\/137162633743\/wp-content\/uploads\/sites\/117\/2013\/02\/Datenverarbeitung-auf-dieser-Internetseite1.pdf\">Datenverarbeitung auf dieser Internetseite<\/a><\/p>\n<p><a href=\"http:\/\/docsites.cgmlife.com\/137162633743\/wp-content\/uploads\/sites\/117\/2013\/02\/Patienteninformation-zum-Datenschutz.pdf\">Patienteninformation zum Datenschutz<\/a><\/p>\n<p>&nbsp;<\/p>\n<p>Inhaltlich Verantwortlicher gem\u00e4\u00df \u00a7 55 Absatz 2 RStV: Dr. med. Eva Rappen-Cremer<\/p>\n","protected":false},"excerpt":{"rendered":"<p>Dr. med. Eva Rappen-Cremer \u00c4rztin Schlossstr. 81 60486 Frankfurt am Main Tel.: 069 \/ 70 54 54 Fax: 069 \/ 707 73 29 E.Rappen-Cremer@telemed.de Aufsichtsbeh\u00f6rde Landes\u00e4rztekammer Hessen Kassen\u00e4rztliche Vereinigung Hessen Berufsbezeichnung: \u00c4rztin (verliehen in der Bundesrepublik Deutschland) Berufsrechtliche Regelungen: z. B. &#8211; Berufsordnung der \u00c4rztekammer Hessen &#8211; Approbationsordnung f\u00fcr \u00c4rzte &#8211; \u00c4rztekammer Hessen: Gesetze, Verordnungen [&hellip;]<\/p>\n","protected":false},"author":162,"featured_media":0,"parent":0,"menu_order":1000,"comment_status":"closed","ping_status":"closed","template":"","meta":{"footnotes":""},"class_list":["post-10","page","type-page","status-publish","hentry"],"_links":{"self":[{"href":"https:\/\/docsites.cgmlife.com\/137162633743\/wp-json\/wp\/v2\/pages\/10","targetHints":{"allow":["GET"]}}],"collection":[{"href":"https:\/\/docsites.cgmlife.com\/137162633743\/wp-json\/wp\/v2\/pages"}],"about":[{"href":"https:\/\/docsites.cgmlife.com\/137162633743\/wp-json\/wp\/v2\/types\/page"}],"author":[{"embeddable":true,"href":"https:\/\/docsites.cgmlife.com\/137162633743\/wp-json\/wp\/v2\/users\/162"}],"replies":[{"embeddable":true,"href":"https:\/\/docsites.cgmlife.com\/137162633743\/wp-json\/wp\/v2\/comments?post=10"}],"version-history":[{"count":9,"href":"https:\/\/docsites.cgmlife.com\/137162633743\/wp-json\/wp\/v2\/pages\/10\/revisions"}],"predecessor-version":[{"id":90,"href":"https:\/\/docsites.cgmlife.com\/137162633743\/wp-json\/wp\/v2\/pages\/10\/revisions\/90"}],"wp:attachment":[{"href":"https:\/\/docsites.cgmlife.com\/137162633743\/wp-json\/wp\/v2\/media?parent=10"}],"curies":[{"name":"wp","href":"https:\/\/api.w.org\/{rel}","templated":true}]}}