{"id":115,"date":"2013-10-21T10:32:31","date_gmt":"2013-10-21T08:32:31","guid":{"rendered":"http:\/\/docsites.cgmlife.com\/137162633743\/?page_id=115"},"modified":"2013-11-01T15:40:06","modified_gmt":"2013-11-01T13:40:06","slug":"leistungen-der-praxis","status":"publish","type":"page","link":"https:\/\/docsites.cgmlife.com\/137162633743\/praxis\/leistungen-der-praxis\/","title":{"rendered":"Leistungen der Praxis"},"content":{"rendered":"<p><span style=\"text-decoration: underline\"><strong>Leistungen:<\/strong><\/span><\/p>\n<p>Internistische Diagnostik und Therapie:<\/p>\n<p>Ultraschalluntersuchungen der inneren Organe, Schilddr\u00fcse<br \/>\nund Farbdoppleruntersuchung der Gef\u00e4\u00dfe<br \/>\nEKG<br \/>\nBelastungs EKG<br \/>\nLangzeit Blutdruckmessungen<br \/>\nLangzeit EKG Untersuchungen<br \/>\nLungenfunktionspr\u00fcfungen<\/p>\n<p>Betreuung chronisch kranker Patienten<\/p>\n<p>DMP Programme:<br \/>\nAsthma bronchiale, chronisch obstruktive Lungenerkrankung<br \/>\nKoronare Herzerkrankung<br \/>\nDiabetes mellitus Typ II<br \/>\nDiabetes Schulungen im Schulungsnetz Rhein-Main e.V.<\/p>\n<p>Vorsorgeuntersuchungen<br \/>\nJugendgesundheitsuntersuchungen<br \/>\nHautkrebs Screening<\/p>\n<p>Reisemedizinische Beratung und Impfungen<\/p>\n<p>Psychosomatische Grundversorgung<br \/>\nLeistungen der medizinischen Rehabilitation,<br \/>\nBerichte f\u00fcr Versicherungen und \u00c4mter<\/p>\n<p>Studien in Zusammenarbeit mit dem Institut f\u00fcr Allgemeinmedizin der<br \/>\nJohann Wolfgang Goethe Universit\u00e4t Frankfurt<\/p>\n<p>Ern\u00e4hrungsmedizin<br \/>\nAkupunktur<\/p>\n","protected":false},"excerpt":{"rendered":"<p>Leistungen: Internistische Diagnostik und Therapie: Ultraschalluntersuchungen der inneren Organe, Schilddr\u00fcse und Farbdoppleruntersuchung der Gef\u00e4\u00dfe EKG Belastungs EKG Langzeit Blutdruckmessungen Langzeit EKG Untersuchungen Lungenfunktionspr\u00fcfungen Betreuung chronisch kranker Patienten DMP Programme: Asthma bronchiale, chronisch obstruktive Lungenerkrankung Koronare Herzerkrankung Diabetes mellitus Typ II Diabetes Schulungen im Schulungsnetz Rhein-Main e.V. Vorsorgeuntersuchungen Jugendgesundheitsuntersuchungen Hautkrebs Screening Reisemedizinische Beratung und Impfungen Psychosomatische [&hellip;]<\/p>\n","protected":false},"author":162,"featured_media":0,"parent":6,"menu_order":0,"comment_status":"closed","ping_status":"closed","template":"","meta":{"footnotes":""},"class_list":["post-115","page","type-page","status-publish","hentry"],"_links":{"self":[{"href":"https:\/\/docsites.cgmlife.com\/137162633743\/wp-json\/wp\/v2\/pages\/115","targetHints":{"allow":["GET"]}}],"collection":[{"href":"https:\/\/docsites.cgmlife.com\/137162633743\/wp-json\/wp\/v2\/pages"}],"about":[{"href":"https:\/\/docsites.cgmlife.com\/137162633743\/wp-json\/wp\/v2\/types\/page"}],"author":[{"embeddable":true,"href":"https:\/\/docsites.cgmlife.com\/137162633743\/wp-json\/wp\/v2\/users\/162"}],"replies":[{"embeddable":true,"href":"https:\/\/docsites.cgmlife.com\/137162633743\/wp-json\/wp\/v2\/comments?post=115"}],"version-history":[{"count":6,"href":"https:\/\/docsites.cgmlife.com\/137162633743\/wp-json\/wp\/v2\/pages\/115\/revisions"}],"predecessor-version":[{"id":169,"href":"https:\/\/docsites.cgmlife.com\/137162633743\/wp-json\/wp\/v2\/pages\/115\/revisions\/169"}],"up":[{"embeddable":true,"href":"https:\/\/docsites.cgmlife.com\/137162633743\/wp-json\/wp\/v2\/pages\/6"}],"wp:attachment":[{"href":"https:\/\/docsites.cgmlife.com\/137162633743\/wp-json\/wp\/v2\/media?parent=115"}],"curies":[{"name":"wp","href":"https:\/\/api.w.org\/{rel}","templated":true}]}}