{"id":2,"date":"2013-02-05T09:30:54","date_gmt":"2013-02-05T07:30:54","guid":{"rendered":"http:\/\/docsites.cgmlife.com\/medistar\/?page_id=2"},"modified":"2024-11-14T10:35:35","modified_gmt":"2024-11-14T08:35:35","slug":"beispiel-seite","status":"publish","type":"page","link":"https:\/\/docsites.cgmlife.com\/137162633743\/","title":{"rendered":"Start"},"content":{"rendered":"<div id=\"id242\">\n<h1>Herzlich Willkommen in unserer virtuellen Praxis.<\/h1>\n<\/div>\n<div id=\"id1661\">Dr. med.<br \/>\nEva Rappen-Cremer<br \/>\nInternistin<br \/>\nhaus\u00e4rztliche VersorgungAkademische Forschungspraxis der<br \/>\nJohann Wolfgang Goethe Universit\u00e4t Frankfurt<\/p>\n<p>Schlo\u00dfstr. 81<br \/>\n60486 Frankfurt<br \/>\nTelefon: 069\/705454<br \/>\nTelefax 069\/7077329<br \/>\ndr.rappen-cremer@web.de<\/p>\n<\/div>\n","protected":false},"excerpt":{"rendered":"<p>Herzlich Willkommen in unserer virtuellen Praxis. Dr. med. Eva Rappen-Cremer Internistin haus\u00e4rztliche VersorgungAkademische Forschungspraxis der Johann Wolfgang Goethe Universit\u00e4t Frankfurt Schlo\u00dfstr. 81 60486 Frankfurt Telefon: 069\/705454 Telefax 069\/7077329 dr.rappen-cremer@web.de<\/p>\n","protected":false},"author":162,"featured_media":0,"parent":0,"menu_order":-1,"comment_status":"closed","ping_status":"closed","template":"","meta":{"footnotes":""},"class_list":["post-2","page","type-page","status-publish","hentry"],"_links":{"self":[{"href":"https:\/\/docsites.cgmlife.com\/137162633743\/wp-json\/wp\/v2\/pages\/2","targetHints":{"allow":["GET"]}}],"collection":[{"href":"https:\/\/docsites.cgmlife.com\/137162633743\/wp-json\/wp\/v2\/pages"}],"about":[{"href":"https:\/\/docsites.cgmlife.com\/137162633743\/wp-json\/wp\/v2\/types\/page"}],"author":[{"embeddable":true,"href":"https:\/\/docsites.cgmlife.com\/137162633743\/wp-json\/wp\/v2\/users\/162"}],"replies":[{"embeddable":true,"href":"https:\/\/docsites.cgmlife.com\/137162633743\/wp-json\/wp\/v2\/comments?post=2"}],"version-history":[{"count":6,"href":"https:\/\/docsites.cgmlife.com\/137162633743\/wp-json\/wp\/v2\/pages\/2\/revisions"}],"predecessor-version":[{"id":370,"href":"https:\/\/docsites.cgmlife.com\/137162633743\/wp-json\/wp\/v2\/pages\/2\/revisions\/370"}],"wp:attachment":[{"href":"https:\/\/docsites.cgmlife.com\/137162633743\/wp-json\/wp\/v2\/media?parent=2"}],"curies":[{"name":"wp","href":"https:\/\/api.w.org\/{rel}","templated":true}]}}