{"id":2,"date":"2013-02-05T09:30:54","date_gmt":"2013-02-05T07:30:54","guid":{"rendered":"http:\/\/docsites.cgmlife.com\/medistar\/?page_id=2"},"modified":"2023-10-09T09:50:09","modified_gmt":"2023-10-09T07:50:09","slug":"beispiel-seite","status":"publish","type":"page","link":"https:\/\/docsites.cgmlife.com\/137163104743\/","title":{"rendered":"Start"},"content":{"rendered":"\n<p><\/p>\n\n\n\n<h1 class=\"wp-block-heading\">Herzlich Willkommen in unserer virtuellen Praxis.<\/h1>\n\n\n\n<p>Willkommen auf der Internetseite von Carsten Nehl in Otterndorf.<br>Wir w\u00fcnschen Ihnen einen \u00fcbersichtlichen und informativen Aufenthalt. \u00dcber die Hauptmen\u00fc-Punkte k\u00f6nnen Sie Informationen \u00fcber unsere M\u00f6glichkeiten, unsere Praxis, Leistungen\u00a0und nat\u00fcrlich die Lage der Praxis abrufen. Sie k\u00f6nnen auch u. a. einen online-Termin buchen.<\/p>\n\n\n<a href=\"https:\/\/www.doctolib.de\/frauenarzt\/otterndorf\/carsten-nehl?utm_campaign=website-button&amp;utm_source=-website-button&amp;utm_medium=referral&amp;utm_content=option-8&amp;utm_term=\" style=\"position:fixed;top:180px;right:0;text-align:center;background-color:#107ACA;z-index:10000;color:#ffffff;font-size:14px;overflow:hidden;width:100px;border-radius:4px 0 0 4px;text-decoration:none;padding:10px;line-height:1.4\" rel=\"noopener noreferrer\" target=\"_blank\"><span style=\"font-size:14px\">Termin<br> online buchen<\/span><img decoding=\"async\" style=\"height:15px;margin-top:10px;vertical-align:middle;width:auto\" src=\"https:\/\/www.doctolib.de\/external_button\/doctolib-white-transparent.png\" alt=\"Doctolib\"><\/a>\n\n\n\n<p><a style=\"padding-top: 15px; margin-left: auto; margin-right: auto; width: 200px; height: 35px; background-color: #5c5c5c; text-align: center; display: block; color: white;\" href=\"https:\/\/www.doctolib.de\/frauenarzt\/otterndorf\/carsten-nehl\/booking\" target=\"_blank\" rel=\"noopener\">Online-Termin buchen<\/a><\/p>\n","protected":false},"excerpt":{"rendered":"<p>Herzlich Willkommen in unserer virtuellen Praxis. Willkommen auf der Internetseite von Carsten Nehl in Otterndorf.Wir w\u00fcnschen Ihnen einen \u00fcbersichtlichen und informativen Aufenthalt. \u00dcber die Hauptmen\u00fc-Punkte k\u00f6nnen Sie Informationen \u00fcber unsere M\u00f6glichkeiten, unsere Praxis, Leistungen\u00a0und nat\u00fcrlich die Lage der Praxis abrufen. Sie k\u00f6nnen auch u. a. einen online-Termin buchen. Online-Termin buchen<\/p>\n","protected":false},"author":163,"featured_media":0,"parent":0,"menu_order":-1,"comment_status":"closed","ping_status":"closed","template":"","meta":{"footnotes":""},"class_list":["post-2","page","type-page","status-publish","hentry"],"_links":{"self":[{"href":"https:\/\/docsites.cgmlife.com\/137163104743\/wp-json\/wp\/v2\/pages\/2","targetHints":{"allow":["GET"]}}],"collection":[{"href":"https:\/\/docsites.cgmlife.com\/137163104743\/wp-json\/wp\/v2\/pages"}],"about":[{"href":"https:\/\/docsites.cgmlife.com\/137163104743\/wp-json\/wp\/v2\/types\/page"}],"author":[{"embeddable":true,"href":"https:\/\/docsites.cgmlife.com\/137163104743\/wp-json\/wp\/v2\/users\/163"}],"replies":[{"embeddable":true,"href":"https:\/\/docsites.cgmlife.com\/137163104743\/wp-json\/wp\/v2\/comments?post=2"}],"version-history":[{"count":10,"href":"https:\/\/docsites.cgmlife.com\/137163104743\/wp-json\/wp\/v2\/pages\/2\/revisions"}],"predecessor-version":[{"id":240,"href":"https:\/\/docsites.cgmlife.com\/137163104743\/wp-json\/wp\/v2\/pages\/2\/revisions\/240"}],"wp:attachment":[{"href":"https:\/\/docsites.cgmlife.com\/137163104743\/wp-json\/wp\/v2\/media?parent=2"}],"curies":[{"name":"wp","href":"https:\/\/api.w.org\/{rel}","templated":true}]}}