{"id":5,"date":"2013-02-05T11:32:20","date_gmt":"2013-02-05T09:32:20","guid":{"rendered":"http:\/\/docsites.cgmlife.com\/medistar\/?page_id=5"},"modified":"2023-01-11T16:51:52","modified_gmt":"2023-01-11T14:51:52","slug":"online-termin","status":"publish","type":"page","link":"https:\/\/docsites.cgmlife.com\/137163104743\/online-termin\/","title":{"rendered":"Online-Termin"},"content":{"rendered":"<h1>Online-Termin buchen<\/h1>\n<p id=\"docs-internal-guid-db2efb10-d032-4d77-23fa-e6ced68f9ab2\" dir=\"ltr\">&nbsp;Terminvereinbarungen mit Ihrem Arzt k\u00f6nnen Sie ab sofort auch au\u00dferhalb der \u00d6ffnungszeiten unserer Praxis <strong>24h an allen Tagen der Woche<\/strong> einfach und bequem <strong>online reservieren<\/strong>. Profitieren Sie von einer <strong>flexiblen Terminwahl<\/strong> und buchen Sie &#8211; egal ob <strong>Neupatient<\/strong> oder <strong>Bestandspatient<\/strong> &#8211; innerhalb weniger Sekunden Ihren gew\u00fcnschten Behandlungstermin.<\/p>\n<p dir=\"ltr\">Bitte suchen Sie hierzu einfach im Kalender den gew\u00fcnschten Arzt sowie den Termin aus und klicken Sie dann auf die Uhrzeit. Nach der Reservierung erhalten Sie eine <strong>E-Mail bzw. SMS als Best\u00e4tigung f\u00fcr Ihre Terminvereinbarung<\/strong>.<\/p>\n<p dir=\"ltr\"><strong>Ihr Wunschtermin ist im Online-Kalender nicht verf\u00fcgbar?<\/strong><br \/>\nGerne k\u00f6nnen Sie auch weiterhin unser Team am Empfang telefonisch unter&nbsp;<strong>04751-924222<\/strong> kontaktieren, um freie Termine zu erfragen.<\/p>\n<p>&nbsp;<\/p>\n<p><a style=\"padding-top: 15px; margin-left: auto; margin-right: auto; width: 200px; height: 35px; background-color: #5c5c5c; text-align: center; display: block; color: white;\" href=\"https:\/\/www.doctolib.de\/frauenarzt\/otterndorf\/carsten-nehl\/booking\" target=\"_blank\" rel=\"noopener\">Online-Termin buchen<\/a><\/p>\n<p>&nbsp;<\/p>\n","protected":false},"excerpt":{"rendered":"<p>Online-Termin buchen &nbsp;Terminvereinbarungen mit Ihrem Arzt k\u00f6nnen Sie ab sofort auch au\u00dferhalb der \u00d6ffnungszeiten unserer Praxis 24h an allen Tagen der Woche einfach und bequem online reservieren. Profitieren Sie von einer flexiblen Terminwahl und buchen Sie &#8211; egal ob Neupatient oder Bestandspatient &#8211; innerhalb weniger Sekunden Ihren gew\u00fcnschten Behandlungstermin. Bitte suchen Sie hierzu einfach im [&hellip;]<\/p>\n","protected":false},"author":163,"featured_media":0,"parent":0,"menu_order":0,"comment_status":"closed","ping_status":"closed","template":"","meta":{"footnotes":""},"class_list":["post-5","page","type-page","status-publish","hentry"],"_links":{"self":[{"href":"https:\/\/docsites.cgmlife.com\/137163104743\/wp-json\/wp\/v2\/pages\/5","targetHints":{"allow":["GET"]}}],"collection":[{"href":"https:\/\/docsites.cgmlife.com\/137163104743\/wp-json\/wp\/v2\/pages"}],"about":[{"href":"https:\/\/docsites.cgmlife.com\/137163104743\/wp-json\/wp\/v2\/types\/page"}],"author":[{"embeddable":true,"href":"https:\/\/docsites.cgmlife.com\/137163104743\/wp-json\/wp\/v2\/users\/163"}],"replies":[{"embeddable":true,"href":"https:\/\/docsites.cgmlife.com\/137163104743\/wp-json\/wp\/v2\/comments?post=5"}],"version-history":[{"count":47,"href":"https:\/\/docsites.cgmlife.com\/137163104743\/wp-json\/wp\/v2\/pages\/5\/revisions"}],"predecessor-version":[{"id":230,"href":"https:\/\/docsites.cgmlife.com\/137163104743\/wp-json\/wp\/v2\/pages\/5\/revisions\/230"}],"wp:attachment":[{"href":"https:\/\/docsites.cgmlife.com\/137163104743\/wp-json\/wp\/v2\/media?parent=5"}],"curies":[{"name":"wp","href":"https:\/\/api.w.org\/{rel}","templated":true}]}}