{"id":10,"date":"2013-02-05T11:37:41","date_gmt":"2013-02-05T09:37:41","guid":{"rendered":"http:\/\/docsites.cgmlife.com\/medistar\/?page_id=10"},"modified":"2013-06-24T10:40:46","modified_gmt":"2013-06-24T08:40:46","slug":"impressum","status":"publish","type":"page","link":"https:\/\/docsites.cgmlife.com\/1372062011127\/impressum\/","title":{"rendered":"Impressum"},"content":{"rendered":"<div id=\"id4604\">\n<h1>Impressum<\/h1>\n<\/div>\n<div id=\"id14580\">\n<p><strong>Dr.med. Hans Helmut K\u00f6niger<\/p>\n<p><\/strong><\/p>\n<p>Allgemeinmedizinische Praxis<br \/>\n<strong>Inhaber der Homepage<\/strong>\u00a0Dr.med. Hans-Helmut K\u00f6niger<\/p>\n<p><strong><br \/>\nNiederlassungsanschrift<\/strong>\u00a0 Haarenstr.39, 26122 Oldenburg<\/p>\n<p><strong><br \/>\nE-Mail Adresse<\/strong>\u00a0<span style=\"text-decoration: underline;\"><a href=\"mailto:info@praxis-k%C3%B6niger.de\">info@praxis-k\u00f6niger.de<\/a><\/span><br \/>\n<strong>Zust\u00e4ndige \u00c4rztekammer<\/strong>\u00a0\u00c4rztekammer Niedersachsen (<a href=\"http:\/\/www.aekn.de\/\"><span style=\"text-decoration: underline;\">www.aekn.de<\/span><\/a>)<br \/>\n<strong><br \/>\nZust\u00e4ndige Aufsichtsbeh\u00f6rde<\/strong>\u00a0KV Niedersachsen (<a href=\"http:\/\/www.kvn.de\/\"><span style=\"text-decoration: underline;\">www.kvn.de<\/span><\/a>)<br \/>\n<strong>Berufsrechtliche Regelungen:<\/strong>\u00a0Alle \u00c4rzte haben ihre Berufsbezeichnung in der Bundesrepublik Deutschland erworben. Berufsordnung der \u00c4rztekammer Niedersachsen. Heilberufsgesetz des Landes Niedersachsen<br \/>\n<strong>Haftungshinweis<\/strong>\u00a0Auch nach sorgf\u00e4ltiger Kontrolle \u00fcbernehmen wir keine Haftung f\u00fcr die Inhalte verlinkter Webseiten. F\u00fcr den Inhalt dieser Seiten sind\u00a0<strong>nur<\/strong>\u00a0die Betreiber der Webseiten verantwortlich.<\/p>\n<p><strong>Rechtliche Hinweise<br \/>\n<\/strong>Wir respektieren die \u00e4rztliche Berufsordnung, die uns untersagt, Patienten, die uns pers\u00f6nlich nicht bekannt sind, individuell \u00fcber Telefon oder Email zu beraten. Sollten Sie Probleme oder Fragen zu Ihrer Gesundheit haben, kommen Sie bitte in die Sprechstunde.Au\u00dferdem raten wir dringend von einer Eigenbehandlung mit verschreibungspflichtigen Medikamenten ab! Unser Web-Angebot dient nur zu Ihrer Information. Aus Frageb\u00f6gen, Patiententipps und Infos kann keine sichere Diagnose und\/oder m\u00f6gliche Behandlung Ihrer Beschwerden abgeleitet werden! Eine Diagnose und Behandlung kann nur pers\u00f6nlich mit einem Arzt Ihres Vertrauens nach klinischer Untersuchung erfolgreich sein!Unsere Internetseiten enthalten nur seri\u00f6se Informationen, werden st\u00e4ndig aktualisiert und sind frei von Einfluss irgendwelcher Sponsoren. Die Abbildungen zeigen keine Patienten. Unsere Homepage richtet sich an unsere Patienten und andere Interessierte. Auch Kollegen stellen wir hier Informationen zur Verf\u00fcgung. Unsere Homepage enth\u00e4lt keine Werbung und keine Anzeigen.\u00a0<strong>\u3000\u3000<\/strong><\/p>\n<p><strong><br \/>\nUrheberrecht<br \/>\n<\/strong>Die durch den Betreiber dieser Seite erstellten Inhalte und Werke auf diesen Webseiten unterliegen dem deutschen Urheberrecht. S\u00e4mtliche Beitr\u00e4ge Dritter sind als solche gekennzeichnet. Die Vervielf\u00e4ltigung, Bearbeitung, Verbreitung und jede Art der Verwertung au\u00dferhalb der Grenzen des Urheberrechts bed\u00fcrfen der schriftlichen Zustimmung des jeweiligen Autors bzw. Erstellers. Kopien von diesen Seiten sind nur f\u00fcr den privaten Bereich gestattet, nicht jedoch f\u00fcr kommerzielle Zwecke.<br \/>\n<strong><br \/>\nDatenschutz<br \/>\n<\/strong>Per E-Mail oder Bestell-Formular an uns \u00fcbermittelte Daten und\/oder personengebundene Informationen werden nach den Grunds\u00e4tzen der \u00e4rztlichen Schweigepflicht streng vertraulich behandelt. Bitte beachten Sie, dass E-Mails unverschl\u00fcsselt \u00fcbertragen werden.<\/p>\n<div>\n<b>Copyright:<\/b><\/div>\n<div>Copyright Bilder: iStockPhoto<\/div>\n<\/div>\n","protected":false},"excerpt":{"rendered":"<p>Impressum Dr.med. Hans Helmut K\u00f6niger Allgemeinmedizinische Praxis Inhaber der Homepage\u00a0Dr.med. Hans-Helmut K\u00f6niger Niederlassungsanschrift\u00a0 Haarenstr.39, 26122 Oldenburg E-Mail Adresse\u00a0info@praxis-k\u00f6niger.de Zust\u00e4ndige \u00c4rztekammer\u00a0\u00c4rztekammer Niedersachsen (www.aekn.de) Zust\u00e4ndige Aufsichtsbeh\u00f6rde\u00a0KV Niedersachsen (www.kvn.de) Berufsrechtliche Regelungen:\u00a0Alle \u00c4rzte haben ihre Berufsbezeichnung in der Bundesrepublik Deutschland erworben. Berufsordnung der \u00c4rztekammer Niedersachsen. Heilberufsgesetz des Landes Niedersachsen Haftungshinweis\u00a0Auch nach sorgf\u00e4ltiger Kontrolle \u00fcbernehmen wir keine Haftung f\u00fcr die [&hellip;]<\/p>\n","protected":false},"author":29,"featured_media":0,"parent":0,"menu_order":1000,"comment_status":"closed","ping_status":"closed","template":"","meta":{"footnotes":""},"class_list":["post-10","page","type-page","status-publish","hentry"],"_links":{"self":[{"href":"https:\/\/docsites.cgmlife.com\/1372062011127\/wp-json\/wp\/v2\/pages\/10","targetHints":{"allow":["GET"]}}],"collection":[{"href":"https:\/\/docsites.cgmlife.com\/1372062011127\/wp-json\/wp\/v2\/pages"}],"about":[{"href":"https:\/\/docsites.cgmlife.com\/1372062011127\/wp-json\/wp\/v2\/types\/page"}],"author":[{"embeddable":true,"href":"https:\/\/docsites.cgmlife.com\/1372062011127\/wp-json\/wp\/v2\/users\/29"}],"replies":[{"embeddable":true,"href":"https:\/\/docsites.cgmlife.com\/1372062011127\/wp-json\/wp\/v2\/comments?post=10"}],"version-history":[{"count":2,"href":"https:\/\/docsites.cgmlife.com\/1372062011127\/wp-json\/wp\/v2\/pages\/10\/revisions"}],"predecessor-version":[{"id":91,"href":"https:\/\/docsites.cgmlife.com\/1372062011127\/wp-json\/wp\/v2\/pages\/10\/revisions\/91"}],"wp:attachment":[{"href":"https:\/\/docsites.cgmlife.com\/1372062011127\/wp-json\/wp\/v2\/media?parent=10"}],"curies":[{"name":"wp","href":"https:\/\/api.w.org\/{rel}","templated":true}]}}