{"id":2,"date":"2013-02-05T09:30:54","date_gmt":"2013-02-05T07:30:54","guid":{"rendered":"http:\/\/docsites.cgmlife.com\/medistar\/?page_id=2"},"modified":"2023-01-11T17:20:07","modified_gmt":"2023-01-11T15:20:07","slug":"beispiel-seite","status":"publish","type":"page","link":"https:\/\/docsites.cgmlife.com\/1372072129127\/","title":{"rendered":"Start"},"content":{"rendered":"<div id=\"id242\">\n<h1>Herzlich willkommen in unserer Praxis!<\/h1>\n<p>Willkommen auf der Start-Seite\u00a0der Frauenarztpraxis &#8211; Dr. med. Horst W. Schulz\u00a0 &#8211; in Iserlohn.<\/p>\n<p>Wir w\u00fcnschen Ihnen einen informativen Aufenthalt. Wenn Sie etwas vermissen auf unserer Homepage, dann lassen Sie es uns bitte wissen.<\/p>\n<p>\u00dcber die Hauptmen\u00fc-Punkte k\u00f6nnen Sie Informationen \u00fcber unseren Spezialit\u00e4ten, unsere Praxis, das Team, Services und nat\u00fcrlich die Lage der Praxis abrufen.<\/p>\n<p>Sie k\u00f6nnen auch u. a. einen <a href=\"https:\/\/docsites.cgmlife.com\/1372072129127\/online-dienste\/\">online-Termin<\/a> buchen.<\/p>\n<\/div>\n","protected":false},"excerpt":{"rendered":"<p>Herzlich willkommen in unserer Praxis! Willkommen auf der Start-Seite\u00a0der Frauenarztpraxis &#8211; Dr. med. Horst W. Schulz\u00a0 &#8211; in Iserlohn. Wir w\u00fcnschen Ihnen einen informativen Aufenthalt. Wenn Sie etwas vermissen auf unserer Homepage, dann lassen Sie es uns bitte wissen. \u00dcber die Hauptmen\u00fc-Punkte k\u00f6nnen Sie Informationen \u00fcber unseren Spezialit\u00e4ten, unsere Praxis, das Team, Services und nat\u00fcrlich [&hellip;]<\/p>\n","protected":false},"author":177,"featured_media":0,"parent":0,"menu_order":-1,"comment_status":"closed","ping_status":"closed","template":"","meta":{"footnotes":""},"class_list":["post-2","page","type-page","status-publish","hentry"],"_links":{"self":[{"href":"https:\/\/docsites.cgmlife.com\/1372072129127\/wp-json\/wp\/v2\/pages\/2","targetHints":{"allow":["GET"]}}],"collection":[{"href":"https:\/\/docsites.cgmlife.com\/1372072129127\/wp-json\/wp\/v2\/pages"}],"about":[{"href":"https:\/\/docsites.cgmlife.com\/1372072129127\/wp-json\/wp\/v2\/types\/page"}],"author":[{"embeddable":true,"href":"https:\/\/docsites.cgmlife.com\/1372072129127\/wp-json\/wp\/v2\/users\/177"}],"replies":[{"embeddable":true,"href":"https:\/\/docsites.cgmlife.com\/1372072129127\/wp-json\/wp\/v2\/comments?post=2"}],"version-history":[{"count":3,"href":"https:\/\/docsites.cgmlife.com\/1372072129127\/wp-json\/wp\/v2\/pages\/2\/revisions"}],"predecessor-version":[{"id":97,"href":"https:\/\/docsites.cgmlife.com\/1372072129127\/wp-json\/wp\/v2\/pages\/2\/revisions\/97"}],"wp:attachment":[{"href":"https:\/\/docsites.cgmlife.com\/1372072129127\/wp-json\/wp\/v2\/media?parent=2"}],"curies":[{"name":"wp","href":"https:\/\/api.w.org\/{rel}","templated":true}]}}