{"id":10,"date":"2013-02-05T11:37:41","date_gmt":"2013-02-05T09:37:41","guid":{"rendered":"http:\/\/docsites.cgmlife.com\/medistar\/?page_id=10"},"modified":"2014-05-27T11:25:18","modified_gmt":"2014-05-27T09:25:18","slug":"impressum","status":"publish","type":"page","link":"https:\/\/docsites.cgmlife.com\/1372079565127\/impressum\/","title":{"rendered":"Impressum"},"content":{"rendered":"<div id=\"id4605\">\n<h1>Impressum<\/h1>\n<\/div>\n<div id=\"id14641\">Verantwortlich f\u00fcr den Inhalt:<strong>Michael Janka, Allgemeinarzt<br \/>\nMarktstrasse 7<br \/>\n83317 Teisendorf<\/strong><\/p>\n<p>Telefon 0 86 66\/5 36<br \/>\nTelefax 0 86 66\/76 79<\/p>\n<p>Internet: www.praxis-janka.de<br \/>\nemail: info@praxis-janka.de<br \/>\n<strong><br \/>\nOffizielle Firmenbezeichung:<br \/>\n<\/strong>Hausarztpraxis Michael Janka<\/p>\n<p><strong>Gesetzliche Berufsbezeichnung:<br \/>\n<\/strong>Arzt f\u00fcr Allgemeinmedizin<\/p>\n<p><strong>Staat, der die Berufsbezeichnung verliehen hat:<br \/>\n<\/strong>Bundesrepuplik Deutschland<\/p>\n<p><strong>Zust\u00e4ndige \u00c4rztekammer:<br \/>\n<\/strong>Bayerische Landes\u00e4rztekammer<br \/>\nM\u00fchlbaurstr. 16<br \/>\n81677 M\u00fcnchen<br \/>\nTelefon 0 89\/41 47 &#8211; 0<br \/>\nFax 0 89\/41 47 &#8211; 280<br \/>\nInternet: www.blaek.de<br \/>\nemail: info@blaek.de<\/p>\n<p><strong>Kassen\u00e4rztliche Vereinigung:<br \/>\n<\/strong>Kassen\u00e4rztliche Vereinigung Bayerns<br \/>\nK\u00f6rperschaft des \u00f6ffentlichen Rechts<br \/>\nPostanschrift:<br \/>\n80684 M\u00fcnchen<br \/>\nHausanschrift:<br \/>\nElsenheimer Str. 39<br \/>\n80687 M\u00fcnchen<br \/>\nTelefon: 0 89\/5 70 93 &#8211; 0<br \/>\nTelefax: 0 89\/5 70 93 21 05<br \/>\nInternet: www.kvb.de<br \/>\nemail: info@kvb.de<\/p>\n<p><strong>Berufsrechtliche Regelungen:<br \/>\n<\/strong>Die berufsrechtlichen Regelungen k\u00f6nnen \u00fcber die Verlinkungen bei der Bayerischen Landes\u00e4rztekammer unter www.blaek.de abgerufen werden.<\/p>\n<p><strong>Haftungsausschlu\u00df<br \/>\n<\/strong>Diese Seite wurde nach bestem Wissen und mit allergr\u00f6\u00dfter Sorgfalt erstellt. Trotzdem kann keine Haftung f\u00fcr die Aktualit\u00e4t, Korrektheit, Qualit\u00e4t und Vollst\u00e4ndigkeit \u00fcbernommen werden. Bitte beachten Sie, dass die angebotenen Hyperlinks in der Regel aus unserem Angebot herausf\u00fchren. Trotz sorgf\u00e4ltiger Pr\u00fcfung k\u00f6nnen wir keine Haftung f\u00fcr die verlinkten Inhalte \u00fcbernehmen. F\u00fcr den Inhalt der verlinkten Seiten sind ausschlie\u00dflich deren Betreiber verantwortlich.<\/p>\n<p><strong>Datenschutzhinweise<br \/>\n<\/strong>Falls Sie uns Ihre pers\u00f6nlichen Daten (z. B. \u00fcber ein Formular oder eine email) \u00fcbermitteln, werden diese ausschlie\u00dflich f\u00fcr die direkte Kommunikation mit Ihnen verwendet. Eine Weitergabe an Dritte erfolgt keinesfalls.<br \/>\nSie haben jederzeit ein Recht auf die L\u00f6schung Ihrer pers\u00f6nlichen Daten, soweit nicht eine gesetzliche Aufbewahrungspflicht besteht. Falls Sie die L\u00f6schung Ihrer Daten w\u00fcnschen, teilen Sie uns dies bitte formlos mit.<\/p>\n<p><strong>Rechtliche Hinweise<br \/>\n<\/strong>Texte und Inhalte dieses Werbeauftritts sind urheberrechtlich gech\u00fctzt. Die Vervielf\u00e4ltigung und\/oder gewerbliche Nutzung der bereitgehaltenen Inhalte bedarf der vorherigen schriftlichen Zustimmung des Rechteinhabers.<\/p>\n<div><b>Copyright:<\/b><\/div>\n<div>Copyright Bilder: iStockPhoto<\/div>\n<\/div>\n","protected":false},"excerpt":{"rendered":"<p>Impressum Verantwortlich f\u00fcr den Inhalt:Michael Janka, Allgemeinarzt Marktstrasse 7 83317 Teisendorf Telefon 0 86 66\/5 36 Telefax 0 86 66\/76 79 Internet: www.praxis-janka.de email: info@praxis-janka.de Offizielle Firmenbezeichung: Hausarztpraxis Michael Janka Gesetzliche Berufsbezeichnung: Arzt f\u00fcr Allgemeinmedizin Staat, der die Berufsbezeichnung verliehen hat: Bundesrepuplik Deutschland Zust\u00e4ndige \u00c4rztekammer: Bayerische Landes\u00e4rztekammer M\u00fchlbaurstr. 16 81677 M\u00fcnchen Telefon 0 89\/41 47 [&hellip;]<\/p>\n","protected":false},"author":185,"featured_media":0,"parent":0,"menu_order":1000,"comment_status":"closed","ping_status":"closed","template":"","meta":{"footnotes":""},"class_list":["post-10","page","type-page","status-publish","hentry"],"_links":{"self":[{"href":"https:\/\/docsites.cgmlife.com\/1372079565127\/wp-json\/wp\/v2\/pages\/10","targetHints":{"allow":["GET"]}}],"collection":[{"href":"https:\/\/docsites.cgmlife.com\/1372079565127\/wp-json\/wp\/v2\/pages"}],"about":[{"href":"https:\/\/docsites.cgmlife.com\/1372079565127\/wp-json\/wp\/v2\/types\/page"}],"author":[{"embeddable":true,"href":"https:\/\/docsites.cgmlife.com\/1372079565127\/wp-json\/wp\/v2\/users\/185"}],"replies":[{"embeddable":true,"href":"https:\/\/docsites.cgmlife.com\/1372079565127\/wp-json\/wp\/v2\/comments?post=10"}],"version-history":[{"count":3,"href":"https:\/\/docsites.cgmlife.com\/1372079565127\/wp-json\/wp\/v2\/pages\/10\/revisions"}],"predecessor-version":[{"id":343,"href":"https:\/\/docsites.cgmlife.com\/1372079565127\/wp-json\/wp\/v2\/pages\/10\/revisions\/343"}],"wp:attachment":[{"href":"https:\/\/docsites.cgmlife.com\/1372079565127\/wp-json\/wp\/v2\/media?parent=10"}],"curies":[{"name":"wp","href":"https:\/\/api.w.org\/{rel}","templated":true}]}}