{"id":355,"date":"2019-09-30T09:47:45","date_gmt":"2019-09-30T07:47:45","guid":{"rendered":"http:\/\/docsites.cgmlife.com\/1372079565127\/?page_id=355"},"modified":"2023-09-12T11:46:59","modified_gmt":"2023-09-12T09:46:59","slug":"notfall-und-notdienst","status":"publish","type":"page","link":"https:\/\/docsites.cgmlife.com\/1372079565127\/notfall-und-notdienst\/","title":{"rendered":"Notfall und Notdienst"},"content":{"rendered":"\n<h2 class=\"wp-block-heading has-luminous-vivid-amber-background-color has-background\">Notfall<\/h2>\n\n\n\n<p>In <mark style=\"background-color:rgba(0, 0, 0, 0)\" class=\"has-inline-color has-vivid-red-color\">lebensbedrohlichen <\/mark>Situationen rufen Sie umgehend die Rettungsleitstelle unter der Nr. <mark style=\"background-color:rgba(0, 0, 0, 0)\" class=\"has-inline-color has-vivid-red-color\">112<\/mark>!<\/p>\n\n\n\n<h2 class=\"wp-block-heading has-luminous-vivid-amber-background-color has-background\"><strong>\u00c4rztlicher Bereitschaftsdienst:<\/strong><\/h2>\n\n\n\n<p>In der Nacht, am Mittwoch und Freitag ab 13 Uhr, an Feiertagen und am Wochenende ist der \u00c4rztliche Bereitschaftsdienst unter der Nr. <mark style=\"background-color:rgba(0, 0, 0, 0)\" class=\"has-inline-color has-vivid-red-color\">116 117<\/mark> f\u00fcr Sie erreichbar.<\/p>\n\n\n\n<p>Die Bereitschafts\u00e4rzte stehen entweder in einer der Bereitschaftsdienstpraxen in Bad Reichenhall, Fridolfing oder Traunstein oder als Fahrdienst f\u00fcr einen Hausbesuch zur Verf\u00fcgung.<\/p>\n","protected":false},"excerpt":{"rendered":"<p>Notfall In lebensbedrohlichen Situationen rufen Sie umgehend die Rettungsleitstelle unter der Nr. 112! \u00c4rztlicher Bereitschaftsdienst: In der Nacht, am Mittwoch und Freitag ab 13 Uhr, an Feiertagen und am Wochenende ist der \u00c4rztliche Bereitschaftsdienst unter der Nr. 116 117 f\u00fcr Sie erreichbar. Die Bereitschafts\u00e4rzte stehen entweder in einer der Bereitschaftsdienstpraxen in Bad Reichenhall, Fridolfing oder [&hellip;]<\/p>\n","protected":false},"author":185,"featured_media":0,"parent":0,"menu_order":0,"comment_status":"closed","ping_status":"closed","template":"","meta":{"footnotes":""},"class_list":["post-355","page","type-page","status-publish","hentry"],"_links":{"self":[{"href":"https:\/\/docsites.cgmlife.com\/1372079565127\/wp-json\/wp\/v2\/pages\/355","targetHints":{"allow":["GET"]}}],"collection":[{"href":"https:\/\/docsites.cgmlife.com\/1372079565127\/wp-json\/wp\/v2\/pages"}],"about":[{"href":"https:\/\/docsites.cgmlife.com\/1372079565127\/wp-json\/wp\/v2\/types\/page"}],"author":[{"embeddable":true,"href":"https:\/\/docsites.cgmlife.com\/1372079565127\/wp-json\/wp\/v2\/users\/185"}],"replies":[{"embeddable":true,"href":"https:\/\/docsites.cgmlife.com\/1372079565127\/wp-json\/wp\/v2\/comments?post=355"}],"version-history":[{"count":5,"href":"https:\/\/docsites.cgmlife.com\/1372079565127\/wp-json\/wp\/v2\/pages\/355\/revisions"}],"predecessor-version":[{"id":593,"href":"https:\/\/docsites.cgmlife.com\/1372079565127\/wp-json\/wp\/v2\/pages\/355\/revisions\/593"}],"wp:attachment":[{"href":"https:\/\/docsites.cgmlife.com\/1372079565127\/wp-json\/wp\/v2\/media?parent=355"}],"curies":[{"name":"wp","href":"https:\/\/api.w.org\/{rel}","templated":true}]}}