{"id":90,"date":"2013-06-24T15:27:37","date_gmt":"2013-06-24T13:27:37","guid":{"rendered":"http:\/\/docsites.cgmlife.com\/1372079565127\/?page_id=90"},"modified":"2025-07-23T10:28:10","modified_gmt":"2025-07-23T08:28:10","slug":"kontakt","status":"publish","type":"page","link":"https:\/\/docsites.cgmlife.com\/1372079565127\/kontakt\/","title":{"rendered":"Kontakt"},"content":{"rendered":"\n<h1 class=\"wp-block-heading\">Kontakt<\/h1>\n\n\n\n<p>Arztpraxis<br>Michael Janka<br>Marktstrasse 7, 83317 Teisendorf (Anfahrt \u00fcber Poststrasse)<\/p>\n\n\n\n<p>Tel.: <a href=\"tel:+498666536\">0 86 66\/5 36<\/a><br>Fax.: 0 86 66\/76 79<br>email:\u00a0<a href=\"mailto:info@praxis-janka.de\">info@praxis-janka.de<\/a><br>homepage:\u00a0<a href=\"http:\/\/www.praxis-janka.de\/\">www.praxis-janka.de<\/a><\/p>\n\n\n\n<p>Zu unseren Sprechzeiten erreichen Sie uns \u00fcber die Praxistelefonnummer.<\/p>\n\n\n\n<p><strong><mark class=\"has-inline-color has-luminous-vivid-orange-color\">Bitte kontaktieren Sie uns f\u00fcr Rezepte, \u00dcberweisungen, Anfragen oder Labortermine grunds\u00e4tzlich \u00fcber die Praxistelefonnummer 536!<\/mark><\/strong><\/p>\n\n\n\n<p>In Notf\u00e4llen w\u00e4hrend der Sprechzeiten sind wir \u00fcber die Praxis erreichbar, au\u00dferhalb der Sprechzeiten erreichen Sie uns in dringenden F\u00e4llen unter der 01 60\/4 80 85 30.<\/p>\n","protected":false},"excerpt":{"rendered":"<p>Kontakt ArztpraxisMichael JankaMarktstrasse 7, 83317 Teisendorf (Anfahrt \u00fcber Poststrasse) Tel.: 0 86 66\/5 36Fax.: 0 86 66\/76 79email:\u00a0info@praxis-janka.dehomepage:\u00a0www.praxis-janka.de Zu unseren Sprechzeiten erreichen Sie uns \u00fcber die Praxistelefonnummer. Bitte kontaktieren Sie uns f\u00fcr Rezepte, \u00dcberweisungen, Anfragen oder Labortermine grunds\u00e4tzlich \u00fcber die Praxistelefonnummer 536! In Notf\u00e4llen w\u00e4hrend der Sprechzeiten sind wir \u00fcber die Praxis erreichbar, au\u00dferhalb der [&hellip;]<\/p>\n","protected":false},"author":127,"featured_media":0,"parent":0,"menu_order":1,"comment_status":"closed","ping_status":"closed","template":"","meta":{"footnotes":""},"class_list":["post-90","page","type-page","status-publish","hentry"],"_links":{"self":[{"href":"https:\/\/docsites.cgmlife.com\/1372079565127\/wp-json\/wp\/v2\/pages\/90","targetHints":{"allow":["GET"]}}],"collection":[{"href":"https:\/\/docsites.cgmlife.com\/1372079565127\/wp-json\/wp\/v2\/pages"}],"about":[{"href":"https:\/\/docsites.cgmlife.com\/1372079565127\/wp-json\/wp\/v2\/types\/page"}],"author":[{"embeddable":true,"href":"https:\/\/docsites.cgmlife.com\/1372079565127\/wp-json\/wp\/v2\/users\/127"}],"replies":[{"embeddable":true,"href":"https:\/\/docsites.cgmlife.com\/1372079565127\/wp-json\/wp\/v2\/comments?post=90"}],"version-history":[{"count":14,"href":"https:\/\/docsites.cgmlife.com\/1372079565127\/wp-json\/wp\/v2\/pages\/90\/revisions"}],"predecessor-version":[{"id":663,"href":"https:\/\/docsites.cgmlife.com\/1372079565127\/wp-json\/wp\/v2\/pages\/90\/revisions\/663"}],"wp:attachment":[{"href":"https:\/\/docsites.cgmlife.com\/1372079565127\/wp-json\/wp\/v2\/media?parent=90"}],"curies":[{"name":"wp","href":"https:\/\/api.w.org\/{rel}","templated":true}]}}