{"id":10,"date":"2013-02-05T11:37:41","date_gmt":"2013-02-05T09:37:41","guid":{"rendered":"http:\/\/docsites.cgmlife.com\/medistar\/?page_id=10"},"modified":"2025-08-05T19:01:45","modified_gmt":"2025-08-05T17:01:45","slug":"impressum","status":"publish","type":"page","link":"https:\/\/docsites.cgmlife.com\/1372083965127\/impressum\/","title":{"rendered":"Impressum"},"content":{"rendered":"\n<div class=\"wp-block-columns is-layout-flex wp-container-core-columns-is-layout-9d6595d7 wp-block-columns-is-layout-flex\">\n<div class=\"wp-block-column is-layout-flow wp-block-column-is-layout-flow\" style=\"flex-basis:100%\">\n<div class=\"wp-block-columns is-layout-flex wp-container-core-columns-is-layout-9d6595d7 wp-block-columns-is-layout-flex\">\n<div class=\"wp-block-column is-layout-flow wp-block-column-is-layout-flow\" style=\"flex-basis:100%\">\n<div id=\"id4604\">\n<h1>Impressum<\/h1>\n<\/div>\n\n\n\n<div id=\"id14580\">\n<div><strong>Haus\u00e4rztliche Gemeinschaftspraxis Am Burggraben<\/strong><\/div>\n<div><strong>Dirk Wehrbein, Dr. Lars Kl\u00e4ning, Maren Fischer<br>\n<\/strong><\/div>\n<div>Fach\u00e4rzte f\u00fcr Allgemeinmedizin<p><\/p>\n<h2>Adresse:<\/h2>\n<p>Am Burggraben 12<br>\n49448 Lemf\u00f6rde<\/p>\n<h2>Erreichbarkeit:<\/h2>\n<p>Burggrabenpraxis@t-online.de<br>\nTel. 05443-8877<br>\nFax 05443-2800<\/p>\n<p>Gesch\u00e4ftsf\u00fchrer und vertretungsberechtigt:<\/p>\n<p><strong><\/strong><strong>Dirk Wehrbein\/Dr. med. Lars Kl\u00e4ning\/Maren Fischer<br>\n<\/strong><br>\ngesetzl. Berufs-<br>\nbezeichnung:&nbsp;&nbsp;&nbsp;&nbsp;&nbsp;&nbsp;&nbsp;&nbsp;&nbsp;&nbsp;&nbsp;&nbsp; Arzt<\/p>\n<p>Approbation:&nbsp;&nbsp;&nbsp;&nbsp;&nbsp;&nbsp;&nbsp;&nbsp;&nbsp;&nbsp;&nbsp;&nbsp;&nbsp; Niedersachsen, Deutschland<\/p>\n<p>zust\u00e4ndige&nbsp;&nbsp;&nbsp;&nbsp;&nbsp;&nbsp;&nbsp;&nbsp;&nbsp;&nbsp;&nbsp;&nbsp;&nbsp;&nbsp;&nbsp;&nbsp; \u00c4rztekammer Niedersachsen (berufsrechtliche Aufsichtsbeh\u00f6rde)<br>\n\u00c4rztekammer:&nbsp;&nbsp;&nbsp;&nbsp;&nbsp;&nbsp;&nbsp;&nbsp;&nbsp;&nbsp;&nbsp;&nbsp;<em>www.aekn.de<\/em><\/p>\n<p>zust\u00e4ndige&nbsp;&nbsp;&nbsp;&nbsp;&nbsp;&nbsp;&nbsp;&nbsp;&nbsp;&nbsp;&nbsp;&nbsp;&nbsp;&nbsp;&nbsp;&nbsp; KV Niedersachsen (kassen\u00e4rztliche Aufsichtsbeh\u00f6rde)<br>\nkassen\u00e4rztliche&nbsp;&nbsp;&nbsp;&nbsp;&nbsp;&nbsp;&nbsp;&nbsp; Bezirksstelle Verden<br>\nVereinigung:<\/p>\n<p>berufsrechtliche&nbsp;&nbsp;&nbsp;&nbsp;&nbsp;&nbsp;&nbsp;&nbsp; Berufsordnung f\u00fcr \u00c4rzte,<br>\nRegelung:&nbsp;&nbsp;&nbsp;&nbsp;&nbsp;&nbsp;&nbsp;&nbsp;&nbsp;&nbsp;&nbsp;&nbsp;&nbsp;&nbsp;&nbsp;&nbsp;&nbsp;&nbsp; zug\u00e4nglich \u00fcber&nbsp;<em>www.aekn.de<\/em><\/p>\n<p><strong><span style=\"font-size: medium\">Datenschutz-Erkl\u00e4rung:<\/span><\/strong><\/p>\n<p>www.cgm.com\/de\/datenschutz_de\/Datenschutzerklaerung.de.jsp<\/p>\n<div><b>Copyright:<\/b><p><\/p>\n<table cellspacing=\"0\" cellpadding=\"0\">\n<tbody>\n<tr>\n<td>Copyright Bilder:<\/td>\n<td>&nbsp; iStockPhoto<\/td>\n<\/tr>\n<\/tbody>\n<\/table>\n<\/div>\n<\/div>\n<\/div>\n<\/div>\n<\/div>\n\n\n\n<p><\/p>\n<\/div>\n<\/div>\n","protected":false},"excerpt":{"rendered":"<p>Impressum Haus\u00e4rztliche Gemeinschaftspraxis Am Burggraben Dirk Wehrbein, Dr. Lars Kl\u00e4ning, Maren Fischer Fach\u00e4rzte f\u00fcr Allgemeinmedizin Adresse: Am Burggraben 12 49448 Lemf\u00f6rde Erreichbarkeit: Burggrabenpraxis@t-online.de Tel. 05443-8877 Fax 05443-2800 Gesch\u00e4ftsf\u00fchrer und vertretungsberechtigt: Dirk Wehrbein\/Dr. med. Lars Kl\u00e4ning\/Maren Fischer gesetzl. Berufs- bezeichnung:&nbsp;&nbsp;&nbsp;&nbsp;&nbsp;&nbsp;&nbsp;&nbsp;&nbsp;&nbsp;&nbsp;&nbsp; Arzt Approbation:&nbsp;&nbsp;&nbsp;&nbsp;&nbsp;&nbsp;&nbsp;&nbsp;&nbsp;&nbsp;&nbsp;&nbsp;&nbsp; Niedersachsen, Deutschland zust\u00e4ndige&nbsp;&nbsp;&nbsp;&nbsp;&nbsp;&nbsp;&nbsp;&nbsp;&nbsp;&nbsp;&nbsp;&nbsp;&nbsp;&nbsp;&nbsp;&nbsp; \u00c4rztekammer Niedersachsen (berufsrechtliche Aufsichtsbeh\u00f6rde) \u00c4rztekammer:&nbsp;&nbsp;&nbsp;&nbsp;&nbsp;&nbsp;&nbsp;&nbsp;&nbsp;&nbsp;&nbsp;&nbsp;www.aekn.de zust\u00e4ndige&nbsp;&nbsp;&nbsp;&nbsp;&nbsp;&nbsp;&nbsp;&nbsp;&nbsp;&nbsp;&nbsp;&nbsp;&nbsp;&nbsp;&nbsp;&nbsp; KV Niedersachsen (kassen\u00e4rztliche Aufsichtsbeh\u00f6rde) kassen\u00e4rztliche&nbsp;&nbsp;&nbsp;&nbsp;&nbsp;&nbsp;&nbsp;&nbsp; [&hellip;]<\/p>\n","protected":false},"author":193,"featured_media":0,"parent":0,"menu_order":1000,"comment_status":"closed","ping_status":"closed","template":"","meta":{"footnotes":""},"class_list":["post-10","page","type-page","status-publish","hentry"],"_links":{"self":[{"href":"https:\/\/docsites.cgmlife.com\/1372083965127\/wp-json\/wp\/v2\/pages\/10","targetHints":{"allow":["GET"]}}],"collection":[{"href":"https:\/\/docsites.cgmlife.com\/1372083965127\/wp-json\/wp\/v2\/pages"}],"about":[{"href":"https:\/\/docsites.cgmlife.com\/1372083965127\/wp-json\/wp\/v2\/types\/page"}],"author":[{"embeddable":true,"href":"https:\/\/docsites.cgmlife.com\/1372083965127\/wp-json\/wp\/v2\/users\/193"}],"replies":[{"embeddable":true,"href":"https:\/\/docsites.cgmlife.com\/1372083965127\/wp-json\/wp\/v2\/comments?post=10"}],"version-history":[{"count":9,"href":"https:\/\/docsites.cgmlife.com\/1372083965127\/wp-json\/wp\/v2\/pages\/10\/revisions"}],"predecessor-version":[{"id":119,"href":"https:\/\/docsites.cgmlife.com\/1372083965127\/wp-json\/wp\/v2\/pages\/10\/revisions\/119"}],"wp:attachment":[{"href":"https:\/\/docsites.cgmlife.com\/1372083965127\/wp-json\/wp\/v2\/media?parent=10"}],"curies":[{"name":"wp","href":"https:\/\/api.w.org\/{rel}","templated":true}]}}