{"id":2,"date":"2013-02-05T09:30:54","date_gmt":"2013-02-05T07:30:54","guid":{"rendered":"http:\/\/docsites.cgmlife.com\/medistar\/?page_id=2"},"modified":"2023-01-11T17:24:30","modified_gmt":"2023-01-11T15:24:30","slug":"beispiel-seite","status":"publish","type":"page","link":"https:\/\/docsites.cgmlife.com\/1372083965127\/","title":{"rendered":"Start"},"content":{"rendered":"<div id=\"id242\">\n<div id=\"id242\">\n<h1>Herzlich Willkommen in unserer virtuellen Praxis.<\/h1>\n<\/div>\n<div id=\"id1661\">\n<div>\n<p>Willkommen auf der Internetseite unserer Praxis &#8211; Dr. Axel Hespe, Dirk Wehrbein, Dr. Lars Kl\u00e4ning, Dr. Silja Weinreich-Hambach in Lemf\u00f6rde.<\/p>\n<p>\u00dcber die Hauptmen\u00fc-Punkte k\u00f6nnen Sie Informationen \u00fcber unsere M\u00f6glichkeiten, unsere Praxis, das Team, Services und nat\u00fcrlich die Lage der Praxis abrufen.<\/p>\n<p>Sie haben auch die M\u00f6glichkeit, Ihre Rezepte online zu bestellen. Klicken sie hierf\u00fcr links auf den Hauptmen\u00fcpunkt &#8222;<a href=\"https:\/\/docsites.cgmlife.com\/1372083965127\/praxis\/online-dienste\/\">Rezeptbestellung<\/a>&#8222;.<\/p>\n<\/div>\n<\/div>\n<\/div>\n","protected":false},"excerpt":{"rendered":"<p>Herzlich Willkommen in unserer virtuellen Praxis. Willkommen auf der Internetseite unserer Praxis &#8211; Dr. Axel Hespe, Dirk Wehrbein, Dr. Lars Kl\u00e4ning, Dr. Silja Weinreich-Hambach in Lemf\u00f6rde. \u00dcber die Hauptmen\u00fc-Punkte k\u00f6nnen Sie Informationen \u00fcber unsere M\u00f6glichkeiten, unsere Praxis, das Team, Services und nat\u00fcrlich die Lage der Praxis abrufen. Sie haben auch die M\u00f6glichkeit, Ihre Rezepte online [&hellip;]<\/p>\n","protected":false},"author":193,"featured_media":0,"parent":0,"menu_order":-1,"comment_status":"closed","ping_status":"closed","template":"","meta":{"footnotes":""},"class_list":["post-2","page","type-page","status-publish","hentry"],"_links":{"self":[{"href":"https:\/\/docsites.cgmlife.com\/1372083965127\/wp-json\/wp\/v2\/pages\/2","targetHints":{"allow":["GET"]}}],"collection":[{"href":"https:\/\/docsites.cgmlife.com\/1372083965127\/wp-json\/wp\/v2\/pages"}],"about":[{"href":"https:\/\/docsites.cgmlife.com\/1372083965127\/wp-json\/wp\/v2\/types\/page"}],"author":[{"embeddable":true,"href":"https:\/\/docsites.cgmlife.com\/1372083965127\/wp-json\/wp\/v2\/users\/193"}],"replies":[{"embeddable":true,"href":"https:\/\/docsites.cgmlife.com\/1372083965127\/wp-json\/wp\/v2\/comments?post=2"}],"version-history":[{"count":3,"href":"https:\/\/docsites.cgmlife.com\/1372083965127\/wp-json\/wp\/v2\/pages\/2\/revisions"}],"predecessor-version":[{"id":116,"href":"https:\/\/docsites.cgmlife.com\/1372083965127\/wp-json\/wp\/v2\/pages\/2\/revisions\/116"}],"wp:attachment":[{"href":"https:\/\/docsites.cgmlife.com\/1372083965127\/wp-json\/wp\/v2\/media?parent=2"}],"curies":[{"name":"wp","href":"https:\/\/api.w.org\/{rel}","templated":true}]}}