{"id":6,"date":"2013-02-05T11:33:02","date_gmt":"2013-02-05T09:33:02","guid":{"rendered":"http:\/\/docsites.cgmlife.com\/medistar\/?page_id=6"},"modified":"2018-05-27T20:47:03","modified_gmt":"2018-05-27T18:47:03","slug":"praxis","status":"publish","type":"page","link":"https:\/\/docsites.cgmlife.com\/1372083965127\/praxis\/","title":{"rendered":"Praxis"},"content":{"rendered":"<div id=\"id841\">\n<div id=\"id841\">\n<h1><span style=\"font-size: xx-large\">Gemeinschaftspraxis Am Burggraben<\/span><\/h1>\n<p><span style=\"font-size: medium\">Dr. Axel Hespe\u00a0\u00a0 Dirk Wehrbein\u00a0\u00a0 Dr. Lars Kl\u00e4ning\u00a0\u00a0 Dr. Silja Weinreich-Hambach<\/span><\/p>\n<\/div>\n<div id=\"id47745\">\n<div>\n<p><span style=\"font-size: medium\">Wir sind t\u00e4glich f\u00fcr Sie erreichbar von 7.30 Uhr &#8211; 18.00 Uhr. <\/span><\/p>\n<p><span style=\"font-size: medium\">Bitte nutzen Sie die M\u00f6glichkeit, unter der Telefonnummer 05443\/8877 einen Termin zu vereinbaren.<\/span><\/p>\n<p><span style=\"font-size: medium\">Den kassen\u00e4rztlichen Notdienst erreichen Sie unter <strong>116117.<\/strong><\/span><\/p>\n<p><span style=\"font-size: medium\">In lebensbedrohlichen Notf\u00e4llen w\u00e4hlen Sie <strong>112.<\/strong><\/span><\/p>\n<\/div>\n<\/div>\n<\/div>\n","protected":false},"excerpt":{"rendered":"<p>Gemeinschaftspraxis Am Burggraben Dr. Axel Hespe\u00a0\u00a0 Dirk Wehrbein\u00a0\u00a0 Dr. Lars Kl\u00e4ning\u00a0\u00a0 Dr. Silja Weinreich-Hambach Wir sind t\u00e4glich f\u00fcr Sie erreichbar von 7.30 Uhr &#8211; 18.00 Uhr. Bitte nutzen Sie die M\u00f6glichkeit, unter der Telefonnummer 05443\/8877 einen Termin zu vereinbaren. Den kassen\u00e4rztlichen Notdienst erreichen Sie unter 116117. In lebensbedrohlichen Notf\u00e4llen w\u00e4hlen Sie 112.<\/p>\n","protected":false},"author":193,"featured_media":0,"parent":0,"menu_order":0,"comment_status":"closed","ping_status":"closed","template":"","meta":{"footnotes":""},"class_list":["post-6","page","type-page","status-publish","hentry"],"_links":{"self":[{"href":"https:\/\/docsites.cgmlife.com\/1372083965127\/wp-json\/wp\/v2\/pages\/6","targetHints":{"allow":["GET"]}}],"collection":[{"href":"https:\/\/docsites.cgmlife.com\/1372083965127\/wp-json\/wp\/v2\/pages"}],"about":[{"href":"https:\/\/docsites.cgmlife.com\/1372083965127\/wp-json\/wp\/v2\/types\/page"}],"author":[{"embeddable":true,"href":"https:\/\/docsites.cgmlife.com\/1372083965127\/wp-json\/wp\/v2\/users\/193"}],"replies":[{"embeddable":true,"href":"https:\/\/docsites.cgmlife.com\/1372083965127\/wp-json\/wp\/v2\/comments?post=6"}],"version-history":[{"count":3,"href":"https:\/\/docsites.cgmlife.com\/1372083965127\/wp-json\/wp\/v2\/pages\/6\/revisions"}],"predecessor-version":[{"id":106,"href":"https:\/\/docsites.cgmlife.com\/1372083965127\/wp-json\/wp\/v2\/pages\/6\/revisions\/106"}],"wp:attachment":[{"href":"https:\/\/docsites.cgmlife.com\/1372083965127\/wp-json\/wp\/v2\/media?parent=6"}],"curies":[{"name":"wp","href":"https:\/\/api.w.org\/{rel}","templated":true}]}}