{"id":2,"date":"2013-02-05T09:30:54","date_gmt":"2013-02-05T07:30:54","guid":{"rendered":"http:\/\/docsites.cgmlife.com\/medistar\/?page_id=2"},"modified":"2025-02-18T10:08:57","modified_gmt":"2025-02-18T08:08:57","slug":"beispiel-seite","status":"publish","type":"page","link":"https:\/\/docsites.cgmlife.com\/1372678440127\/","title":{"rendered":"Start"},"content":{"rendered":"\n<h1 class=\"wp-block-heading\">Herzlich Willkommen in unserer virtuellen Praxis.<\/h1>\n\n\n\n<p id=\"id1661\">Willkommen auf der Internetseite von Dr. med.&nbsp;Anne Golde in Dresden. Wir w\u00fcnschen Ihnen einen \u00fcbersichtlichen und informativen Aufenthalt.<\/p>\n\n\n\n<p>\u00dcber die Hauptmen\u00fc-Punkte k\u00f6nnen Sie Informationen \u00fcber unsere M\u00f6glichkeiten, unsere Praxis, das Team, Services und nat\u00fcrlich die Lage der Praxis abrufen.<\/p>\n\n\n\n<p>Sie k\u00f6nnen auch u. a. einen <a href=\"https:\/\/docsites.cgmlife.com\/1372678440127\/online-dienste\/\" data-type=\"page\" data-id=\"5\">online-Termin<\/a> buchen.<\/p>\n","protected":false},"excerpt":{"rendered":"<p>Herzlich Willkommen in unserer virtuellen Praxis. Willkommen auf der Internetseite von Dr. med.&nbsp;Anne Golde in Dresden. Wir w\u00fcnschen Ihnen einen \u00fcbersichtlichen und informativen Aufenthalt. \u00dcber die Hauptmen\u00fc-Punkte k\u00f6nnen Sie Informationen \u00fcber unsere M\u00f6glichkeiten, unsere Praxis, das Team, Services und nat\u00fcrlich die Lage der Praxis abrufen. Sie k\u00f6nnen auch u. a. einen online-Termin buchen.<\/p>\n","protected":false},"author":214,"featured_media":0,"parent":0,"menu_order":-1,"comment_status":"closed","ping_status":"closed","template":"","meta":{"footnotes":""},"class_list":["post-2","page","type-page","status-publish","hentry"],"_links":{"self":[{"href":"https:\/\/docsites.cgmlife.com\/1372678440127\/wp-json\/wp\/v2\/pages\/2","targetHints":{"allow":["GET"]}}],"collection":[{"href":"https:\/\/docsites.cgmlife.com\/1372678440127\/wp-json\/wp\/v2\/pages"}],"about":[{"href":"https:\/\/docsites.cgmlife.com\/1372678440127\/wp-json\/wp\/v2\/types\/page"}],"author":[{"embeddable":true,"href":"https:\/\/docsites.cgmlife.com\/1372678440127\/wp-json\/wp\/v2\/users\/214"}],"replies":[{"embeddable":true,"href":"https:\/\/docsites.cgmlife.com\/1372678440127\/wp-json\/wp\/v2\/comments?post=2"}],"version-history":[{"count":4,"href":"https:\/\/docsites.cgmlife.com\/1372678440127\/wp-json\/wp\/v2\/pages\/2\/revisions"}],"predecessor-version":[{"id":99,"href":"https:\/\/docsites.cgmlife.com\/1372678440127\/wp-json\/wp\/v2\/pages\/2\/revisions\/99"}],"wp:attachment":[{"href":"https:\/\/docsites.cgmlife.com\/1372678440127\/wp-json\/wp\/v2\/media?parent=2"}],"curies":[{"name":"wp","href":"https:\/\/api.w.org\/{rel}","templated":true}]}}