{"id":109,"date":"2013-07-01T13:56:22","date_gmt":"2013-07-01T11:56:22","guid":{"rendered":"http:\/\/docsites.cgmlife.com\/1372678853127\/?page_id=109"},"modified":"2025-11-14T13:23:20","modified_gmt":"2025-11-14T11:23:20","slug":"notfalle","status":"publish","type":"page","link":"https:\/\/docsites.cgmlife.com\/1372678853127\/praxis\/notfalle\/","title":{"rendered":"Notf\u00e4lle"},"content":{"rendered":"<div id=\"id1983\">\n<h1>Notf\u00e4lle<\/h1>\n<\/div>\n<div id=\"id29416\">\n<div>\n<p>\u00dcber die Telefonnummer 07551 \/ 944 094 erhalten Sie grunds\u00e4tzlich weitere Informationen, wie Sie mich oder in Notf\u00e4llen einen anderen Arzt erreichen k\u00f6nnen.<\/p>\n<p><strong>In dringenden medizinischen Notf\u00e4llen erreichen Sie den Notarzt \u00fcber 19 222.<\/strong><\/p>\n<p>Unter dieser Nummer erreichen Sie die Rettungsleitstelle, die im Bedarfsfall auch weitere Hilfsorganisationen benachrichtigt. Diese Nummer ist im \u00fcbrigen bundesweit im gesamten Bundesgebiet ohne Vorwahl erreichbar, ebenso wie die<\/p>\n<p><strong>Polizei \u00fcber 110 und die Feuerwehr \u00fcber 112<\/strong>!<\/p>\n<p>Am Wochenende, Samstag 8.00 Uhr bis Montag 8.00 Uhr, erhalten Sie Name und Telefonnummer des aktuellen diensthabenden Arztes \u00fcber die<\/p>\n<p><strong><span style=\"text-decoration: underline\">Rettungsleitstelle 19 222\u00a0bzw. 116 117<\/span><\/strong><\/p>\n<p>An Wochenenden sind die Notfallpraxen\u00a0 am Heliosspital \u00dcberlingen und dem Klinikum Friedrichhafen von 8 &#8211; 16 Uhr durchgehend besetzt!<\/p>\n<\/div>\n<\/div>\n","protected":false},"excerpt":{"rendered":"<p>Notf\u00e4lle \u00dcber die Telefonnummer 07551 \/ 944 094 erhalten Sie grunds\u00e4tzlich weitere Informationen, wie Sie mich oder in Notf\u00e4llen einen anderen Arzt erreichen k\u00f6nnen. In dringenden medizinischen Notf\u00e4llen erreichen Sie den Notarzt \u00fcber 19 222. Unter dieser Nummer erreichen Sie die Rettungsleitstelle, die im Bedarfsfall auch weitere Hilfsorganisationen benachrichtigt. Diese Nummer ist im \u00fcbrigen bundesweit [&hellip;]<\/p>\n","protected":false},"author":127,"featured_media":0,"parent":6,"menu_order":2,"comment_status":"closed","ping_status":"closed","template":"","meta":{"footnotes":""},"class_list":["post-109","page","type-page","status-publish","hentry"],"_links":{"self":[{"href":"https:\/\/docsites.cgmlife.com\/1372678853127\/wp-json\/wp\/v2\/pages\/109","targetHints":{"allow":["GET"]}}],"collection":[{"href":"https:\/\/docsites.cgmlife.com\/1372678853127\/wp-json\/wp\/v2\/pages"}],"about":[{"href":"https:\/\/docsites.cgmlife.com\/1372678853127\/wp-json\/wp\/v2\/types\/page"}],"author":[{"embeddable":true,"href":"https:\/\/docsites.cgmlife.com\/1372678853127\/wp-json\/wp\/v2\/users\/127"}],"replies":[{"embeddable":true,"href":"https:\/\/docsites.cgmlife.com\/1372678853127\/wp-json\/wp\/v2\/comments?post=109"}],"version-history":[{"count":7,"href":"https:\/\/docsites.cgmlife.com\/1372678853127\/wp-json\/wp\/v2\/pages\/109\/revisions"}],"predecessor-version":[{"id":407,"href":"https:\/\/docsites.cgmlife.com\/1372678853127\/wp-json\/wp\/v2\/pages\/109\/revisions\/407"}],"up":[{"embeddable":true,"href":"https:\/\/docsites.cgmlife.com\/1372678853127\/wp-json\/wp\/v2\/pages\/6"}],"wp:attachment":[{"href":"https:\/\/docsites.cgmlife.com\/1372678853127\/wp-json\/wp\/v2\/media?parent=109"}],"curies":[{"name":"wp","href":"https:\/\/api.w.org\/{rel}","templated":true}]}}