{"id":111,"date":"2013-07-01T13:56:39","date_gmt":"2013-07-01T11:56:39","guid":{"rendered":"http:\/\/docsites.cgmlife.com\/1372678853127\/?page_id=111"},"modified":"2023-03-14T13:55:07","modified_gmt":"2023-03-14T11:55:07","slug":"arztliche-korperschaften","status":"publish","type":"page","link":"https:\/\/docsites.cgmlife.com\/1372678853127\/praxis\/arztliche-korperschaften\/","title":{"rendered":"\u00c4rztliche K\u00f6rperschaften"},"content":{"rendered":"<div id=\"id6647\">\n<h1>\u00c4rztliche K\u00f6rperschaften<\/h1>\n<\/div>\n<div id=\"id49597\">\n<p>Mitglied der Landes\u00e4rztekammer Baden-W\u00fcrttemberg (<a href=\"http:\/\/www.aerztekammer-bw.de\/\">www.aerztekammer-bw.de<\/a>)<br \/>\nApprobation als Arzt 1987<br \/>\ndurch Regierungspr\u00e4sidium Stuttgart<br \/>\nnach Studium und Staatsexamen an der Albert-Ludwig-Universit\u00e4t<br \/>\nin Freiburg im Breisgau, Deutschland.<\/p>\n<p>Zulassung als Vertragsarzt der Kassen\u00e4rztlichen Vereinigung Sudw\u00fcrttemberg (<a href=\"http:\/\/www.kvsw.de\/\">www.kvbawue.de<\/a>)<br \/>\nKassenarzt seit 01.04.2000<\/p>\n<p>Facharzt f\u00fcr Allgemeinmedizin seit 13.12.1995<br \/>\nZusatzbezeichnungen seit 03.11.1993<\/p>\n<p>Promotion als Doktor der Medizin seit 08.07.1994<\/p>\n<p>Niederlassung \/ Praxiser\u00f6ffnung in Owingen seit 01.02.2001<\/p>\n<p>Aus\u00fcbung der \u00e4rztlichen T\u00e4tigkeit gem\u00e4\u00df der Berufsordnung der Landes\u00e4rztekammer<br \/>\nBaden-W\u00fcrttemberg (einzusehen unter\u00a0<a href=\"http:\/\/www.aerztekammer-bw.de\/Homepage\/kammer\/Arztrecht\/bo.pdf\">www.aerztekammer-bw.de\/Homepage\/kammer\/Arztrecht\/bo.pdf<\/a>)<\/p>\n<p>Mitglied im Deutschen Sport\u00e4rztebund e. V. (<a href=\"http:\/\/www.dgsp.de\/\">www.dgsp.de<\/a>)<\/p>\n<\/div>\n","protected":false},"excerpt":{"rendered":"<p>\u00c4rztliche K\u00f6rperschaften Mitglied der Landes\u00e4rztekammer Baden-W\u00fcrttemberg (www.aerztekammer-bw.de) Approbation als Arzt 1987 durch Regierungspr\u00e4sidium Stuttgart nach Studium und Staatsexamen an der Albert-Ludwig-Universit\u00e4t in Freiburg im Breisgau, Deutschland. Zulassung als Vertragsarzt der Kassen\u00e4rztlichen Vereinigung Sudw\u00fcrttemberg (www.kvbawue.de) Kassenarzt seit 01.04.2000 Facharzt f\u00fcr Allgemeinmedizin seit 13.12.1995 Zusatzbezeichnungen seit 03.11.1993 Promotion als Doktor der Medizin seit 08.07.1994 Niederlassung \/ Praxiser\u00f6ffnung [&hellip;]<\/p>\n","protected":false},"author":127,"featured_media":0,"parent":6,"menu_order":3,"comment_status":"closed","ping_status":"closed","template":"","meta":{"footnotes":""},"class_list":["post-111","page","type-page","status-publish","hentry"],"_links":{"self":[{"href":"https:\/\/docsites.cgmlife.com\/1372678853127\/wp-json\/wp\/v2\/pages\/111","targetHints":{"allow":["GET"]}}],"collection":[{"href":"https:\/\/docsites.cgmlife.com\/1372678853127\/wp-json\/wp\/v2\/pages"}],"about":[{"href":"https:\/\/docsites.cgmlife.com\/1372678853127\/wp-json\/wp\/v2\/types\/page"}],"author":[{"embeddable":true,"href":"https:\/\/docsites.cgmlife.com\/1372678853127\/wp-json\/wp\/v2\/users\/127"}],"replies":[{"embeddable":true,"href":"https:\/\/docsites.cgmlife.com\/1372678853127\/wp-json\/wp\/v2\/comments?post=111"}],"version-history":[{"count":3,"href":"https:\/\/docsites.cgmlife.com\/1372678853127\/wp-json\/wp\/v2\/pages\/111\/revisions"}],"predecessor-version":[{"id":301,"href":"https:\/\/docsites.cgmlife.com\/1372678853127\/wp-json\/wp\/v2\/pages\/111\/revisions\/301"}],"up":[{"embeddable":true,"href":"https:\/\/docsites.cgmlife.com\/1372678853127\/wp-json\/wp\/v2\/pages\/6"}],"wp:attachment":[{"href":"https:\/\/docsites.cgmlife.com\/1372678853127\/wp-json\/wp\/v2\/media?parent=111"}],"curies":[{"name":"wp","href":"https:\/\/api.w.org\/{rel}","templated":true}]}}