{"id":113,"date":"2013-07-01T13:57:20","date_gmt":"2013-07-01T11:57:20","guid":{"rendered":"http:\/\/docsites.cgmlife.com\/1372678853127\/?page_id=113"},"modified":"2013-07-01T13:58:33","modified_gmt":"2013-07-01T11:58:33","slug":"weitere-infos","status":"publish","type":"page","link":"https:\/\/docsites.cgmlife.com\/1372678853127\/praxis\/weitere-infos\/","title":{"rendered":"Weitere Infos"},"content":{"rendered":"<div id=\"id6625\">\n<h1>Weitere Infos<\/h1>\n<\/div>\n<div id=\"id49605\">\n<h2>Liebe Patientinnen und Patienten,<\/h2>\n<\/div>\n<div id=\"id49606\">\n<div>\n<strong><span style=\"text-decoration: underline;\">Versichertenkarte<\/span><\/strong><\/p>\n<p>Bringen Sie die Versichertenkarte (Chipkarte) bitte bei jedem Besuch mit. Sie ersparen uns und Ihnen unn\u00f6tige R\u00fcckfragen und \u00c4rger. Ohne Versichertenkarte darf z. B. kein Kassenrezept erstellt werden!<\/p>\n<p><strong><span style=\"text-decoration: underline;\">Hausbesuche<\/span><\/strong><\/p>\n<p>werden w\u00e4hrend der sprechstundenfreien Zeit durchgef\u00fchrt. Notwendige Hausbesuche sind eine Selbstverst\u00e4ndlichkeit, \u00fcberlegen Sie doch bitte, ob Sie nicht doch die Praxis besuchen k\u00f6nnen. Dort bestehen umfangreichere Untersuchungs- und Behandlungsm\u00f6glichkeiten, fr\u00fchere Befunde sind griffbereit und eine gr\u00f6\u00dfere Auswahl an Medikamenten sind sofort zur Hand.<\/p>\n<p><strong><span style=\"text-decoration: underline;\">\u00dcberweisungen<\/span><\/strong><\/p>\n<p>Wenn Sie sich von einem(r) Fachkollegen\/-in untersuchen lassen m\u00f6chten, sollten Sie sich unbedingt einen \u00dcberweisungsschein bei uns abholen. So erhalten wir umfassend Bescheid \u00fcber die bei Ihnen durchgef\u00fchrten Untersuchungen und Behandlungen. Unn\u00f6tige Doppeluntersuchungen und Therapiema\u00dfnahmen lassen sich dadurch vermeiden. Anfragen von Krankenkassen, Versicherungen und Versorgungs\u00e4mtern k\u00f6nnen nur dann zufriedenstellend beantwortet werden, wenn alle Arztberichte vorliegen.<\/p>\n<p>&nbsp;<\/p>\n<\/div>\n<\/div>\n<div id=\"id49603\"><a href=\"http:\/\/docsites.cgmlife.com\/1372678853127\/wp-content\/uploads\/sites\/170\/2013\/07\/sim_5499213_1216.jpeg\"><img loading=\"lazy\" decoding=\"async\" class=\"size-full wp-image-114 alignnone\" alt=\"sim_5499213_1216\" src=\"http:\/\/docsites.cgmlife.com\/1372678853127\/wp-content\/uploads\/sites\/170\/2013\/07\/sim_5499213_1216.jpeg\" width=\"350\" height=\"200\" srcset=\"https:\/\/docsites.cgmlife.com\/1372678853127\/wp-content\/uploads\/sites\/170\/2013\/07\/sim_5499213_1216.jpeg 350w, https:\/\/docsites.cgmlife.com\/1372678853127\/wp-content\/uploads\/sites\/170\/2013\/07\/sim_5499213_1216-300x171.jpeg 300w\" sizes=\"auto, (max-width: 350px) 100vw, 350px\" \/><\/a><\/p>\n<div>Wartezimmer<\/div>\n<\/div>\n<div id=\"id50280\">\n<div>\n<p><strong>Praxislage:<\/strong><\/p>\n<p>Die Paxis liegt zentral im Ortskern an der Hauptstra\u00dfe im 1. Obergescho\u00df \u00fcber der einzigen Apotheke Owingens.\u00a0<span style=\"text-decoration: underline;\">Leider haben wir keinen Lift.<\/span><\/p>\n<p>Parkpl\u00e4tze sind hinter dem Haus ausreichen vorhanden.<\/p>\n<p><strong>\u00a0<\/strong><\/p>\n<\/div>\n<\/div>\n","protected":false},"excerpt":{"rendered":"<p>Weitere Infos Liebe Patientinnen und Patienten, Versichertenkarte Bringen Sie die Versichertenkarte (Chipkarte) bitte bei jedem Besuch mit. Sie ersparen uns und Ihnen unn\u00f6tige R\u00fcckfragen und \u00c4rger. Ohne Versichertenkarte darf z. B. kein Kassenrezept erstellt werden! Hausbesuche werden w\u00e4hrend der sprechstundenfreien Zeit durchgef\u00fchrt. Notwendige Hausbesuche sind eine Selbstverst\u00e4ndlichkeit, \u00fcberlegen Sie doch bitte, ob Sie nicht doch [&hellip;]<\/p>\n","protected":false},"author":127,"featured_media":0,"parent":6,"menu_order":4,"comment_status":"closed","ping_status":"closed","template":"","meta":{"footnotes":""},"class_list":["post-113","page","type-page","status-publish","hentry"],"_links":{"self":[{"href":"https:\/\/docsites.cgmlife.com\/1372678853127\/wp-json\/wp\/v2\/pages\/113","targetHints":{"allow":["GET"]}}],"collection":[{"href":"https:\/\/docsites.cgmlife.com\/1372678853127\/wp-json\/wp\/v2\/pages"}],"about":[{"href":"https:\/\/docsites.cgmlife.com\/1372678853127\/wp-json\/wp\/v2\/types\/page"}],"author":[{"embeddable":true,"href":"https:\/\/docsites.cgmlife.com\/1372678853127\/wp-json\/wp\/v2\/users\/127"}],"replies":[{"embeddable":true,"href":"https:\/\/docsites.cgmlife.com\/1372678853127\/wp-json\/wp\/v2\/comments?post=113"}],"version-history":[{"count":2,"href":"https:\/\/docsites.cgmlife.com\/1372678853127\/wp-json\/wp\/v2\/pages\/113\/revisions"}],"predecessor-version":[{"id":120,"href":"https:\/\/docsites.cgmlife.com\/1372678853127\/wp-json\/wp\/v2\/pages\/113\/revisions\/120"}],"up":[{"embeddable":true,"href":"https:\/\/docsites.cgmlife.com\/1372678853127\/wp-json\/wp\/v2\/pages\/6"}],"wp:attachment":[{"href":"https:\/\/docsites.cgmlife.com\/1372678853127\/wp-json\/wp\/v2\/media?parent=113"}],"curies":[{"name":"wp","href":"https:\/\/api.w.org\/{rel}","templated":true}]}}