{"id":176,"date":"2018-11-19T09:24:57","date_gmt":"2018-11-19T07:24:57","guid":{"rendered":"http:\/\/docsites.cgmlife.com\/1372678853127\/?page_id=176"},"modified":"2018-11-19T09:44:06","modified_gmt":"2018-11-19T07:44:06","slug":"datenschutz-2","status":"publish","type":"page","link":"https:\/\/docsites.cgmlife.com\/1372678853127\/datenschutz-2\/","title":{"rendered":"Datenschutz"},"content":{"rendered":"<p>&nbsp;<\/p>\n<p><span style=\"font-size: xx-large\">Datenschutz<\/span><\/p>\n<p>Verantwortlicher:<br \/>\nDr. med. Hubertus Porst<br \/>\nHaupststr. 26a<br \/>\n88696 Owingen<\/p>\n<p>hubertus.porst@dgn.de<\/p>\n<p>Diese Datenschutzerkl\u00e4rung kl\u00e4rt Sie \u00fcber die Art, den Umfang und Zweck der Verarbeitung von personenbezogenen Daten innerhalb dieses Onlineangebotes und der mit ihm verbundenen Webseiten, Funktionen und Inhalte (nachfolgend gemeinsam bezeichnet als \u201eOnlineangebot\u201c, bzw. als \u201eWebsite\u201c) auf.<\/p>\n<p><span style=\"font-size: large\">1. Rechte der Nutzer<\/span><br \/>\n1.1 Nutzer haben das Recht, auf Antrag unentgeltlich Auskunft zu erhalten \u00fcber die personenbezogenen Daten, die von dem Verantwortlichen \u00fcber sie gespeichert wurden. Zus\u00e4tzlich haben die Nutzer das Recht auf Berichtigung unrichtiger Daten, Einschr\u00e4nkung der Verarbeitung und L\u00f6schung ihrer personenbezogenen Daten, sofern zutreffend, Ihre Rechte auf Datenportabilit\u00e4t geltend zu machen und im Fall der Annahme einer unrechtm\u00e4\u00dfigen Datenverarbeitung, eine Beschwerde bei der zust\u00e4ndigen Aufsichtsbeh\u00f6rde einzureichen.<\/p>\n<p><span style=\"font-size: large\">2. Widerspruchsrecht<\/span><br \/>\n2.1 Nutzer k\u00f6nnen der k\u00fcnftigen Verarbeitung ihrer personenbezogenen Daten entsprechend den gesetzlichen Vorgaben jederzeit widersprechen. Der Widerspruch kann insbesondere gegen die Verarbeitung f\u00fcr Zwecke der Direktwerbung erfolgen.<\/p>\n<p><span style=\"font-size: large\">3. \u00c4nderungen der Datenschutzerkl\u00e4rung<\/span><br \/>\n3.1 Der Verantwortliche beh\u00e4lt sich vor, die Datenschutzerkl\u00e4rung zu \u00e4ndern, um sie an ge\u00e4nderte Rechtslagen, oder bei \u00c4nderungen des Dienstes sowie der Datenverarbeitung anzupassen. Sofern Einwilligungen der Nutzer erforderlich sind oder Bestandteile der Datenschutzerkl\u00e4rung Regelungen des Vertragsverh\u00e4ltnisses mit den Nutzern enthalten, erfolgen die \u00c4nderungen nur mit Zustimmung der Nutzer.<br \/>\n3.2 Die Nutzer werden gebeten sich regelm\u00e4\u00dfig \u00fcber den Inhalt der Datenschutzerkl\u00e4rung zu informieren.<\/p>\n<p><span style=\"font-size: large\">4. Grunds\u00e4tzliche Angaben zur Datenverarbeitung und Rechtsgrundlagen<\/span><br \/>\n4.1 Zu den im Rahmen dieses Onlineangebotes verarbeiteten personenbezogenen Daten der Nutzer geh\u00f6ren Bestandsdaten (z.B., Namen und Adressen), Vertragsdaten (z.B., betreffend die in Anspruch genommene Leistungen), Nutzungsdaten (z.B., die besuchten Webseiten dieses Onlineangebotes, Interesse an dessen Inhalten), Meta-\/Kommunikationsdaten (Ger\u00e4te-IDs, IP-Adressen) und Inhaltsdaten (z.B., Eingaben im Kontaktformular oder G\u00e4stebuch).<br \/>\n4.2 Der Begriff \u201eNutzer\u201c umfasst alle Kategorien von der Datenverarbeitung betroffener Personen. Zu ihnen geh\u00f6ren vor allem die Besucher dieses Onlineangebotes. Die verwendeten Begrifflichkeiten, wie z.B. \u201eNutzer\u201c oder \u201eVerantwortlicher\u201c sind geschlechtsneutral zu verstehen.<br \/>\n4.3 Der Verantwortliche verarbeitet personenbezogene Daten der Nutzer nur unter Einhaltung der einschl\u00e4gigen Datenschutzbestimmungen. Das bedeutet, die Daten der Nutzer werden nur bei Vorliegen einer gesetzlichen Erlaubnis verarbeitet. D.h., insbesondere wenn die Datenverarbeitung zur Erbringung seiner vertraglichen Leistungen (z.B. Bearbeitung von Auftr\u00e4gen) sowie Online-Services erforderlich, bzw. gesetzlich vorgeschrieben ist, eine Einwilligung der Nutzer vorliegt, als auch aufgrund seiner berechtigten Interessen (d.h. Interesse an der Analyse, Optimierung und (im Fall kommerzieller Nutzung) wirtschaftlichem Betrieb und Sicherheit dieses Onlineangebotes im Sinne des Art. 6 Abs. 1 lit. f. DSGVO, insbesondere bei der Reichweitenmessung, Erstellung von Profilen zu Werbe- und Marketingzwecken sowie Erhebung von Zugriffsdaten und Einsatz der Dienste von Drittanbietern.<br \/>\n4.4 Im Hinblick auf die Verarbeitung von personenbezogenen Daten auf Grundlage der Datenschutzverordnung (DSGVO), weist der Verantwortliche darauf hin, dass die Rechtsgrundlage der Einwilligungen Art. 6 Abs. 1 lit. a und Art. 7 DSGVO, die Rechtsgrundlage f\u00fcr die Verarbeitung zur Erf\u00fcllung seiner Leistungen und Durchf\u00fchrung vertraglicher Ma\u00dfnahmen Art. 6 Abs. 1 lit. b DSGVO, die Rechtsgrundlage f\u00fcr die Verarbeitung zur Erf\u00fcllung seiner rechtlichen Verpflichtungen Art. 6 Abs. 1 lit. c DSGVO, und die Rechtsgrundlage f\u00fcr die Verarbeitung zur Wahrung seiner berechtigten Interessen Art. 6 Abs. 1 lit. f DSGVO ist.<\/p>\n<p><span style=\"font-size: large\">5. Sicherheitsma\u00dfnahmen<\/span><br \/>\n5.1 Der Verantwortliche trifft organisatorische, vertragliche und technische Sicherheitsma\u00dfnahmen entsprechend dem Stand der Technik, um sicherzustellen, dass die Vorschriften der Datenschutzgesetze eingehalten werden und um damit die durch den Verantwortlichen verarbeiteten Daten gegen zuf\u00e4llige oder vors\u00e4tzliche Manipulationen, Verlust, Zerst\u00f6rung oder gegen den Zugriff unberechtigter Personen zu sch\u00fctzen.<br \/>\n5.2 Zu den Sicherheitsma\u00dfnahmen geh\u00f6rt insbesondere die verschl\u00fcsselte \u00dcbertragung von Daten zwischen Ihrem Browser und seinem Server.<\/p>\n<p><span style=\"font-size: large\">6. L\u00f6schung von Daten<\/span><br \/>\n6.1 Die bei dem Verantwortlichen gespeicherten Daten werden gel\u00f6scht, sobald sie f\u00fcr ihre Zweckbestimmung nicht mehr erforderlich sind und der L\u00f6schung keine gesetzlichen Aufbewahrungspflichten entgegenstehen. Sofern die Daten der Nutzer nicht gel\u00f6scht werden, weil sie f\u00fcr andere und gesetzlich zul\u00e4ssige Zwecke erforderlich sind, wird deren Verarbeitung eingeschr\u00e4nkt. D.h. die Daten werden gesperrt und nicht f\u00fcr andere Zwecke verarbeitet. Das gilt z.B. f\u00fcr Daten der Nutzer, die aus handels- oder steuerrechtlichen Gr\u00fcnden aufbewahrt werden m\u00fcssen.<\/p>\n<p><span style=\"font-size: large\">7. Weitergabe von Daten an Dritte und Drittanbieter<\/span><br \/>\n7.1 Eine Weitergabe von Daten an Dritte (d.h. insbesondere deren \u00dcbermittlung oder Weitergabe. erfolgt nur auf Grundlage gesetzlicher Erlaubnisse und im Rahmen der gesetzlichen Vorgaben. Der Verantwortliche gibt die Daten der Nutzer an Dritte nur dann weiter, wenn dies z.B. notwendig ist, um seine vertraglichen Verpflichtungen gegen\u00fcber den Nutzern zu erf\u00fcllen oder wenn der Verantwortliche Dienstleistungen Dritter im Rahmen seiner berechtigten Interessen in Anspruch nehmen.<br \/>\n7.2 Sofern der Verantwortliche Dienstleistungen Dritter in Anspruch nimmt, um seine Leistungen bereitzustellen, ergreift der Verantwortliche geeignete rechtliche Vorkehrungen sowie entsprechende technische und organisatorische Ma\u00dfnahmen, um f\u00fcr den Schutz der personenbezogenen Daten gem\u00e4\u00df den einschl\u00e4gigen gesetzlichen Vorschriften zu sorgen.<br \/>\n7.3 Sofern im Rahmen dieser Datenschutzerkl\u00e4rung Inhalte, Werkzeuge oder sonstige Mittel von anderen Anbietern (nachfolgend gemeinsam bezeichnet als \u201eDrittanbieter\u201c) eingesetzt werden und deren genannter Sitz sich in einem Drittland befindet, ist davon auszugehen, dass ein Datentransfer in die Sitzstaaten der Drittanbieter stattfindet. Als Drittstaaten sind L\u00e4nder zu verstehen, in denen die DSGVO kein unmittelbar geltendes Recht ist, d.h. grunds\u00e4tzlich L\u00e4nder au\u00dferhalb der EU, bzw. des Europ\u00e4ischen Wirtschaftsraums. Die \u00dcbermittlung von Daten in Drittstaaten erfolgt entweder, wenn ein angemessenes Datenschutzniveau, eine Einwilligung der Nutzer oder sonst eine gesetzliche Erlaubnis vorliegt.<\/p>\n<p><span style=\"font-size: large\">8. Cookies &amp; Reichweitenmessung<\/span><br \/>\n8.1 Cookies sind Informationen, die von diesem Webserver oder Webservern Dritter an die Web-Browser der Nutzer \u00fcbertragen und dort f\u00fcr einen sp\u00e4teren Abruf gespeichert werden. Bei Cookies kann es sich um kleine Dateien oder sonstige Arten der Informationsspeicherung handeln. Soweit in der vorliegenden Datenschutzerkl\u00e4rung nicht ausdr\u00fccklich angegeben, verwendet der Verantwortliche nur sogenannte \u201eSession-Cookies\u201c, die nur f\u00fcr die Zeitdauer des aktuellen Besuchs auf seinem Onlineangebot abgelegt werden (z.B. um die Speicherung Ihres Login-Status zu erm\u00f6glichen). In einem Session-Cookie wird eine zuf\u00e4llig erzeugte eindeutige Identifikationsnummer abgelegt, eine sogenannte Session-ID. Au\u00dferdem enth\u00e4lt ein Cookie die Angabe \u00fcber seine Herkunft und die Speicherfrist. Diese Cookies k\u00f6nnen keine anderen Daten speichern. Session-Cookies werden gel\u00f6scht, wenn Sie die Nutzung dieses Onlineangebotes beendet haben und sich z.B. ausloggen oder den Browser schlie\u00dfen.<br \/>\n8.2 \u00dcber den Einsatz von Cookies im Rahmen pseudonymer Reichweitenmessung werden die Nutzer im Rahmen dieser Datenschutzerkl\u00e4rung informiert.<br \/>\n8.3 Falls die Nutzer nicht m\u00f6chten, dass Cookies auf ihrem Rechner gespeichert werden, werden sie gebeten die entsprechende Option in den Systemeinstellungen ihres Browsers zu deaktivieren. Gespeicherte Cookies k\u00f6nnen in den Systemeinstellungen des Browsers gel\u00f6scht werden. Der Ausschluss von Cookies kann zu Funktionseinschr\u00e4nkungen dieses Onlineangebotes f\u00fchren.<br \/>\n8.4 Sie k\u00f6nnen dem Einsatz von Cookies, die der Reichweitenmessung und Werbezwecken dienen, \u00fcber die Deaktivierungsseite der Netzwerkwerbeinitiative (http:\/\/optout.networkadvertising.org\/) und zus\u00e4tzlich die US-amerikanische Webseite (http:\/\/www.aboutads.info\/choices) oder die europ\u00e4ische Webseite (http:\/\/www.youronlinechoices.com\/uk\/your-ad-choices\/) widersprechen.<\/p>\n<p><span style=\"font-size: large\">9. Hosting<\/span><br \/>\n9.1 Dieses Onlineangebot wird durch die webme GmbH, Virchowstrasse 20 b, 90409 N\u00fcrnberg, Deutschland (https:\/\/www.homepage-baukasten.de\/) gehostet. Die Datenschutzerkl\u00e4rung von webme findet sich unter der Webadresse https:\/\/www.homepage-baukasten.de\/de\/Datenschutzerklaerung.php.<br \/>\n9.2 Die Rechtsgrundlage der Verarbeitung ist Art. 6 Abs. 1 lit f. DSGVO auf Grundlage der berechtigten Interessen an der Nutzung einer Server- und Softwareinfrastruktur aus Gr\u00fcnden der Sicherheit und Effizienz. Die Daten der Nutzer werden von webme nur zu Zwecken der Zurverf\u00fcgungstellung dieses Onlineangebotes und der Aufrechterhaltung seiner Sicherheit verarbeitet.<\/p>\n<p><span style=\"font-size: large\">10. Erhebung von Zugriffsdaten<\/span><br \/>\n10.1 Der Verantwortliche erhebt auf Grundlage seiner berechtigten Interessen im Sinne des Art. 6 Abs. 1 lit. f. DSGVO Daten \u00fcber jeden Zugriff auf den Server, auf dem sich dieser Dienst befindet (sogenannte Serverlogfiles). Zu den Zugriffsdaten geh\u00f6ren Name der abgerufenen Webseite, Datei, Datum und Uhrzeit des Abrufs, \u00fcbertragene Datenmenge, Meldung \u00fcber erfolgreichen Abruf, Browsertyp nebst Version, das Betriebssystem des Nutzers, Referrer URL (die zuvor besuchte Seite., IP-Adresse und der anfragende Provider.<br \/>\n10.2 Logfile-Informationen werden aus Sicherheitsgr\u00fcnden (z.B. zur Aufkl\u00e4rung von Missbrauchs- oder Betrugshandlungen) f\u00fcr die Dauer von maximal sieben Tagen gespeichert und danach gel\u00f6scht. Daten, deren weitere Aufbewahrung zu Beweiszwecken erforderlich ist, sind bis zur endg\u00fcltigen Kl\u00e4rung des jeweiligen Vorfalls von der L\u00f6schung ausgenommen<\/p>\n<p><span style=\"font-size: large\">11. Besondere Funktionen des Onlineangebotes<\/span><br \/>\n11.1 Dieses Onlineangebot wird weiterentwickelt und kann sich in der Zukunft ver\u00e4ndern. Insbesondere k\u00f6nnen einzelne Funktionen des Onlineangebotes hinzugef\u00fcgt oder entfernt werden. Die nachfolgend genannten beschriebenen Funktionen gelten daher, sofern Sie innerhalb des Onlineangebotes zur Verf\u00fcgung gestellt werden (z.B., kommerzielle Nutzung, G\u00e4stebuch, Forum, Newsletter, Inhalte und Dienste von Drittanbietern).<br \/>\n11.2 Die Rechtsgrundlage f\u00fcr die Datenverarbeitung im Rahmen der Zurverf\u00fcgungstellung der Funktionen ist Art. 6 Abs. 1 lit. b. DSGVO. Sofern IP-Adressen gespeichert werden, erfolgt dies gem. Art. 6 Abs. 1 lit. f. DSGVO auf Grundlage der berechtigten Interessen der Abwehr und\/oder Verfolgung von m\u00f6glichen unzul\u00e4ssigen Inhalten.<\/p>\n<p><span style=\"font-size: large\">12. Verarbeitung von Daten im Rahmen der Kundenbeziehungen<\/span><br \/>\n12.1 Sofern dieses Onlineangebot kommerziell genutzt wird, verarbeitet der Verantwortliche Bestandsdaten (z.B., Namen und Adressen sowie Kontaktdaten von Nutzern) und Vertragsdaten (z.B., in Anspruch genommene Leistungen, Namen von Kontaktpersonen, Zahlungsinformationen) der Kunden und Interessenten zwecks Erf\u00fcllung der vertraglichen Verpflichtungen und Serviceleistungen gem. Art. 6 Abs. 1 lit. b. DSGVO.<\/p>\n<p><span style=\"font-size: large\">13. Google Analytics<\/span><br \/>\n13.1 Der Verantwortliche setzt auf Grundlage seiner berechtigten Interessen (d.h. Interesse an der Analyse, Optimierung und (im Fall kommerzieller Nutzung) wirtschaftlichem Betrieb dieses Onlineangebotes im Sinne des Art. 6 Abs. 1 lit. f. DSGVO) Google Analytics, einen Webanalysedienst der Google Inc. (\u201eGoogle\u201c) ein. Google verwendet Cookies. Die durch das Cookie erzeugten Informationen \u00fcber Benutzung des Onlineangebotes durch die Nutzer werden in der Regel an einen Server von Google in den USA \u00fcbertragen und dort gespeichert.<br \/>\n13.2 Google ist unter dem Privacy-Shield-Abkommen zertifiziert und bietet hierdurch eine Garantie, das europ\u00e4ische Datenschutzrecht einzuhalten (https:\/\/www.privacyshield.gov\/participant?id=a2zt000000001L5AAI&amp;status=Active).<br \/>\n13.3 Google wird diese Informationen in seinem Auftrag benutzen, um die Nutzung dieses Onlineangebotes durch die Nutzer auszuwerten, um Reports \u00fcber die Aktivit\u00e4ten innerhalb dieses Onlineangebotes zusammenzustellen und um weitere, mit der Nutzung dieses Onlineangebotes und der Internetnutzung verbundene Dienstleistungen, dem Verantwortlichen gegen\u00fcber zu erbringen. Dabei k\u00f6nnen aus den verarbeiteten Daten pseudonyme Nutzungsprofile der Nutzer erstellt werden.<br \/>\n13.4 Der Verantwortliche setzt Google Analytics nur mit aktivierter IP-Anonymisierung ein. Das bedeutet, die IP-Adresse der Nutzer wird von Google innerhalb von Mitgliedstaaten der Europ\u00e4ischen Union oder in anderen Vertragsstaaten des Abkommens \u00fcber den Europ\u00e4ischen Wirtschaftsraum gek\u00fcrzt. Nur in Ausnahmef\u00e4llen wird die volle IP-Adresse an einen Server von Google in den USA \u00fcbertragen und dort gek\u00fcrzt.<br \/>\n13.5 Die von dem Browser des Nutzers \u00fcbermittelte IP-Adresse wird nicht mit anderen Daten von Google zusammengef\u00fchrt. Die Nutzer k\u00f6nnen die Speicherung der Cookies durch eine entsprechende Einstellung ihrer Browser-Software verhindern; die Nutzer k\u00f6nnen dar\u00fcber hinaus die Erfassung der durch das Cookie erzeugten und auf ihre Nutzung des Onlineangebotes bezogenen Daten an Google sowie die Verarbeitung dieser Daten durch Google verhindern, indem sie das unter folgendem Link verf\u00fcgbare Browser-Plugin herunterladen und installieren: http:\/\/tools.google.com\/dlpage\/gaoptout?hl=de.<br \/>\n13.6 Weitere Informationen zur Datennutzung durch Google, Einstellungs- und Widerspruchsm\u00f6glichkeiten erfahren Sie auf den Webseiten von Google: https:\/\/www.google.com\/intl\/de\/policies\/privacy\/partners (\u201eDatennutzung durch Google bei Ihrer Nutzung von Websites oder Apps seiner Partner\u201c), http:\/\/www.google.com\/policies\/technologies\/ads (\u201eDatennutzung zu Werbezwecken\u201c), http:\/\/www.google.de\/settings\/ads (\u201eInformationen verwalten, die Google verwendet, um Ihnen Werbung einzublenden\u201c).<\/p>\n<p><span style=\"font-size: large\">14. Facebook Social Plugins<\/span><br \/>\n14.1 Der Verantwortliche nutzen auf Grundlage seiner berechtigten Interessen (d.h. Interesse an der Analyse, Optimierung und (im Fall kommerzieller Nutzung) wirtschaftlichem Betrieb seines Onlineangebotes im Sinne des Art. 6 Abs. 1 lit. f. DSGVO) Social Plugins (&#8222;Plugins&#8220;) des sozialen Netzwerkes facebook.com, welches von der Facebook Ireland Ltd., 4 Grand Canal Square, Grand Canal Harbour, Dublin 2, Irland betrieben wird (&#8222;Facebook&#8220;). Die Plugins k\u00f6nnen Interaktionselemente oder Inhalte (z.B. Videos, Grafiken oder Textbeitr\u00e4ge) darstellen und sind an einem der Facebook Logos erkennbar (wei\u00dfes \u201ef\u201c auf blauer Kachel, den Begriffen &#8222;Like&#8220;, &#8222;Gef\u00e4llt mir&#8220; oder einem \u201eDaumen hoch\u201c-Zeichen) oder sind mit dem Zusatz &#8222;Facebook Social Plugin&#8220; gekennzeichnet. Die Liste und das Aussehen der Facebook Social Plugins kann hier eingesehen werden: https:\/\/developers.facebook.com\/docs\/plugins\/.<br \/>\n14.2 Facebook ist unter dem Privacy-Shield-Abkommen zertifiziert und bietet hierdurch eine Garantie, das europ\u00e4ische Datenschutzrecht einzuhalten (https:\/\/www.privacyshield.gov\/participant?id=a2zt0000000GnywAAC&amp;status=Active).<br \/>\n14.3 Wenn ein Nutzer eine Funktion dieses Onlineangebotes aufruft, die ein solches Plugin enth\u00e4lt, baut sein Ger\u00e4t eine direkte Verbindung mit den Servern von Facebook auf. Dabei werden Daten der Nutzer betreffend den Besuch und Interessen an diesem Onlineangebot sowie verwendete Soft- und Hardware, als auch den Zeitpunkt des Besuchs und die IP-Adresse der Nutzer an Facebook \u00fcbermittelt. Hierbei k\u00f6nnen aus den verarbeiteten Daten Nutzungsprofile der Nutzer erstellt und Cookies mit Profildaten der Nutzer auf deren Ger\u00e4t gespeichert werden. Die von Facebook verarbeiteten Daten der Nutzer k\u00f6nnen f\u00fcr Marketingzwecke verwendet werden.<br \/>\n14.4 Zweck und Umfang der Datenerhebung und die weitere Verarbeitung und Nutzung der Daten durch Facebook sowie die diesbez\u00fcglichen Rechte und Einstellungsm\u00f6glichkeiten zum Schutz der Privatsph\u00e4re der Nutzer, k\u00f6nnen diese den Datenschutzhinweisen von Facebook entnehmen: https:\/\/www.facebook.com\/about\/privacy\/.<br \/>\n14.5 Wenn ein Nutzer Facebookmitglied ist und nicht m\u00f6chte, dass Facebook \u00fcber dieses Onlineangebot Daten \u00fcber ihn sammelt und mit seinen bei Facebook gespeicherten Mitgliedsdaten verkn\u00fcpft, muss er sich vor der Nutzung dieses Onlineangebotes bei Facebook ausloggen und seine Cookies l\u00f6schen. Weitere Einstellungen und Widerspr\u00fcche zur Nutzung von Daten f\u00fcr Werbezwecke, sind innerhalb der Facebook-Profileinstellungen m\u00f6glich: https:\/\/www.facebook.com\/settings?tab=ads oder \u00fcber die US-amerikanische Seite http:\/\/www.aboutads.info\/choices\/ oder die EU-Seite http:\/\/www.youronlinechoices.com\/. Die Einstellungen erfolgen plattformunabh\u00e4ngig, d.h. sie werden f\u00fcr alle Ger\u00e4te, wie Desktopcomputer oder mobile Ger\u00e4te \u00fcbernommen.<\/p>\n<p><span style=\"font-size: large\">15. Einbindung von Diensten und Inhalten Dritter<\/span><br \/>\n15.1 Der Verantwortliche setzt innerhalb dieses Onlineangebotes auf Grundlage seiner berechtigten Interessen (d.h. Interesse an der Analyse, Optimierung und (im Fall kommerzieller Nutzung) wirtschaftlichem Betrieb dieses Onlineangebotes im Sinne des Art. 6 Abs. 1 lit. f. DSGVO) Inhalts- oder Serviceangebote von Drittanbietern ein, um deren Inhalte und Services, wie z.B. Videos oder Schriftarten einzubinden (nachfolgend einheitlich bezeichnet als \u201cInhalte\u201d). Dies setzt immer voraus, dass die Drittanbieter dieser Inhalte, die IP-Adresse der Nutzer wahrnehmen, da sie ohne die IP-Adresse die Inhalte nicht an deren Browser senden k\u00f6nnten. Die IP-Adresse ist damit f\u00fcr die Darstellung dieser Inhalte erforderlich. Der Verantwortliche bem\u00fcht sich nur solche Inhalte zu verwenden, deren jeweilige Anbieter die IP-Adresse lediglich zur Auslieferung der Inhalte verwenden. Drittanbieter k\u00f6nnen ferner so genannte Pixel-Tags (unsichtbare Grafiken, auch als &#8222;Web Beacons&#8220; bezeichnet) f\u00fcr statistische oder Marketingzwecke verwenden. Durch die &#8222;Pixel-Tags&#8220; k\u00f6nnen Informationen, wie der Besucherverkehr auf den Seiten dieser Website ausgewertet werden. Die pseudonymen Informationen k\u00f6nnen ferner in Cookies auf dem Ger\u00e4t der Nutzer gespeichert werden und unter anderem technische Informationen zum Browser und Betriebssystem, verweisende Webseiten, Besuchszeit sowie weitere Angaben zur Nutzung dieses Onlineangebotes sowie Angaben zum Standort der Nutzer enthalten, als auch mit solchen Informationen aus anderen Quellen zu Nutzerprofilen verbunden werden k\u00f6nnen.<br \/>\n15.2 Die nachfolgende Darstellung bietet eine \u00dcbersicht von Drittanbietern sowie ihrer Inhalte, nebst Links zu deren Datenschutzerkl\u00e4rungen, welche weitere Hinweise zur Verarbeitung von Daten und, z.T. bereits hier genannt, Widerspruchsm\u00f6glichkeiten (sog. Opt-Out) enthalten:<br \/>\n&#8211; Videos der Plattform \u201cYouTube\u201d des Drittanbieters Google Inc., 1600 Amphitheatre Parkway, Mountain View, CA 94043, USA. Datenschutzerkl\u00e4rung: https:\/\/www.google.com\/policies\/privacy\/, Opt-Out: https:\/\/www.google.com\/settings\/ads\/.<br \/>\n&#8211; Landkarten des Dienstes \u201eGoogle Maps\u201c des Drittanbieters Google Inc., 1600 Amphitheatre Parkway, Mountain View, CA 94043, USA, gestellt. Datenschutzerkl\u00e4rung: https:\/\/www.google.com\/policies\/privacy\/, Opt-Out: https:\/\/www.google.com\/settings\/ads\/.<br \/>\n&#8211; Externe Schriftarten von Google, Inc., https:\/\/www.google.com\/fonts (\u201eGoogle Fonts\u201c). Die Einbindung der Google Fonts erfolgt durch einen Serveraufruf bei Google (in der Regel in den USA. Datenschutzerkl\u00e4rung: https:\/\/www.google.com\/policies\/privacy\/, Opt-Out: https:\/\/www.google.com\/settings\/ads\/.<br \/>\n&#8211; Google-Recaptcha, eine sog. Captcha -Verifizierung des Drittanbieters Google Inc., 1600 Amphitheatre Parkway, Mountain View, CA 94043, USA. Google-Recaptcha dient zur Verifizierung, ob Eingaben auf seiner Website von Menschen oder von Bots o.\u00e4. Systemen stammen. Datenschutzerkl\u00e4rung: https:\/\/www.google.com\/policies\/privacy\/, Opt-Out: https:\/\/www.google.com\/settings\/ads\/. Weitere Datenschutzhinweise und Hinweise zum Opt-Out finden sich in den jeweiligen Google-Recaptcha-Anfragen, die f\u00fcr die Nutzer ausgegeben werden.<\/p>\n","protected":false},"excerpt":{"rendered":"<p>&nbsp; Datenschutz Verantwortlicher: Dr. med. Hubertus Porst Haupststr. 26a 88696 Owingen hubertus.porst@dgn.de Diese Datenschutzerkl\u00e4rung kl\u00e4rt Sie \u00fcber die Art, den Umfang und Zweck der Verarbeitung von personenbezogenen Daten innerhalb dieses Onlineangebotes und der mit ihm verbundenen Webseiten, Funktionen und Inhalte (nachfolgend gemeinsam bezeichnet als \u201eOnlineangebot\u201c, bzw. als \u201eWebsite\u201c) auf. 1. Rechte der Nutzer 1.1 Nutzer [&hellip;]<\/p>\n","protected":false},"author":217,"featured_media":0,"parent":0,"menu_order":100,"comment_status":"closed","ping_status":"closed","template":"","meta":{"footnotes":""},"class_list":["post-176","page","type-page","status-publish","hentry"],"_links":{"self":[{"href":"https:\/\/docsites.cgmlife.com\/1372678853127\/wp-json\/wp\/v2\/pages\/176","targetHints":{"allow":["GET"]}}],"collection":[{"href":"https:\/\/docsites.cgmlife.com\/1372678853127\/wp-json\/wp\/v2\/pages"}],"about":[{"href":"https:\/\/docsites.cgmlife.com\/1372678853127\/wp-json\/wp\/v2\/types\/page"}],"author":[{"embeddable":true,"href":"https:\/\/docsites.cgmlife.com\/1372678853127\/wp-json\/wp\/v2\/users\/217"}],"replies":[{"embeddable":true,"href":"https:\/\/docsites.cgmlife.com\/1372678853127\/wp-json\/wp\/v2\/comments?post=176"}],"version-history":[{"count":10,"href":"https:\/\/docsites.cgmlife.com\/1372678853127\/wp-json\/wp\/v2\/pages\/176\/revisions"}],"predecessor-version":[{"id":187,"href":"https:\/\/docsites.cgmlife.com\/1372678853127\/wp-json\/wp\/v2\/pages\/176\/revisions\/187"}],"wp:attachment":[{"href":"https:\/\/docsites.cgmlife.com\/1372678853127\/wp-json\/wp\/v2\/media?parent=176"}],"curies":[{"name":"wp","href":"https:\/\/api.w.org\/{rel}","templated":true}]}}