{"id":6,"date":"2013-02-05T11:33:02","date_gmt":"2013-02-05T09:33:02","guid":{"rendered":"http:\/\/docsites.cgmlife.com\/medistar\/?page_id=6"},"modified":"2023-06-23T13:12:26","modified_gmt":"2023-06-23T11:12:26","slug":"praxis","status":"publish","type":"page","link":"https:\/\/docsites.cgmlife.com\/1372678853127\/praxis\/","title":{"rendered":"Praxis"},"content":{"rendered":"<div id=\"id841\">\n<div id=\"id1911\">\n<h1>Praxis<\/h1>\n<\/div>\n<div id=\"id48088\">\n<table border=\"0\">\n<caption>Sprechzeiten<\/caption>\n<thead>\n<tr>\n<th><\/th>\n<th>Vormittag<\/th>\n<th>Nachmittag<\/th>\n<\/tr>\n<\/thead>\n<tfoot>\n<tr>\n<td>Freitag<\/td>\n<td>08:00 &#8211; 12:00 Uhr<\/td>\n<td><\/td>\n<\/tr>\n<\/tfoot>\n<tbody>\n<tr>\n<td>Montag<\/td>\n<td>08:00 &#8211; 12:00 Uhr<\/td>\n<td>17:00 &#8211; 19:00 Uhr<\/td>\n<\/tr>\n<tr>\n<td>Dienstag<\/td>\n<td>08:00 &#8211; 12:00 Uhr<\/td>\n<td>14:00 &#8211; 16:00 Uhr<\/td>\n<\/tr>\n<tr>\n<td>Mittwoch<\/td>\n<td>08:00 &#8211; 12:00 Uhr<\/td>\n<td><\/td>\n<\/tr>\n<tr>\n<td>Donnerstag<\/td>\n<td>08:00 &#8211; 12:00 Uhr<\/td>\n<td>17:00 &#8211; 19:00 Uhr<\/td>\n<\/tr>\n<\/tbody>\n<\/table>\n<\/div>\n<div id=\"id29416\">\n<div>\n<p>Die Praxis liegt zentral im Ortskern an der Hauptstra\u00dfe im 1. Obergescho\u00df \u00fcber der einzigen Apotheke des Ortes. Leider haben wir keinen Lift! Bitte vereinbaren Sie einen Termin<\/p>\n<p>Parkpl\u00e4tze sind hinter dem Haus ausreichend vorhanden.<\/p>\n<\/div>\n<\/div>\n<div id=\"id29174\">\n<div><a href=\"http:\/\/docsites.cgmlife.com\/1372678853127\/wp-content\/uploads\/sites\/170\/2013\/02\/sim_1561562_1214.jpeg\"><img loading=\"lazy\" decoding=\"async\" class=\"size-full wp-image-99 alignnone\" src=\"http:\/\/docsites.cgmlife.com\/1372678853127\/wp-content\/uploads\/sites\/170\/2013\/02\/sim_1561562_1214.jpeg\" alt=\"sim_1561562_1214\" width=\"350\" height=\"200\" srcset=\"https:\/\/docsites.cgmlife.com\/1372678853127\/wp-content\/uploads\/sites\/170\/2013\/02\/sim_1561562_1214.jpeg 350w, https:\/\/docsites.cgmlife.com\/1372678853127\/wp-content\/uploads\/sites\/170\/2013\/02\/sim_1561562_1214-300x171.jpeg 300w\" sizes=\"auto, (max-width: 350px) 100vw, 350px\" \/><\/a><\/div>\n<\/div>\n<\/div>\n","protected":false},"excerpt":{"rendered":"<p>Praxis Sprechzeiten Vormittag Nachmittag Freitag 08:00 &#8211; 12:00 Uhr Montag 08:00 &#8211; 12:00 Uhr 17:00 &#8211; 19:00 Uhr Dienstag 08:00 &#8211; 12:00 Uhr 14:00 &#8211; 16:00 Uhr Mittwoch 08:00 &#8211; 12:00 Uhr Donnerstag 08:00 &#8211; 12:00 Uhr 17:00 &#8211; 19:00 Uhr Die Praxis liegt zentral im Ortskern an der Hauptstra\u00dfe im 1. Obergescho\u00df \u00fcber der [&hellip;]<\/p>\n","protected":false},"author":217,"featured_media":0,"parent":0,"menu_order":0,"comment_status":"closed","ping_status":"closed","template":"","meta":{"footnotes":""},"class_list":["post-6","page","type-page","status-publish","hentry"],"_links":{"self":[{"href":"https:\/\/docsites.cgmlife.com\/1372678853127\/wp-json\/wp\/v2\/pages\/6","targetHints":{"allow":["GET"]}}],"collection":[{"href":"https:\/\/docsites.cgmlife.com\/1372678853127\/wp-json\/wp\/v2\/pages"}],"about":[{"href":"https:\/\/docsites.cgmlife.com\/1372678853127\/wp-json\/wp\/v2\/types\/page"}],"author":[{"embeddable":true,"href":"https:\/\/docsites.cgmlife.com\/1372678853127\/wp-json\/wp\/v2\/users\/217"}],"replies":[{"embeddable":true,"href":"https:\/\/docsites.cgmlife.com\/1372678853127\/wp-json\/wp\/v2\/comments?post=6"}],"version-history":[{"count":4,"href":"https:\/\/docsites.cgmlife.com\/1372678853127\/wp-json\/wp\/v2\/pages\/6\/revisions"}],"predecessor-version":[{"id":313,"href":"https:\/\/docsites.cgmlife.com\/1372678853127\/wp-json\/wp\/v2\/pages\/6\/revisions\/313"}],"wp:attachment":[{"href":"https:\/\/docsites.cgmlife.com\/1372678853127\/wp-json\/wp\/v2\/media?parent=6"}],"curies":[{"name":"wp","href":"https:\/\/api.w.org\/{rel}","templated":true}]}}