{"id":10,"date":"2013-02-05T11:37:41","date_gmt":"2013-02-05T10:37:41","guid":{"rendered":"http:\/\/docsites.cgmlife.com\/medistar\/?page_id=10"},"modified":"2023-10-26T13:45:22","modified_gmt":"2023-10-26T11:45:22","slug":"impressum","status":"publish","type":"page","link":"https:\/\/docsites.cgmlife.com\/1372679994127\/impressum\/","title":{"rendered":"Impressum\/Datenschutz"},"content":{"rendered":"<div id=\"id4605\">\n<h1>Impressum<\/h1>\n<\/div>\n<div id=\"id14641\">\n<p><strong>Impressum<\/strong><\/p>\n<p>Frauenarztpraxis<br \/>\nDr. med. Bernd Baase &#8211; Frauenarzt &#8211;<br \/>\nHochstra\u00dfe 62<br \/>\n51688 Wipperf\u00fcrth<\/p>\n<p>Telefon 02267 4184<br \/>\nFax 02267 829610<br \/>\nE-Mail\u00a0<strong>Praxis-Baase@t-online.de<\/strong><\/p>\n<p>Zust\u00e4ndige Landes\u00e4rztekammer (Aufsichtbeh\u00f6rde):<br \/>\n\u00c4rztekammer Nordrhein:<br \/>\nTersteegenstr. 9 40474 D\u00fcsseldorf<br \/>\nZust\u00e4ndige Kassen\u00e4rztliche Vereinigung:<br \/>\nKassen\u00e4rztliche Vereinigung Nordrhein<br \/>\nTersteegenstra\u00dfe 9 40474 D\u00fcsseldorf<\/p>\n<p>Berufsrechtliche Regelungen:<\/p>\n<p><a href=\"https:\/\/www.aekno.de\/aerzte\/berufsordnung\"><strong>Berufsordnung der \u00c4rztekammer Nordrhein<\/strong><\/a><\/p>\n<p><strong><a href=\"https:\/\/www.google.com\/url?sa=t&amp;rct=j&amp;q=&amp;esrc=s&amp;source=web&amp;cd=1&amp;cad=rja&amp;uact=8&amp;ved=0ahUKEwi7v8yRhOzbAhUoSJoKHb8dDYwQFggnMAA&amp;url=https%3A%2F%2Frecht.nrw.de%2Flmi%2Fowa%2Fbr_text_anzeigen%3Fv_id%3D10000000000000000065&amp;usg=AOvVaw3TTmoNBo8LbCi_fY-JbI8i\">Heilberufsgesetz des Landes NRW<\/a><\/strong><\/p>\n<p>Berufsbezeichnung Arzt, verliehen in Deutschland.<\/p>\n<p>Trotz sorgf\u00e4ltiger Kontrolle \u00fcbernehme ich keine Haftung f\u00fcr die Inhalte externer Seiten. F\u00fcr die Inhalte externer Seiten sind ausschlie\u00dflich deren Betreiber verantwortlich.<\/p>\n<p>Inhaltlich Verantwortlicher:<\/p>\n<p>Dr. med. Bernd Baase<\/p>\n<p><strong>Datenschutzerkl\u00e4rung der Frauenarztpraxis Dr. Baase<\/strong><\/p>\n<p>Sehr geehrte Damen und Herren, sehr geehrte Patientinnen und Patienten,<\/p>\n<p>der Schutz Ihrer personenbezogenen Daten ist uns wichtig. Nach der EU-Datenschutzgrundverordnung (DSGVO), Bundesdatenschutzgesetz (BDSG) und Telemediengesetz (TMG) sind wir verpflichtet, Sie dar\u00fcber zu informieren, zu welchem Zweck auf unserer Homepage personenbezogene Daten erhoben und verwendet werden, auf welche Art dies geschieht und welchen Umfang dies hat. Dieser Information k\u00f6nnen Sie auch entnehmen, welche Rechte Sie hinsichtlich des Datenschutzes haben. Diese Datenschutzerkl\u00e4rung bezieht sich auf unser Internetangebot. Sie bezieht sich ausdr\u00fccklich nicht auf das Behandlungsverh\u00e4ltnis. Hier werden Sie bei Besuch der Praxis gesondert informiert.<\/p>\n<p><b>1. Verantwortlich f\u00fcr die Datenverarbeitung ist:<\/b><\/p>\n<p>Dr. med. Bernd Baase<\/p>\n<p>Hochstra\u00dfe 62, 51688 Wipperf\u00fcrth<\/p>\n<p>Kontaktdaten (Telefon 02267\/4184)<\/p>\n<p>Sie erreichen den Praxisinhaber unter:<\/p>\n<p>Dr. Baase<\/p>\n<p>Praxis Hochstra\u00dfe 62, 51688 Wipperf\u00fcrth<\/p>\n<p>Telefon 02267\/4184<\/p>\n<p>Praxis-Baase@t-online.de<\/p>\n<p><b>2. Zweck der Datenverarbeitung<\/b><\/p>\n<p>Wir erheben, verarbeiten und nutzen Ihre personenbezogenen Daten nur, wenn und soweit Sie hierzu eingewilligt haben oder dies durch Gesetz erlaubt ist.<\/p>\n<p><b>3. Empf\u00e4nger Ihrer Daten<\/b><\/p>\n<p>Die Seite www.drbaase.de ist besuchbar, ohne Angaben zu Ihrer Person zu machen. Gleichwohl werden schon bei dem einfachen Seitenbesuch Informationen zum Zugriff (Datum, Uhrzeit, \u00fcbertragene Datenmenge, Navigationsherkunft, Browser, Betriebssystem, IP-Adresse) gespeichert. Dies ist gem\u00e4\u00df Urteil des EuGH vom 19.10.2016 (C-582\/14) m\u00f6glich. Eine Weitergabe dieser Daten an Dritte erfolgt nur, wenn Sie eingewilligt haben oder dies gesetzlich vorgesehen ist.<\/p>\n<p><b>4. Cookies\/Analyse\/Social-Media<\/b><\/p>\n<p>Cookies sind Informationen, die von unserem Webserver oder Webservern Dritter an die Web-Browser der Nutzer \u00fcbertragen und dort f\u00fcr einen sp\u00e4teren Abruf gespeichert werden. Bei Cookies kann es sich um kleine Dateien oder sonstige Arten der Informationsspeicherung handeln.<\/p>\n<p>Wir verwenden &#8222;Session-Cookies&#8220;, die nur f\u00fcr die Zeitdauer des aktuellen Besuchs auf unserer Onlinepr\u00e4senz abgelegt werden (z.B. um die Speicherung Ihres Login-Status oder die Warenkorbfunktion und somit die Nutzung unseres Onlineangebotes \u00fcberhaupt erm\u00f6glichen zu k\u00f6nnen). In einem Session-Cookie wird eine zuf\u00e4llig erzeugte eindeutige Identifikationsnummer abgelegt, eine sogenannte Session-ID. Au\u00dferdem enth\u00e4lt ein Cookie die Angabe \u00fcber seine Herkunft und die Speicherfrist. Diese Cookies k\u00f6nnen keine anderen Daten speichern. Session-Cookies werden gel\u00f6scht, wenn Sie die Nutzung unseres Onlineangebotes beendet haben und sich z.B. ausloggen oder den Browser schlie\u00dfen.<\/p>\n<p>Falls die Nutzer nicht m\u00f6chten, dass Cookies auf ihrem Rechner gespeichert werden, werden sie gebeten die entsprechende Option in den Systemeinstellungen ihres Browsers zu deaktivieren. Gespeicherte Cookies k\u00f6nnen in den Systemeinstellungen des Browsers gel\u00f6scht werden. Der Ausschluss von Cookies kann zu Funktionseinschr\u00e4nkungen dieses Onlineangebotes f\u00fchren.<\/p>\n<p><b>5. Kommunikation mit uns<\/b><\/p>\n<p>&#8211; E-Mail\/Formulare<\/p>\n<p>Terminanfragen werden \u00fcber den von CGM bereitgestellten Online-Dienst bearbeitet. E-Mails werden &#8211; wenn nicht verschl\u00fcsselt-\u00a0 nicht bearbeitet.<\/p>\n<p><b>6. Ihre Rechte<\/b><\/p>\n<p>Sie haben das Recht, \u00fcber die Sie kennen personenbezogenen Daten Auskunft zu erhalten sowie erteilte Einwilligungen mit Wirkung f\u00fcr die Zukunft zu widerrufen. Auch k\u00f6nnen Sie die Berichtigung unrichtiger Daten verlangen.<\/p>\n<p>Dar\u00fcber hinaus steht Ihnen unter bestimmten Voraussetzungen das Recht auf L\u00f6schung von Daten, das Recht auf Einschr\u00e4nkung der Datenverarbeitung sowie das Recht auf Daten\u00fcbertragbarkeit zu.<\/p>\n<p>Die Verarbeitung Ihrer Daten erfolgt auf Basis von gesetzlichen Regelungen. Nur in Ausnahmef\u00e4llen ben\u00f6tigen wir Ihr Einverst\u00e4ndnis. In diesen F\u00e4llen haben Sie das Recht, die Einwilligung f\u00fcr die zuk\u00fcnftige Verarbeitung zu widerrufen.<\/p>\n<p>Sie haben ferner das Recht, sich bei der zust\u00e4ndigen Aufsichtsbeh\u00f6rde f\u00fcr den Datenschutz zu beschweren, wenn Sie der Ansicht sind, dass die Verarbeitung Ihrer personenbezogenen Daten nicht rechtm\u00e4\u00dfig erfolgt.<\/p>\n<p>Die Anschrift der f\u00fcr uns zust\u00e4ndigen Aufsichtsbeh\u00f6rde lautet:<\/p>\n<p>Die Landesbeauftragte f\u00fcr Datenschutz und Informationsfreiheit NRW (LDI), Kavalleriestra\u00dfe 2-4, 40213 D\u00fcsseldorf, Telefon: 0211\/384240<\/p>\n<p><b>7. Rechtsgrundlage<\/b><\/p>\n<p>Rechtsgrundlage f\u00fcr die Verarbeitung Ihrer Daten ist Artikel 6 Absatz 1 Satz 1 DSGVO. Sollten Sie Fragen haben, k\u00f6nnen Sie sich gern an uns (siehe unter Ziff. 1.) wenden.<\/p>\n<div><b>Copyright:<\/b><\/p>\n<table cellspacing=\"0\" cellpadding=\"0\">\n<tbody>\n<tr>\n<td>Copyright Bilder:<\/td>\n<td>\u00a0 iStockPhoto<\/td>\n<\/tr>\n<\/tbody>\n<\/table>\n<\/div>\n<\/div>\n","protected":false},"excerpt":{"rendered":"<p>Impressum Impressum Frauenarztpraxis Dr. med. Bernd Baase &#8211; Frauenarzt &#8211; Hochstra\u00dfe 62 51688 Wipperf\u00fcrth Telefon 02267 4184 Fax 02267 829610 E-Mail\u00a0Praxis-Baase@t-online.de Zust\u00e4ndige Landes\u00e4rztekammer (Aufsichtbeh\u00f6rde): \u00c4rztekammer Nordrhein: Tersteegenstr. 9 40474 D\u00fcsseldorf Zust\u00e4ndige Kassen\u00e4rztliche Vereinigung: Kassen\u00e4rztliche Vereinigung Nordrhein Tersteegenstra\u00dfe 9 40474 D\u00fcsseldorf Berufsrechtliche Regelungen: Berufsordnung der \u00c4rztekammer Nordrhein Heilberufsgesetz des Landes NRW Berufsbezeichnung Arzt, verliehen in Deutschland. [&hellip;]<\/p>\n","protected":false},"author":219,"featured_media":0,"parent":0,"menu_order":2,"comment_status":"closed","ping_status":"closed","template":"","meta":{"footnotes":""},"class_list":["post-10","page","type-page","status-publish","hentry"],"_links":{"self":[{"href":"https:\/\/docsites.cgmlife.com\/1372679994127\/wp-json\/wp\/v2\/pages\/10","targetHints":{"allow":["GET"]}}],"collection":[{"href":"https:\/\/docsites.cgmlife.com\/1372679994127\/wp-json\/wp\/v2\/pages"}],"about":[{"href":"https:\/\/docsites.cgmlife.com\/1372679994127\/wp-json\/wp\/v2\/types\/page"}],"author":[{"embeddable":true,"href":"https:\/\/docsites.cgmlife.com\/1372679994127\/wp-json\/wp\/v2\/users\/219"}],"replies":[{"embeddable":true,"href":"https:\/\/docsites.cgmlife.com\/1372679994127\/wp-json\/wp\/v2\/comments?post=10"}],"version-history":[{"count":6,"href":"https:\/\/docsites.cgmlife.com\/1372679994127\/wp-json\/wp\/v2\/pages\/10\/revisions"}],"predecessor-version":[{"id":181,"href":"https:\/\/docsites.cgmlife.com\/1372679994127\/wp-json\/wp\/v2\/pages\/10\/revisions\/181"}],"wp:attachment":[{"href":"https:\/\/docsites.cgmlife.com\/1372679994127\/wp-json\/wp\/v2\/media?parent=10"}],"curies":[{"name":"wp","href":"https:\/\/api.w.org\/{rel}","templated":true}]}}