{"id":2,"date":"2013-02-05T09:30:54","date_gmt":"2013-02-05T08:30:54","guid":{"rendered":"http:\/\/docsites.cgmlife.com\/medistar\/?page_id=2"},"modified":"2023-10-26T14:12:21","modified_gmt":"2023-10-26T12:12:21","slug":"beispiel-seite","status":"publish","type":"page","link":"https:\/\/docsites.cgmlife.com\/1372679994127\/","title":{"rendered":"Start"},"content":{"rendered":"\n<h1 class=\"wp-block-heading\">Herzlich willkommen in unserer virtuellen Praxis<\/h1>\n\n\n\n<p>Willkommen auf der Internetseite unserer Frauen-Praxis &#8211; Dr. Baase in Wipperf\u00fcrth. Wir w\u00fcnschen Ihnen einen \u00fcbersichtlichen und informativen Aufenthalt.<\/p>\n\n\n\n<p>\u00dcber die Hauptmen\u00fc-Punkte k\u00f6nnen Sie Informationen \u00fcber unsere M\u00f6glichkeiten, unsere Praxis, das Team, Services und nat\u00fcrlich die Lage der Praxis abrufen.<\/p>\n\n\n\n<p>Sie k\u00f6nnen auch u. a. einen <a href=\"https:\/\/home.cgm-life.de\/portal\/#\/appointment\/?institution=75f35328-76fe-41f5-855b-215221f0bac0\"><strong>online-Termin<\/strong><\/a> buchen.<\/p>\n\n\n\n<p>Als Unterlage bitte ein gro\u00dfes Bade-\/Handtuch mitbringen.<\/p>\n\n\n\n<p>Sprechzeiten Dr. Baase<\/p>\n\n\n\n<figure class=\"wp-block-table\"><table><thead><tr><th><\/th><th>Vormittag<\/th><th>Nachmittag<\/th><\/tr><\/thead><tbody><tr><td>Montag<\/td><td>08:00 &#8211; 12:00 Uhr<\/td><td>15:00 &#8211; 18:00 Uhr<\/td><\/tr><tr><td>Dienstag<\/td><td>08:00 &#8211; 12:00 Uhr<\/td><td>15:00 &#8211; 18:00 Uhr<\/td><\/tr><tr><td>Mittwoch<\/td><td>08:00 &#8211; 12:00 Uhr<\/td><td>n.V.<\/td><\/tr><tr><td>Donnerstag<\/td><td>08:00 &#8211; 12:00 Uhr<\/td><td>15:00 &#8211; 19:00 Uhr<\/td><\/tr><tr><td>Freitag<\/td><td>08:00 &#8211; 12:00 Uhr<\/td><td><em>14:00 &#8211; 16:30 Uhr<\/em>&nbsp;*<\/td><\/tr><\/tbody><\/table><\/figure>\n\n\n\n<p>*<strong>Komfortsprechstunde<\/strong> Privat\/Selbstzahler n. Vereinbarung<br>Mo-Fr 12.00-13.00 offene Sprechstunde n.V.<\/p>\n\n\n\n<p>mit Clara ehemals 400g\u2026<\/p>\n\n\n\n<figure class=\"wp-block-gallery has-nested-images columns-default is-cropped wp-block-gallery-1 is-layout-flex wp-block-gallery-is-layout-flex\">\n<figure class=\"wp-block-image size-medium\"><a href=\"https:\/\/docsites.cgmlife.com\/1372679994127\/wp-content\/uploads\/sites\/172\/2013\/02\/Fr\u00fchchen-2@0-Kopie.jpg\"><img loading=\"lazy\" decoding=\"async\" width=\"300\" height=\"224\" data-id=\"104\" src=\"https:\/\/docsites.cgmlife.com\/1372679994127\/wp-content\/uploads\/sites\/172\/2013\/02\/Fr\u00fchchen-2@0-Kopie-300x224.jpg\" alt=\"Dr. Baase mit Clara\" class=\"wp-image-104\" srcset=\"https:\/\/docsites.cgmlife.com\/1372679994127\/wp-content\/uploads\/sites\/172\/2013\/02\/Fr\u00fchchen-2@0-Kopie-300x224.jpg 300w, https:\/\/docsites.cgmlife.com\/1372679994127\/wp-content\/uploads\/sites\/172\/2013\/02\/Fr\u00fchchen-2@0-Kopie-1024x764.jpg 1024w\" sizes=\"auto, (max-width: 300px) 100vw, 300px\" \/><\/a><\/figure>\n\n\n\n<figure class=\"wp-block-image size-medium\"><a href=\"https:\/\/schwanger-mit-dir.de\"><img loading=\"lazy\" decoding=\"async\" width=\"300\" height=\"250\" data-id=\"218\" src=\"https:\/\/docsites.cgmlife.com\/1372679994127\/wp-content\/uploads\/sites\/172\/2023\/10\/BVF_Banner_300x250_RZ.jpg\" alt=\"\" class=\"wp-image-218\" \/><\/a><\/figure>\n<\/figure>\n","protected":false},"excerpt":{"rendered":"<p>Herzlich willkommen in unserer virtuellen Praxis Willkommen auf der Internetseite unserer Frauen-Praxis &#8211; Dr. Baase in Wipperf\u00fcrth. Wir w\u00fcnschen Ihnen einen \u00fcbersichtlichen und informativen Aufenthalt. \u00dcber die Hauptmen\u00fc-Punkte k\u00f6nnen Sie Informationen \u00fcber unsere M\u00f6glichkeiten, unsere Praxis, das Team, Services und nat\u00fcrlich die Lage der Praxis abrufen. Sie k\u00f6nnen auch u. a. einen online-Termin buchen. Als [&hellip;]<\/p>\n","protected":false},"author":219,"featured_media":0,"parent":0,"menu_order":-1,"comment_status":"closed","ping_status":"closed","template":"","meta":{"footnotes":""},"class_list":["post-2","page","type-page","status-publish","hentry"],"_links":{"self":[{"href":"https:\/\/docsites.cgmlife.com\/1372679994127\/wp-json\/wp\/v2\/pages\/2","targetHints":{"allow":["GET"]}}],"collection":[{"href":"https:\/\/docsites.cgmlife.com\/1372679994127\/wp-json\/wp\/v2\/pages"}],"about":[{"href":"https:\/\/docsites.cgmlife.com\/1372679994127\/wp-json\/wp\/v2\/types\/page"}],"author":[{"embeddable":true,"href":"https:\/\/docsites.cgmlife.com\/1372679994127\/wp-json\/wp\/v2\/users\/219"}],"replies":[{"embeddable":true,"href":"https:\/\/docsites.cgmlife.com\/1372679994127\/wp-json\/wp\/v2\/comments?post=2"}],"version-history":[{"count":31,"href":"https:\/\/docsites.cgmlife.com\/1372679994127\/wp-json\/wp\/v2\/pages\/2\/revisions"}],"predecessor-version":[{"id":221,"href":"https:\/\/docsites.cgmlife.com\/1372679994127\/wp-json\/wp\/v2\/pages\/2\/revisions\/221"}],"wp:attachment":[{"href":"https:\/\/docsites.cgmlife.com\/1372679994127\/wp-json\/wp\/v2\/media?parent=2"}],"curies":[{"name":"wp","href":"https:\/\/api.w.org\/{rel}","templated":true}]}}