{"id":4,"date":"2013-01-03T13:10:22","date_gmt":"2013-01-03T13:10:22","guid":{"rendered":"http:\/\/docsites.cgmlife.com\/christianemueller\/?page_id=4"},"modified":"2013-05-30T22:23:33","modified_gmt":"2013-05-30T20:23:33","slug":"impressum","status":"publish","type":"page","link":"https:\/\/docsites.cgmlife.com\/1373460858131\/impressum\/","title":{"rendered":"Impressum"},"content":{"rendered":"<p>Information gem\u00e4\u00df \u00a7 5 E-Commerce-Gesetz und Offenlegung gem\u00e4\u00df \u00a7 25 Mediengesetz:<\/p>\n<table cellspacing=\"0\" cellpadding=\"0\">\n<tbody>\n<tr valign=\"top\">\n<td colspan=\"2\">F\u00fcr den Inhalt verantwortlich: Praxis f\u00fcr Zahnheilkunde\u00a0Doktores Palauneck, Krause und Hayler<\/td>\n<\/tr>\n<tr valign=\"top\">\n<td width=\"80\">Anschrift:<\/td>\n<td width=\"500\">B\u00fcrgerplatz 11a<br \/>\n96472 R\u00f6dental<\/td>\n<\/tr>\n<tr valign=\"top\">\n<td><\/td>\n<td><\/td>\n<\/tr>\n<tr valign=\"top\">\n<td colspan=\"2\">Mitglied der \u00c4rztekammer &#8230;<\/td>\n<\/tr>\n<tr valign=\"top\">\n<td>Berufsbezeichnung:<\/td>\n<td>\u00a0Zahn\u00e4rzte<\/td>\n<\/tr>\n<\/tbody>\n<\/table>\n","protected":false},"excerpt":{"rendered":"<p>Information gem\u00e4\u00df \u00a7 5 E-Commerce-Gesetz und Offenlegung gem\u00e4\u00df \u00a7 25 Mediengesetz: F\u00fcr den Inhalt verantwortlich: Praxis f\u00fcr Zahnheilkunde\u00a0Doktores Palauneck, Krause und Hayler Anschrift: B\u00fcrgerplatz 11a 96472 R\u00f6dental Mitglied der \u00c4rztekammer &#8230; Berufsbezeichnung: \u00a0Zahn\u00e4rzte<\/p>\n","protected":false},"author":298,"featured_media":0,"parent":0,"menu_order":99,"comment_status":"closed","ping_status":"closed","template":"","meta":{"footnotes":""},"class_list":["post-4","page","type-page","status-publish","hentry"],"_links":{"self":[{"href":"https:\/\/docsites.cgmlife.com\/1373460858131\/wp-json\/wp\/v2\/pages\/4","targetHints":{"allow":["GET"]}}],"collection":[{"href":"https:\/\/docsites.cgmlife.com\/1373460858131\/wp-json\/wp\/v2\/pages"}],"about":[{"href":"https:\/\/docsites.cgmlife.com\/1373460858131\/wp-json\/wp\/v2\/types\/page"}],"author":[{"embeddable":true,"href":"https:\/\/docsites.cgmlife.com\/1373460858131\/wp-json\/wp\/v2\/users\/298"}],"replies":[{"embeddable":true,"href":"https:\/\/docsites.cgmlife.com\/1373460858131\/wp-json\/wp\/v2\/comments?post=4"}],"version-history":[{"count":0,"href":"https:\/\/docsites.cgmlife.com\/1373460858131\/wp-json\/wp\/v2\/pages\/4\/revisions"}],"wp:attachment":[{"href":"https:\/\/docsites.cgmlife.com\/1373460858131\/wp-json\/wp\/v2\/media?parent=4"}],"curies":[{"name":"wp","href":"https:\/\/api.w.org\/{rel}","templated":true}]}}