{"id":10,"date":"2013-02-05T11:37:41","date_gmt":"2013-02-05T09:37:41","guid":{"rendered":"http:\/\/docsites.cgmlife.com\/medistar\/?page_id=10"},"modified":"2018-05-24T12:30:59","modified_gmt":"2018-05-24T10:30:59","slug":"impressum","status":"publish","type":"page","link":"https:\/\/docsites.cgmlife.com\/1373874150127\/impressum\/","title":{"rendered":"Impressum"},"content":{"rendered":"<p>Dres. Rothe &#8211; Zahn\u00e4rzte im B\u00f6tzowviertel<\/p>\n<p>Dr. med. dent. Sven Rothe<\/p>\n<p>Dr. med. dent. Sabine Rothe<\/p>\n<p>Hans-Otto-Str. 1<\/p>\n<p>10407 Berlin<\/p>\n<p>Tel. 030 4258710<\/p>\n<p>Mail: info@dr-rothe-berlin.de<\/p>\n<p>&nbsp;<\/p>\n<p>Kammer (Berufsrechtliche Aufsichtsbeh\u00f6rde):<\/p>\n<p>Zahn\u00e4rztekammer Berlin<\/p>\n<p>Stallstr. 1<\/p>\n<p>10585 Berlin<\/p>\n<p><a href=\"http:\/\/www.zaek-berlin.de\">http:\/\/www.zaek-berlin.de<br \/>\n<\/a><\/p>\n<p>&nbsp;<\/p>\n<p><span>Kassenzahn\u00e4rztliche Aufsichtsbeh\u00f6rde:<\/span><br \/>\n<span> Kassenzahn\u00e4rztliche Vereinigung Berlin<\/span><\/p>\n<p><span>Georg-Wilhelm-Str. 16<\/span><\/p>\n<p><span>10702 Berlin<\/span><\/p>\n<p><span><a title=\"KZV-Berlin\" href=\"http:\/\/www.kzv-berlin.de\"><span style=\"text-decoration: underline\">http:\/\/www.kzv-berlin.de<\/span><\/a><\/span><br \/>\n<span style=\"text-decoration: underline\"> <a href=\"http:\/\/www.kzv-berlin.de\"><br \/>\n<\/a><\/span><\/p>\n<p>Berufsbezeichnung<\/p>\n<p>Zahnarzt (Staatsexamen Bundesrepublik Deutschland)<\/p>\n<p>Zahn\u00e4rztin (Staatsexamen Bundesrepublik Deutschland)<\/p>\n<p>&nbsp;<\/p>\n<p>Berufsrechtliche Regelungen<\/p>\n<p>Gesetz \u00fcber die Aus\u00fcbung der Zahnheilkunde (ZHG);<\/p>\n<p>Berliner Kammergesetz f\u00fcr die Heilberufe;<\/p>\n<p>Berufsordnung (der Zahn\u00e4rztekammer Berlin);<\/p>\n<p>Geb\u00fchrenordnung f\u00fcr Zahn\u00e4rzte (GOZ)<\/p>\n<p>&nbsp;<\/p>\n<p>Haftung f\u00fcr Inhalte<\/p>\n<p>Die Inhalte unsrer Seite wurden mit gr\u00f6\u00dfter Sorgfalt erstellt. F\u00fcr die Richtigkeit, Vollst\u00e4ndigkeit und Aktualit\u00e4t k\u00f6nnen wir jedoch keine Gew\u00e4hr \u00fcbernehmen.<\/p>\n<p>Als Dienstanbieter sind wir gem\u00e4\u00df \u00a76 MDStV und \u00a78 Abs. 1 TDG\u00a0f\u00fcr eigene Inhalte auf diesen Seiten nach den allgemeinen Gesetzen verantwortlich. Dienstanbieter sind jedoch nicht verpflichtet, die von ihnen \u00fcbermittelten oder fremden Informationen zu \u00fcberwachen oder nach Umst\u00e4nden zu forschen, die auf eine rechtswidrige T\u00e4tigkeit hinweisen. Verpflichtungen zur Entfernung oder Sperrung der Nutzung von Informationen nach den allgemeinen Gesetzen bleiben hiervon unber\u00fchrt. Eine diesbez\u00fcgliche Haftung ist jedoch erst ab dem Zeitpunkt der Kenntnis einer konkreten Rechtsverletzung m\u00f6glich. Bei Bekanntwerden entsprechender Rechtsverletzungen werden wir diese Inhalte umgehend entfernen.<\/p>\n<p>&nbsp;<\/p>\n<p>Haftung f\u00fcr Links<\/p>\n<p>Unser Angebot enth\u00e4lt Links zu externen Webseiten Dritter, auf deren Inhalte wir keinen Einfluss haben. Deshalb k\u00f6nnen wir f\u00fcr diese fremden Inhalte auch keine Gew\u00e4hr \u00fcbernehmen. F\u00fcr die Inhalte der verlinkten Seiten ist stets der jeweilige Anbieter oder Betreiber verantwortlich. Die verlinkten Seiten wurden zum Zeitpunkt der Verlinkung auf m\u00f6gliche Rechtsverst\u00f6\u00dfe \u00fcberpr\u00fcft. Rechtswidrige Inhalte waren zum Zeitpunkt der Verlinkung nicht erkennbar. Eine permanente inhaltliche Kontrolle der verlinkten Seiten ist jedoch ohne konkrete Anhaltspunkte einer Rechtsverletzung nicht zumutbar. Bei Bekanntwerden von Rechtsverletzungen werden wir derartige Links umgehend entfernen.<\/p>\n<p>&nbsp;<\/p>\n<p>Urheberrecht<\/p>\n<p>Die Betreiber der Seiten sind bem\u00fcht, stets die Urheberrechte anderer zu beachten bzw. auf selbst erstellte sowie lizenzfreie Werke zur\u00fcckzugreifen.<\/p>\n<p>Die durch die Seitenbetreiber erstellten Inhalte und Werke auf diesen Seiten unterliegen dem deutschen Urheberrecht. Beitr\u00e4ge Dritter sind als solche gekennzeichnet. Die Vervielf\u00e4ltigung, Bearbeitung, Verbreitung und jede Art der Verwertung au\u00dferhalb der Grenzen des Urheberrechtes bed\u00fcrfen der schriftlichen Zustimmung des jeweiligen Autors bzw. Erstellers.<\/p>\n<p>&nbsp;<\/p>\n<p>Datenschutzerkl\u00e4rung (EU-DSGVO)<\/p>\n<p>Wir weisen darauf hin, dass:<\/p>\n<ul>\n<li>personenbezogene Daten wie Name, Postanschrift, E-Mail-Adresse, Telefonnummer oder das Geburtsdatum ausschlie\u00dflich in \u00dcbereinstimmung mit dem jeweils geltenden Datenschutzrecht erhoben und genutzt werden,<\/li>\n<li>die Daten nur gespeichert werden, wenn sie aktiv \u00fcbermittelt werden,<\/li>\n<li>die Daten zum Beispiel nur zur Beantwortung von Anfragen, das Recall, wenn von Ihnen gew\u00fcnscht, oder zur Zusendung von Informationsmaterial verwendet werden,<\/li>\n<li>Kontaktdaten, die im Rahmen von Anfragen angegeben werden, ausschlie\u00dflich f\u00fcr die Korrespondenz verwendet werden,<\/li>\n<li>e-Mail-Adressen, die die Nutzer zur Terminvereinbarung angegeben haben, auch nur daf\u00fcr genutzt werden.<\/li>\n<\/ul>\n<p>&nbsp;<\/p>\n<p>Information zur au\u00dfergerichtlichen Streitbeilegung<\/p>\n<p>Im Hinblick auf eine Verpflichtung aus \u00a7\u00a736, 37 VSBG setzen wir Sie davon in Kenntnis, dass unsere Praxis zu einem au\u00dfergerichtlichen Streitbeilegungsverfahren vor einer Verbraucherschlichtungsstelle \u00a0\u00a0 i. S. d. VSBG nicht verpflichtet ist und an einem solchen Verfahren nicht teilnimmt. Die Zahn\u00e4rztekammer Berlin hat eine Schlichtungsstelle f\u00fcr Streitigkeiten aus dem Berufsverh\u00e4ltnis nach dem Berliner Kammergesetz (BKG) eingerichtet, die von Patientinnen und Patienten bei Zweifeln an der Richtigkeit zahn\u00e4rztlicher Leistungen angerufen werden kann.<\/p>\n<p><b>Copyright:<\/b><\/p>\n<table cellspacing=\"0\" cellpadding=\"0\">\n<tbody>\n<tr>\n<td>Copyright Bilder:<\/td>\n<td>\u00a0 iStockPhoto<\/td>\n<\/tr>\n<\/tbody>\n<\/table>\n","protected":false},"excerpt":{"rendered":"<p>Dres. Rothe &#8211; Zahn\u00e4rzte im B\u00f6tzowviertel Dr. med. dent. Sven Rothe Dr. med. dent. Sabine Rothe Hans-Otto-Str. 1 10407 Berlin Tel. 030 4258710 Mail: info@dr-rothe-berlin.de &nbsp; Kammer (Berufsrechtliche Aufsichtsbeh\u00f6rde): Zahn\u00e4rztekammer Berlin Stallstr. 1 10585 Berlin http:\/\/www.zaek-berlin.de &nbsp; Kassenzahn\u00e4rztliche Aufsichtsbeh\u00f6rde: Kassenzahn\u00e4rztliche Vereinigung Berlin Georg-Wilhelm-Str. 16 10702 Berlin http:\/\/www.kzv-berlin.de Berufsbezeichnung Zahnarzt (Staatsexamen Bundesrepublik Deutschland) Zahn\u00e4rztin (Staatsexamen Bundesrepublik [&hellip;]<\/p>\n","protected":false},"author":302,"featured_media":0,"parent":0,"menu_order":1000,"comment_status":"closed","ping_status":"closed","template":"","meta":{"footnotes":""},"class_list":["post-10","page","type-page","status-publish","hentry"],"_links":{"self":[{"href":"https:\/\/docsites.cgmlife.com\/1373874150127\/wp-json\/wp\/v2\/pages\/10","targetHints":{"allow":["GET"]}}],"collection":[{"href":"https:\/\/docsites.cgmlife.com\/1373874150127\/wp-json\/wp\/v2\/pages"}],"about":[{"href":"https:\/\/docsites.cgmlife.com\/1373874150127\/wp-json\/wp\/v2\/types\/page"}],"author":[{"embeddable":true,"href":"https:\/\/docsites.cgmlife.com\/1373874150127\/wp-json\/wp\/v2\/users\/302"}],"replies":[{"embeddable":true,"href":"https:\/\/docsites.cgmlife.com\/1373874150127\/wp-json\/wp\/v2\/comments?post=10"}],"version-history":[{"count":19,"href":"https:\/\/docsites.cgmlife.com\/1373874150127\/wp-json\/wp\/v2\/pages\/10\/revisions"}],"predecessor-version":[{"id":101,"href":"https:\/\/docsites.cgmlife.com\/1373874150127\/wp-json\/wp\/v2\/pages\/10\/revisions\/101"}],"wp:attachment":[{"href":"https:\/\/docsites.cgmlife.com\/1373874150127\/wp-json\/wp\/v2\/media?parent=10"}],"curies":[{"name":"wp","href":"https:\/\/api.w.org\/{rel}","templated":true}]}}