{"id":139,"date":"2016-06-12T15:05:32","date_gmt":"2016-06-12T13:05:32","guid":{"rendered":"http:\/\/docsites.cgmlife.com\/1373874150127\/?page_id=139"},"modified":"2016-07-25T10:08:10","modified_gmt":"2016-07-25T08:08:10","slug":"praxisleistungen","status":"publish","type":"page","link":"https:\/\/docsites.cgmlife.com\/1373874150127\/praxisleistungen\/","title":{"rendered":"Praxisleistungen"},"content":{"rendered":"<h2>Prothetische Zahnheilkunde<\/h2>\n<h3>Ersatz fehlender Z\u00e4hne durch festsitzenden oder herausnehmbaren Zahnersatz<\/h3>\n<ul>\n<li>Vollkeramische Kronen und Br\u00fccken<\/li>\n<li>Metallkeramische Kronen und Br\u00fccken<\/li>\n<li>Kombinationszahnersatz als Geschiebe oder Teleskope<\/li>\n<li>AGC-Galvanotechnik<\/li>\n<li>Implantatprothetik<\/li>\n<li>Defektprothetik<\/li>\n<li>Individuelle Zahnfarbbestimmung<\/li>\n<\/ul>\n<p>Unser Zahnersatz wird ausschlie\u00dflich in einem deutschen, nach Qualit\u00e4tsrichtlinien zertifizierten Meisterlabor gefertigt<\/p>\n<p>www.ruppin-zahntechnik.de<\/p>\n<p>www.condylus-zahntechnik.de<\/p>\n<p>&nbsp;<\/p>\n<h2>Konservierende Zahnheilkunde<\/h2>\n<ul>\n<li>Karies- und Parodontoseprophylaxe (regelm\u00e4\u00dfige Kontrolle durch den Zahnarzt)<\/li>\n<li>Amalgamfreie F\u00fcllungstherapie (Kunststoff, Keramik, Gold)<\/li>\n<li>Endodontie (maschinelle Wurzelkanalbehandlungen mit elektrometrischer Kanall\u00e4ngenmessung)<\/li>\n<\/ul>\n<p>&nbsp;<\/p>\n<h2>Zahn\u00e4rztliche Implantologie<\/h2>\n<h3>Einsetzen k\u00fcnstlicher Zahnwurzeln in den Kieferknochen<\/h3>\n<ul>\n<li>als Einzelzahn<\/li>\n<li>bei zahnlosem Ober- und Unterkiefer<\/li>\n<li>bei verk\u00fcrzten Zahnreihen<\/li>\n<\/ul>\n<p>&nbsp;<\/p>\n<ul>\n<li>Knochenaufbau<\/li>\n<li>Gesteuerte Geweberegeneration (Membrantechnik) &#8211; GBR<\/li>\n<li>Spezielle Operationstechniken (Kieferh\u00f6hlenbodenanhebung)<\/li>\n<\/ul>\n<p><a href=\"http:\/\/patienten.camlog.de\">http:\/\/patienten.camlog.de<\/a><\/p>\n<p>&nbsp;<\/p>\n<h2>Zahn\u00e4rztliche Chirurgie<\/h2>\n<ul>\n<li>Zahnextraktion, Wurzelspitzenresektion<\/li>\n<li>Operative Zahnentfernung (z.B. von Weisheitsz\u00e4hnen)<\/li>\n<\/ul>\n<p>&nbsp;<\/p>\n<h2>Parodontologie<\/h2>\n<h3>Behandlung und Langzeitbetreuung von Erkrankungen des Zahnfleisches und des Zahnhalteapparates<\/h3>\n<p>&nbsp;<\/p>\n<h2>\u00c4sthetische Zahnmedizin<\/h2>\n<h3>Restaurative Korrektur von Farb-, Form- und Stellungsanomalien der Z\u00e4hne<\/h3>\n<p>&nbsp;<\/p>\n<h2>Individualprophylaxe<\/h2>\n<ul>\n<li>Professionelle\u00a0 Zahnreinigung\/ Airflow<\/li>\n<li>Unterst\u00fctzende Parodontitistherapie<\/li>\n<\/ul>\n<p>&nbsp;<\/p>\n<h2>Digitales R\u00f6ntgen<\/h2>\n<h3>digitale Einzelbild- und Panoramaaufnahmen des gesamten Gebisses mit erheblich reduzierter Strahlenbelastung<\/h3>\n<p>&nbsp;<\/p>\n<h2>Funktionsanalyse\/Funktionstherapie<\/h2>\n<h3>Diagnostik und Therapie von Kiefergelenkerkrankungen<\/h3>\n<p>&nbsp;<\/p>\n<h2>Kinderzahnheilkunde<\/h2>\n<ul>\n<li>Behandlung des Milch- und Wechselgebisses<\/li>\n<li>Kinderzahnpass<\/li>\n<\/ul>\n<p>&nbsp;<\/p>\n<h3>Weitere interessante Informationen finden Sie auch auf den Seiten der Initiative proDente e.V.<\/h3>\n<p><a href=\"http:\/\/www.prodente.de\/startseite.html\">http:\/\/www.prodente.de\/startseite.html<\/a><\/p>\n<p>&nbsp;<\/p>\n<p>&nbsp;<\/p>\n<p>&nbsp;<\/p>\n<p>&nbsp;<\/p>\n","protected":false},"excerpt":{"rendered":"<p>Prothetische Zahnheilkunde Ersatz fehlender Z\u00e4hne durch festsitzenden oder herausnehmbaren Zahnersatz Vollkeramische Kronen und Br\u00fccken Metallkeramische Kronen und Br\u00fccken Kombinationszahnersatz als Geschiebe oder Teleskope AGC-Galvanotechnik Implantatprothetik Defektprothetik Individuelle Zahnfarbbestimmung Unser Zahnersatz wird ausschlie\u00dflich in einem deutschen, nach Qualit\u00e4tsrichtlinien zertifizierten Meisterlabor gefertigt www.ruppin-zahntechnik.de www.condylus-zahntechnik.de &nbsp; Konservierende Zahnheilkunde Karies- und Parodontoseprophylaxe (regelm\u00e4\u00dfige Kontrolle durch den Zahnarzt) Amalgamfreie F\u00fcllungstherapie [&hellip;]<\/p>\n","protected":false},"author":302,"featured_media":0,"parent":0,"menu_order":0,"comment_status":"closed","ping_status":"closed","template":"","meta":{"footnotes":""},"class_list":["post-139","page","type-page","status-publish","hentry"],"_links":{"self":[{"href":"https:\/\/docsites.cgmlife.com\/1373874150127\/wp-json\/wp\/v2\/pages\/139","targetHints":{"allow":["GET"]}}],"collection":[{"href":"https:\/\/docsites.cgmlife.com\/1373874150127\/wp-json\/wp\/v2\/pages"}],"about":[{"href":"https:\/\/docsites.cgmlife.com\/1373874150127\/wp-json\/wp\/v2\/types\/page"}],"author":[{"embeddable":true,"href":"https:\/\/docsites.cgmlife.com\/1373874150127\/wp-json\/wp\/v2\/users\/302"}],"replies":[{"embeddable":true,"href":"https:\/\/docsites.cgmlife.com\/1373874150127\/wp-json\/wp\/v2\/comments?post=139"}],"version-history":[{"count":8,"href":"https:\/\/docsites.cgmlife.com\/1373874150127\/wp-json\/wp\/v2\/pages\/139\/revisions"}],"predecessor-version":[{"id":278,"href":"https:\/\/docsites.cgmlife.com\/1373874150127\/wp-json\/wp\/v2\/pages\/139\/revisions\/278"}],"wp:attachment":[{"href":"https:\/\/docsites.cgmlife.com\/1373874150127\/wp-json\/wp\/v2\/media?parent=139"}],"curies":[{"name":"wp","href":"https:\/\/api.w.org\/{rel}","templated":true}]}}