{"id":186,"date":"2016-06-15T20:18:49","date_gmt":"2016-06-15T18:18:49","guid":{"rendered":"http:\/\/docsites.cgmlife.com\/1373874150127\/?page_id=186"},"modified":"2016-08-04T16:40:52","modified_gmt":"2016-08-04T14:40:52","slug":"notdienst","status":"publish","type":"page","link":"https:\/\/docsites.cgmlife.com\/1373874150127\/notdienst\/","title":{"rendered":"Notdienst"},"content":{"rendered":"<p><a href=\"http:\/\/docsites.cgmlife.com\/1373874150127\/wp-content\/uploads\/sites\/267\/2016\/07\/teaser-notdienst-e1469806512609.jpg\"><img loading=\"lazy\" decoding=\"async\" class=\"alignright size-full wp-image-287\" alt=\"Notdienst\" src=\"http:\/\/docsites.cgmlife.com\/1373874150127\/wp-content\/uploads\/sites\/267\/2016\/07\/teaser-notdienst-e1469806512609.jpg\" width=\"186\" height=\"147\" \/><\/a>Sehr geehrte Patienten,<\/p>\n<p>sollten wir am Wochenende oder w\u00e4hrend der Urlaubszeit in Notf\u00e4llen nicht f\u00fcr Sie erreichbar sein<\/p>\n<p>finden Sie Hilfe beim von der Kassenzahn\u00e4rztlichen Vereinigung Berlin organisierten<\/p>\n<p>Zahn\u00e4rztlichen Notdienst<\/p>\n<p><a title=\"Notdienst\" href=\"http:\/\/www.kzv-berlin.de\/patienten\/notdienst.html\">http:\/\/www.kzv-berlin.de\/patienten\/notdienst.html<\/a><\/p>\n<p>oder der diensthabenden Apotheke<\/p>\n<p><a title=\"Apothekennotdienst\" href=\"http:\/\/www.akberlin.de\/notdienst.html\">http:\/\/www.akberlin.de\/notdienst.html<\/a><\/p>\n","protected":false},"excerpt":{"rendered":"<p>Sehr geehrte Patienten, sollten wir am Wochenende oder w\u00e4hrend der Urlaubszeit in Notf\u00e4llen nicht f\u00fcr Sie erreichbar sein finden Sie Hilfe beim von der Kassenzahn\u00e4rztlichen Vereinigung Berlin organisierten Zahn\u00e4rztlichen Notdienst http:\/\/www.kzv-berlin.de\/patienten\/notdienst.html oder der diensthabenden Apotheke http:\/\/www.akberlin.de\/notdienst.html<\/p>\n","protected":false},"author":302,"featured_media":0,"parent":0,"menu_order":7,"comment_status":"closed","ping_status":"closed","template":"","meta":{"footnotes":""},"class_list":["post-186","page","type-page","status-publish","hentry"],"_links":{"self":[{"href":"https:\/\/docsites.cgmlife.com\/1373874150127\/wp-json\/wp\/v2\/pages\/186","targetHints":{"allow":["GET"]}}],"collection":[{"href":"https:\/\/docsites.cgmlife.com\/1373874150127\/wp-json\/wp\/v2\/pages"}],"about":[{"href":"https:\/\/docsites.cgmlife.com\/1373874150127\/wp-json\/wp\/v2\/types\/page"}],"author":[{"embeddable":true,"href":"https:\/\/docsites.cgmlife.com\/1373874150127\/wp-json\/wp\/v2\/users\/302"}],"replies":[{"embeddable":true,"href":"https:\/\/docsites.cgmlife.com\/1373874150127\/wp-json\/wp\/v2\/comments?post=186"}],"version-history":[{"count":9,"href":"https:\/\/docsites.cgmlife.com\/1373874150127\/wp-json\/wp\/v2\/pages\/186\/revisions"}],"predecessor-version":[{"id":188,"href":"https:\/\/docsites.cgmlife.com\/1373874150127\/wp-json\/wp\/v2\/pages\/186\/revisions\/188"}],"wp:attachment":[{"href":"https:\/\/docsites.cgmlife.com\/1373874150127\/wp-json\/wp\/v2\/media?parent=186"}],"curies":[{"name":"wp","href":"https:\/\/api.w.org\/{rel}","templated":true}]}}