{"id":2,"date":"2013-02-05T09:30:54","date_gmt":"2013-02-05T07:30:54","guid":{"rendered":"http:\/\/docsites.cgmlife.com\/medistar\/?page_id=2"},"modified":"2023-01-11T18:10:26","modified_gmt":"2023-01-11T16:10:26","slug":"beispiel-seite","status":"publish","type":"page","link":"https:\/\/docsites.cgmlife.com\/1373874150127\/","title":{"rendered":"Start"},"content":{"rendered":"<p><code><br \/>\n<\/code><\/p>\n<div id=\"id242\">\n<h1>Herzlich Willkommen in unserer virtuellen Praxis.<\/h1>\n<p style=\"font-family: Arial,Helvetica,sans-serif;\">\n<\/div>\n<p style=\"font-family: Arial,Helvetica,sans-serif;\"><span style=\"font-size: small;\">Willkommen auf der Internetseite von Dr.\u00a0Sabine und Dr. Sven Rothe in Berlin. Wir w\u00fcnschen Ihnen einen \u00fcbersichtlichen und informativen Aufenthalt.<\/span><\/p>\n<p style=\"font-family: Arial,Helvetica,sans-serif;\"><span style=\"font-size: small;\">\u00dcber die Hauptmen\u00fc-Punkte k\u00f6nnen Sie Informationen \u00fcber unsere M\u00f6glichkeiten, unsere Praxis, das Team, Services und nat\u00fcrlich die Lage der Praxis abrufen.<\/span><\/p>\n<ul style=\"font-family: Arial,Helvetica,sans-serif;\">\n<li style=\"font-family: Arial,Helvetica,sans-serif;\"><span style=\"font-size: small;\">Wir m\u00f6chten, dass Sie bei im voraus planbaren Besuchen m\u00f6glichst kurze Wartezeiten haben. Deshalb f\u00fchren wir unsere Praxis als reine Bestellpraxis.<\/span><\/li>\n<li style=\"font-family: Arial,Helvetica,sans-serif;\"><span style=\"font-size: small;\">Wir m\u00f6chten, dass jeder Schmerzfall am gleichen Tag und m\u00f6glichst umgehend behandelt werden kann.<\/span><\/li>\n<\/ul>\n<p style=\"font-family: Arial,Helvetica,sans-serif;\"><span style=\"font-size: small;\">Um beidem gerecht werden zu k\u00f6nnen, bieten wir Ihnen folgende M\u00f6glichkeiten an:<\/span><\/p>\n<ul style=\"font-family: Arial,Helvetica,sans-serif;\">\n<li style=\"font-family: Arial,Helvetica,sans-serif;\"><span style=\"font-size: small;\">F\u00fcr Untersuchungen, Behandlungen sowie chirurgische Eingriffe, die sich vorausplanen lassen, rufen Sie uns bitte rechtzeitig an und vereinbaren einen festen Termin.<\/span><\/li>\n<\/ul>\n<ul style=\"font-family: Arial,Helvetica,sans-serif;\">\n<li style=\"font-family: Arial,Helvetica,sans-serif;\"><span style=\"font-size: small;\">In den F\u00e4llen, in denen Ihr Besuch nicht vorauszuplanen ist, kommen Sie bitte ohne Anmeldung in unsere Sprechstunde. Eine Wartezeit l\u00e4sst sich in diesen F\u00e4llen jedoch nicht vermeiden. Ein vorheriger Anruf verk\u00fcrzt m\u00f6glicherweise die L\u00e4nge Ihrer Wartezeit.<\/span><\/li>\n<\/ul>\n<p style=\"font-family: Arial,Helvetica,sans-serif;\"><span style=\"font-size: small;\">\u00a0<a style=\"color: #0066cc; font-family: Arial,Helvetica,sans-serif; font-size: 13px; font-style: normal; font-variant: normal; font-weight: 400; letter-spacing: normal; text-align: left; text-decoration: underline; text-indent: 0px;\" href=\"http:\/\/docsites.cgmlife.com\/1373874150127\/wp-content\/uploads\/sites\/267\/2019\/10\/ZFA_Teaser2-150x1501.jpg\"><img loading=\"lazy\" decoding=\"async\" class=\"alignright size-full wp-image-472\" style=\"cursor: default; float: right; border: 0px none currentColor;\" src=\"http:\/\/docsites.cgmlife.com\/1373874150127\/wp-content\/uploads\/sites\/267\/2019\/10\/ZFA_Teaser2-150x1501.jpg\" alt=\"ZFA_Teaser2-150x150[1]\" width=\"150\" height=\"150\" \/><\/a><\/span><\/p>\n<p style=\"font-family: Arial,Helvetica,sans-serif;\"><span style=\"font-size: small;\">Ihre<\/span><\/p>\n<p style=\"font-family: Arial,Helvetica,sans-serif;\"><span style=\"font-size: small;\">Dr. Sabine Rothe\u00a0\u00a0\u00a0\u00a0\u00a0\u00a0\u00a0\u00a0\u00a0\u00a0\u00a0\u00a0\u00a0\u00a0\u00a0\u00a0\u00a0\u00a0\u00a0\u00a0\u00a0\u00a0\u00a0\u00a0\u00a0\u00a0\u00a0\u00a0\u00a0\u00a0\u00a0\u00a0\u00a0\u00a0\u00a0\u00a0\u00a0\u00a0\u00a0\u00a0\u00a0\u00a0\u00a0<\/span><\/p>\n<p style=\"text-align: left; font-family: Arial,Helvetica,sans-serif;\"><span style=\"font-size: small;\">Dr. Sven Rothe<\/span><\/p>\n<p><code><b><\/b><i><\/i><br \/>\n<\/code><\/p>\n<div id=\"jameda-widget-container211079\"><\/div>\n","protected":false},"excerpt":{"rendered":"<p>Herzlich Willkommen in unserer virtuellen Praxis. Willkommen auf der Internetseite von Dr.\u00a0Sabine und Dr. Sven Rothe in Berlin. Wir w\u00fcnschen Ihnen einen \u00fcbersichtlichen und informativen Aufenthalt. \u00dcber die Hauptmen\u00fc-Punkte k\u00f6nnen Sie Informationen \u00fcber unsere M\u00f6glichkeiten, unsere Praxis, das Team, Services und nat\u00fcrlich die Lage der Praxis abrufen. Wir m\u00f6chten, dass Sie bei im voraus planbaren [&hellip;]<\/p>\n","protected":false},"author":302,"featured_media":0,"parent":0,"menu_order":-1,"comment_status":"closed","ping_status":"closed","template":"","meta":{"footnotes":""},"class_list":["post-2","page","type-page","status-publish","hentry"],"_links":{"self":[{"href":"https:\/\/docsites.cgmlife.com\/1373874150127\/wp-json\/wp\/v2\/pages\/2","targetHints":{"allow":["GET"]}}],"collection":[{"href":"https:\/\/docsites.cgmlife.com\/1373874150127\/wp-json\/wp\/v2\/pages"}],"about":[{"href":"https:\/\/docsites.cgmlife.com\/1373874150127\/wp-json\/wp\/v2\/types\/page"}],"author":[{"embeddable":true,"href":"https:\/\/docsites.cgmlife.com\/1373874150127\/wp-json\/wp\/v2\/users\/302"}],"replies":[{"embeddable":true,"href":"https:\/\/docsites.cgmlife.com\/1373874150127\/wp-json\/wp\/v2\/comments?post=2"}],"version-history":[{"count":18,"href":"https:\/\/docsites.cgmlife.com\/1373874150127\/wp-json\/wp\/v2\/pages\/2\/revisions"}],"predecessor-version":[{"id":657,"href":"https:\/\/docsites.cgmlife.com\/1373874150127\/wp-json\/wp\/v2\/pages\/2\/revisions\/657"}],"wp:attachment":[{"href":"https:\/\/docsites.cgmlife.com\/1373874150127\/wp-json\/wp\/v2\/media?parent=2"}],"curies":[{"name":"wp","href":"https:\/\/api.w.org\/{rel}","templated":true}]}}