{"id":495,"date":"2024-06-11T20:04:18","date_gmt":"2024-06-11T18:04:18","guid":{"rendered":"http:\/\/docsites.cgmlife.com\/1373874150127\/?page_id=495"},"modified":"2026-02-02T11:55:32","modified_gmt":"2026-02-02T09:55:32","slug":"team-2","status":"publish","type":"page","link":"https:\/\/docsites.cgmlife.com\/1373874150127\/team-2\/","title":{"rendered":"Team"},"content":{"rendered":"<p><code>\u00a0<\/code><\/p>\n<h1><img loading=\"lazy\" decoding=\"async\" class=\"alignright size-medium wp-image-377\" src=\"http:\/\/docsites.cgmlife.com\/1373874150127\/wp-content\/uploads\/sites\/267\/2017\/09\/Bini-2017-214x300.jpg\" alt=\"Bini 2017\" width=\"214\" height=\"300\" \/>Dr. med. dent. Sabine Rothe<\/h1>\n<ul>\n<li>Studium der Zahnmedizin an der Humboldt-Universit\u00e4t zu Berlin und der Georg-August-Universit\u00e4t in G\u00f6ttingen<\/li>\n<li>1991 Approbation als Zahn\u00e4rztin<\/li>\n<li>1994 Promotion zum Dr. med. dent.<\/li>\n<li>1994-1999 Wissenschaftliche Mitarbeiterin an der Med. Fakult\u00e4t der Humboldt-Universit\u00e4t zu Berlin (Charit\u00e9), Zentrum f\u00fcr Zahnmedizin, Abt. f\u00fcr Zahn\u00e4rztliche Prothetik und Alterszahnmedizin ( Leiter: Prof. Dr. K.-P- Lange)<\/li>\n<li>2000 Assistenzzahn\u00e4rztin in einer Praxis in Berlin Neuk\u00f6lln<\/li>\n<li>2001 -2003 Weiterbildungsassistentin in einer oralchirurgischen Praxis in Berlin Wilmersdorf<\/li>\n<li>\u00a02003-2004 Schwangerschaftsvertretung in einer Praxis in Berlin K\u00f6penick<\/li>\n<li>\u00a02004 Zertifiziertes Pr\u00fcfungsmitglied f\u00fcr die Aufstiegsfortbildung zur Zahnmedizinischen Prophylaxe-Assistentin (ZMP) der Zahn\u00e4rztekammern Berlin und Brandenburg<\/li>\n<li>seit 2005 niedergelassene Zahn\u00e4rztin &#8222;Dres. Rothe &#8211; Zahn\u00e4rzte im B\u00f6tzowviertel&#8220; in Berlin Prenzlauer Berg<\/li>\n<\/ul>\n<div>\u00a0<\/div>\n<h3>T\u00e4tigkeitsschwerpunkte:<\/h3>\n<ul>\n<li style=\"list-style-type: none\">\n<ul>\n<li style=\"list-style-type: none\">\n<ul>\n<li>Individualprophylaxe<\/li>\n<li>Parodontologie<\/li>\n<li>\u00c4sthetische Zahnmedizin<\/li>\n<li>Implantatprothetik<\/li>\n<\/ul>\n<\/li>\n<\/ul>\n<\/li>\n<\/ul>\n<h1>Dr. med. dent. Sven Rothe\u00a0<a href=\"http:\/\/docsites.cgmlife.com\/1373874150127\/wp-content\/uploads\/sites\/267\/2019\/10\/Sven-2019-bunt-Kopie1-e1572368250467.jpg\"><img loading=\"lazy\" decoding=\"async\" class=\"alignright size-medium wp-image-475\" src=\"http:\/\/docsites.cgmlife.com\/1373874150127\/wp-content\/uploads\/sites\/267\/2019\/10\/Sven-2019-bunt-Kopie1-245x300.jpg\" alt=\"Sven 2019 bunt Kopie\" width=\"245\" height=\"300\" \/><\/a><\/h1>\n<ul>\n<li style=\"list-style-type: none\">\n<ul>\n<li style=\"list-style-type: none\">\n<ul>\n<li>Studium der Zahnmedizin an der Med. Fakult\u00e4t der Humboldt-Universit\u00e4t zu Berlin, Charit\u00e9<\/li>\n<li>1991 Approbation als Zahnarzt, Dipl. Stomatologe<\/li>\n<li>1993 Promotion zum Dr. med. dent.<\/li>\n<li>1991-1997 Wiss. Mitarbeiter am Zentrum f\u00fcr Zahnmedizin der Charit\u00e9, CCM, Abt. f\u00fcr Zahn\u00e4rztliche Prothetik und Alterszahnmedizin \u00a0 (Leiter: Prof. Dr. K.-P-. Lange)<\/li>\n<li>1997-2005 Wiss. Mitarbeiter und Oberarzt am Zentrum f\u00fcr Zahnmedizin der Charit\u00e9, CVK, Abt. f\u00fcr Zahn\u00e4rztliche Prothetik und Alterszahnmedizin (Leiter: Prof. Dr. K.-P. Lange)<\/li>\n<li>zahlreiche Vortr\u00e4ge und Ver\u00f6ffentlichungen, national und international<\/li>\n<li>2005 Ernennung zum<a href=\"http:\/\/www.dgpro.de\/spezialisten\"> Spezialisten f\u00fcr Prothetik der DGPro<\/a><\/li>\n<li>seit 2005 niedergelassen in eigener Praxis &#8222;Dres. Rothe &#8211; Zahn\u00e4rzte im B\u00f6tzowviertel&#8220;<\/li>\n<\/ul>\n<\/li>\n<\/ul>\n<\/li>\n<\/ul>\n<div>\u00a0<\/div>\n<h3>Mitgliedschaften:<\/h3>\n<ul>\n<li style=\"list-style-type: none\">\n<ul>\n<li style=\"list-style-type: none\">\n<ul>\n<li><a href=\"https:\/\/www.dgzmk.de\/dgzmk\/wir-ueber-uns\/organigramm.html\">Deutsche Gesellschaft f\u00fcr Zahn-, Mund- und Kieferheilkunde (DGZMK),<\/a><\/li>\n<li><a href=\"http:\/\/www.dgpro.de\/\">Deutsche Gesellschaft f\u00fcr Prothetische Zahnmedizin und Biomaterialien e.V. (DGPro),<\/a><\/li>\n<li><a href=\"http:\/\/www.dginet.de\/web\/dgi\/home\">Deutsche Gesellschaft f\u00fcr Implantologie (DGI e.V.)<\/a><\/li>\n<\/ul>\n<\/li>\n<\/ul>\n<\/li>\n<\/ul>\n<div>\u00a0<\/div>\n<div>\n<h3>T\u00e4tigkeitsschwerpunkte:<\/h3>\n<ul>\n<li style=\"list-style-type: none\">\n<ul>\n<li>Zahn\u00e4rztliche Prothetik, Epithetik und Defektprothetik<\/li>\n<li>Implantologie<\/li>\n<li>komplexe Rehabilitationen<\/li>\n<\/ul>\n<\/li>\n<\/ul>\n<p><a href=\"https:\/\/www.sanego.de\/Zahnarzt\/Berlin\/2701-Berlin\/allgemeine+Zahnheilkunde\/183754-Dr-med-dent-Sven-Rothe\/\"><br \/><img decoding=\"async\" title=\"Dr. med. dent. Sven Rothe, von sanego empfohlen\" src=\"https:\/\/static-s1.sanego.de\/siegel\/2016\/183754-Dr.+med.+dent.+Sven+Rothe.png\" alt=\"Dr. med. dent. Sven Rothe, von sanego empfohlen\" \/><\/a><\/p>\n<\/div>\n<div>\u00a0<\/div>\n<div>\u00a0<\/div>\n<h1>ZMF Sandra Schmidt<\/h1>\n<div>Professionelle Zahnreinigung, Assistenz<\/div>\n<h2>\u00a0<\/h2>\n<h1>ZMV Jeannine Reinfeld<\/h1>\n<div>Empfang, Abrechnung<\/div>\n<div>\u00a0<\/div>\n<div>\u00a0<\/div>\n<h1>ZMP Saskia Sauer<\/h1>\n<p>Professionelle Zahnreinigung<\/p>\n<h1>\u00a0<\/h1>\n<h1>ZMF Felix Dengler<\/h1>\n<p>Professionelle Zahnreinigung, Assistenz<\/p>\n<h2>\u00a0<\/h2>\n<h1>Thi Mai Thuong Nguyen<\/h1>\n<p>Auszubildende<\/p>\n<h1>\u00a0<\/h1>\n<h1>Marc A. Rothe<\/h1>\n<p>IT-Technik, webmaster<\/p>\n\n\n<p><\/p>\n","protected":false},"excerpt":{"rendered":"<p>\u00a0 Dr. med. dent. Sabine Rothe Studium der Zahnmedizin an der Humboldt-Universit\u00e4t zu Berlin und der Georg-August-Universit\u00e4t in G\u00f6ttingen 1991 Approbation als Zahn\u00e4rztin 1994 Promotion zum Dr. med. dent. 1994-1999 Wissenschaftliche Mitarbeiterin an der Med. Fakult\u00e4t der Humboldt-Universit\u00e4t zu Berlin (Charit\u00e9), Zentrum f\u00fcr Zahnmedizin, Abt. f\u00fcr Zahn\u00e4rztliche Prothetik und Alterszahnmedizin ( Leiter: Prof. Dr. K.-P- [&hellip;]<\/p>\n","protected":false},"author":302,"featured_media":0,"parent":0,"menu_order":0,"comment_status":"closed","ping_status":"closed","template":"","meta":{"footnotes":""},"class_list":["post-495","page","type-page","status-publish","hentry"],"_links":{"self":[{"href":"https:\/\/docsites.cgmlife.com\/1373874150127\/wp-json\/wp\/v2\/pages\/495","targetHints":{"allow":["GET"]}}],"collection":[{"href":"https:\/\/docsites.cgmlife.com\/1373874150127\/wp-json\/wp\/v2\/pages"}],"about":[{"href":"https:\/\/docsites.cgmlife.com\/1373874150127\/wp-json\/wp\/v2\/types\/page"}],"author":[{"embeddable":true,"href":"https:\/\/docsites.cgmlife.com\/1373874150127\/wp-json\/wp\/v2\/users\/302"}],"replies":[{"embeddable":true,"href":"https:\/\/docsites.cgmlife.com\/1373874150127\/wp-json\/wp\/v2\/comments?post=495"}],"version-history":[{"count":35,"href":"https:\/\/docsites.cgmlife.com\/1373874150127\/wp-json\/wp\/v2\/pages\/495\/revisions"}],"predecessor-version":[{"id":770,"href":"https:\/\/docsites.cgmlife.com\/1373874150127\/wp-json\/wp\/v2\/pages\/495\/revisions\/770"}],"wp:attachment":[{"href":"https:\/\/docsites.cgmlife.com\/1373874150127\/wp-json\/wp\/v2\/media?parent=495"}],"curies":[{"name":"wp","href":"https:\/\/api.w.org\/{rel}","templated":true}]}}