{"id":138,"date":"2013-11-10T13:25:24","date_gmt":"2013-11-10T11:25:24","guid":{"rendered":"http:\/\/docsites.cgmlife.com\/137421694158\/?page_id=138"},"modified":"2014-10-23T20:32:43","modified_gmt":"2014-10-23T19:32:43","slug":"leistungen-der-praxis","status":"publish","type":"page","link":"https:\/\/docsites.cgmlife.com\/137421694158\/leistungen-der-praxis\/","title":{"rendered":"Leistungen"},"content":{"rendered":"<p style=\"font-family: Arial, Helvetica, sans-serif;font-size: 18px\"><span style=\"color: #999999;background-color: #ffffff\"><strong style=\"line-height: normal;font-family: Arial, Helvetica, sans-serif;font-size: 18px\">Wir sprechen deutsch, englisch, franz\u00f6sisch und russisch.<\/strong><\/span><\/p>\n<p style=\"font-family: Arial, Helvetica, sans-serif;font-size: 18px\"><span style=\"color: #808080;background-color: #ffffff\"><strong style=\"font-size: 24px\">Allgemeine Leistungen\u00a0<\/strong><\/span><\/p>\n<ul style=\"line-height: normal;font-family: Arial, Helvetica, sans-serif;font-size: 18px\">\n<li style=\"line-height: normal;font-family: Arial, Helvetica, sans-serif;font-size: 18px\">\n<div style=\"line-height: normal;font-family: Arial, Helvetica, sans-serif;font-size: 18px\"><span style=\"color: #808080\">Haus\u00e4rztliche Versorgung: Krankheitsvorbeugung,\u00a0Koordination medizinischer Ma\u00dfnahmen (Alle Kassen)<\/span><\/div>\n<\/li>\n<\/ul>\n<ul style=\"line-height: normal;font-family: Arial, Helvetica, sans-serif;font-size: 18px\">\n<li style=\"line-height: normal;font-family: Arial, Helvetica, sans-serif;font-size: 18px\">\n<div style=\"line-height: normal;font-family: Arial, Helvetica, sans-serif;font-size: 18px\"><span style=\"color: #808080\">Disease Management-Programme (Strukturierte Diagnostik und Behandlung f\u00fcr chronische Erkrankungen):\u00a0 Diabetes mellitus, koronare Herzkrankheit, Asthma und COPD (chronisch obstruktive Lungenerkrankung)<\/span><\/div>\n<\/li>\n<\/ul>\n<ul style=\"line-height: normal;font-family: Arial, Helvetica, sans-serif;font-size: 18px\">\n<li style=\"line-height: normal;font-family: Arial, Helvetica, sans-serif;font-size: 18px\">\n<div style=\"line-height: normal;font-family: Arial, Helvetica, sans-serif;font-size: 18px\"><span style=\"color: #808080\">Hausbesuche<\/span><\/div>\n<\/li>\n<\/ul>\n<ul style=\"line-height: normal;font-family: Arial, Helvetica, sans-serif;font-size: 18px\">\n<li style=\"line-height: normal;font-family: Arial, Helvetica, sans-serif;font-size: 18px\">\n<div style=\"line-height: normal;font-family: Arial, Helvetica, sans-serif;font-size: 18px\"><span style=\"color: #808080\">EKG, Langzeit-Blutdruckmessung, Lungenfunktionsdiagnostik<\/span><\/div>\n<\/li>\n<\/ul>\n<ul style=\"line-height: normal;font-family: Arial, Helvetica, sans-serif;font-size: 18px\">\n<li style=\"line-height: normal;font-family: Arial, Helvetica, sans-serif;font-size: 18px\">\n<div style=\"line-height: normal;font-family: Arial, Helvetica, sans-serif;font-size: 18px\"><span style=\"color: #808080\">Ultraschalluntersuchung der Bauchorgane und Schilddr\u00fcse,\u00a0\u00a0dopplersonographische\u00a0\u00a0Diagnostik an peripheren Gef\u00e4\u00dfen<\/span><\/div>\n<\/li>\n<\/ul>\n<ul style=\"line-height: normal;font-family: Arial, Helvetica, sans-serif;font-size: 18px\">\n<li style=\"line-height: normal;font-family: Arial, Helvetica, sans-serif;font-size: 18px\">\n<div style=\"line-height: normal;font-family: Arial, Helvetica, sans-serif;font-size: 18px\"><span style=\"color: #808080\">Impfberatung und Durchf\u00fchrung aller <a title=\"Empfehlungen der St\u00e4ndigen Impfkommission\" href=\"http:\/\/www.rki.de\/DE\/Content\/Kommissionen\/STIKO\/Empfehlungen\/Impfempfehlungen_node.html\" target=\"_blank\">Impfungen <\/a><\/span><\/div>\n<\/li>\n<\/ul>\n<ul style=\"line-height: normal;font-family: Arial, Helvetica, sans-serif;font-size: 18px\">\n<li style=\"line-height: normal;font-family: Arial, Helvetica, sans-serif;font-size: 18px\">\n<div style=\"line-height: normal;font-family: Arial, Helvetica, sans-serif;font-size: 18px\"><span style=\"color: #808080\">Operationsvorbereitung<\/span><\/div>\n<\/li>\n<\/ul>\n<ul style=\"line-height: normal;font-family: Arial, Helvetica, sans-serif;font-size: 18px\">\n<li style=\"line-height: normal;font-family: Arial, Helvetica, sans-serif;font-size: 18px\">\n<div style=\"line-height: normal;font-family: Arial, Helvetica, sans-serif;font-size: 18px\"><span style=\"color: #808080\">Vorsorgeuntersuchungen: <a title=\"Informationen der KBV zum Checkup 35\" href=\"http:\/\/www.kbv.de\/html\/3500.php\" target=\"_blank\">&#8222;Checkup 35&#8220;<\/a>,\u00a0\u00a0Krebsvorsorgeuntersuchung beim Mann\u00a0(ab 45), Hautkrebsvorsorge<\/span><\/div>\n<\/li>\n<\/ul>\n<ul style=\"line-height: normal;font-family: Arial, Helvetica, sans-serif;font-size: 18px\">\n<li style=\"line-height: normal;font-family: Arial, Helvetica, sans-serif;font-size: 18px\">\n<div style=\"line-height: normal;font-family: Arial, Helvetica, sans-serif;font-size: 18px\"><span style=\"color: #808080\">Jugendgesundheitsuntersuchungen J1 und J2<\/span><\/div>\n<\/li>\n<\/ul>\n<ul style=\"line-height: normal;font-family: Arial, Helvetica, sans-serif;font-size: 18px\">\n<li style=\"line-height: normal;font-family: Arial, Helvetica, sans-serif;font-size: 18px\">\n<div style=\"line-height: normal;font-family: Arial, Helvetica, sans-serif;font-size: 18px\"><span style=\"color: #808080\">Jugendarbeitsschutzuntersuchung<\/span><\/div>\n<\/li>\n<\/ul>\n<ul style=\"line-height: normal;font-family: Arial, Helvetica, sans-serif;font-size: 18px\">\n<li style=\"line-height: normal;font-family: Arial, Helvetica, sans-serif;font-size: 18px\">\n<div style=\"line-height: normal;font-family: Arial, Helvetica, sans-serif;font-size: 18px\"><span style=\"color: #808080\">Wundbehandlungen und kleine chirurgische Eingriffe<\/span><\/div>\n<\/li>\n<\/ul>\n<ul style=\"line-height: normal;font-family: Arial, Helvetica, sans-serif;font-size: 18px\">\n<li style=\"line-height: normal;font-family: Arial, Helvetica, sans-serif;font-size: 18px\">\n<div style=\"line-height: normal;font-family: Arial, Helvetica, sans-serif;font-size: 18px\"><span style=\"color: #808080\">Laboruntersuchungen (t\u00e4glich bis 9:45 Uhr)<\/span><\/div>\n<\/li>\n<\/ul>\n<ul style=\"line-height: normal;font-family: Arial, Helvetica, sans-serif;font-size: 18px\">\n<li style=\"line-height: normal;font-family: Arial, Helvetica, sans-serif;font-size: 18px\">\n<div style=\"line-height: normal;font-family: Arial, Helvetica, sans-serif;font-size: 18px\"><span style=\"color: #808080\">Diagnostik und Therapie psychosomatischer Erkrankungen<\/span><\/div>\n<\/li>\n<\/ul>\n<ul style=\"line-height: normal;font-family: Arial, Helvetica, sans-serif;font-size: 18px\">\n<li style=\"line-height: normal;font-family: Arial, Helvetica, sans-serif;font-size: 18px\">\n<div style=\"line-height: normal;font-family: Arial, Helvetica, sans-serif;font-size: 18px\"><span style=\"color: #808080\">Psychotherapie (Schwerpunkt kognitive Verhaltenstherapie)<\/span><\/div>\n<\/li>\n<\/ul>\n<p style=\"line-height: normal;font-family: Arial, Helvetica, sans-serif;font-size: 18px\"><span style=\"color: #808080\">\u00a0\u00a0\u00a0\u00a0\u00a0\u00a0\u00a0\u00a0\u00a0\u00a0\u00a0\u00a0\u00a0\u00a0\u00a0\u00a0\u00a0\u00a0\u00a0\u00a0\u00a0\u00a0\u00a0\u00a0\u00a0\u00a0\u00a0\u00a0\u00a0\u00a0\u00a0\u00a0\u00a0\u00a0\u00a0\u00a0\u00a0\u00a0\u00a0\u00a0\u00a0\u00a0\u00a0\u00a0\u00a0\u00a0\u00a0\u00a0\u00a0\u00a0\u00a0\u00a0\u00a0\u00a0\u00a0\u00a0\u00a0\u00a0\u00a0\u00a0\u00a0\u00a0\u00a0\u00a0\u00a0\u00a0\u00a0\u00a0\u00a0\u00a0\u00a0\u00a0\u00a0\u00a0\u00a0\u00a0\u00a0\u00a0\u00a0\u00a0\u00a0\u00a0\u00a0\u00a0\u00a0\u00a0\u00a0\u00a0\u00a0\u00a0\u00a0\u00a0\u00a0\u00a0\u00a0\u00a0\u00a0\u00a0\u00a0\u00a0\u00a0\u00a0\u00a0\u00a0\u00a0\u00a0 .<\/span><\/p>\n<p style=\"line-height: normal;font-family: Arial, Helvetica, sans-serif;font-size: 18px\"><span style=\"color: #808080\"><strong><span style=\"font-size: 24px;background-color: #ccffff\"><span style=\"background-color: #ffffff\">Private individuelle Gesundheitsleistungen<\/span> <\/span><\/strong><\/span><\/p>\n<p style=\"line-height: normal;font-family: Arial, Helvetica, sans-serif;font-size: 18px\"><span style=\"color: #808080\">(Leistungen, die nicht zum Leistungskatalog der GKV geh\u00f6ren)<\/span><\/p>\n<ul style=\"line-height: normal;font-family: Arial, Helvetica, sans-serif;font-size: 18px\">\n<li style=\"line-height: normal;font-family: Arial, Helvetica, sans-serif;font-size: 18px\">\n<div style=\"line-height: normal;font-family: Arial, Helvetica, sans-serif;font-size: 18px\"><span style=\"color: #808080\">Reisemedizinische, e<span style=\"color: #808080\">rn\u00e4hrungsmedizinische und\u00a0umweltmedizinische <\/span>Beratung und Diagnostik<\/span><\/div>\n<\/li>\n<\/ul>\n<ul style=\"line-height: normal;font-family: Arial, Helvetica, sans-serif;font-size: 18px\">\n<li style=\"line-height: normal;font-family: Arial, Helvetica, sans-serif;font-size: 18px\">\n<div style=\"line-height: normal;font-family: Arial, Helvetica, sans-serif;font-size: 18px\"><span style=\"color: #808080\">Reiseimpfungen einschlie\u00dflich <\/span><a href=\"https:\/\/docsites.cgmlife.com\/137421694158\/633\/\" target=\"_blank\"><span style=\"color: #808080\">Gelbfieberimpfung<\/span><\/a><\/div>\n<\/li>\n<\/ul>\n<ul style=\"line-height: normal;font-family: Arial, Helvetica, sans-serif;font-size: 18px\">\n<li style=\"line-height: normal;font-family: Arial, Helvetica, sans-serif;font-size: 18px\">\n<div style=\"line-height: normal;font-family: Arial, Helvetica, sans-serif;font-size: 18px\"><span style=\"color: #808080\">Gesundheitszeugnisse<\/span><\/div>\n<\/li>\n<\/ul>\n<ul style=\"line-height: normal;font-family: Arial, Helvetica, sans-serif;font-size: 18px\">\n<li style=\"line-height: normal;font-family: Arial, Helvetica, sans-serif;font-size: 18px\">\n<div style=\"line-height: normal;font-family: Arial, Helvetica, sans-serif;font-size: 18px\"><span style=\"color: #808080\">Atteste und Bescheinigungen<\/span><\/div>\n<\/li>\n<\/ul>\n<p>&nbsp;<\/p>\n<p>&nbsp;<\/p>\n<table style=\"width: 5px;height: 9px\" border=\"0\" cellspacing=\"0\" cellpadding=\"0\">\n<tbody>\n<tr>\n<td valign=\"top\" width=\"18\"><\/td>\n<td valign=\"top\" width=\"572\"><\/td>\n<\/tr>\n<\/tbody>\n<\/table>\n<p><span style=\"font-size: x-small\">\u00a0\u00a0 \u00a0\u00a0\u00a0 \u00a0\u00a0<\/span><\/p>\n","protected":false},"excerpt":{"rendered":"<p>Wir sprechen deutsch, englisch, franz\u00f6sisch und russisch. Allgemeine Leistungen\u00a0 Haus\u00e4rztliche Versorgung: Krankheitsvorbeugung,\u00a0Koordination medizinischer Ma\u00dfnahmen (Alle Kassen) Disease Management-Programme (Strukturierte Diagnostik und Behandlung f\u00fcr chronische Erkrankungen):\u00a0 Diabetes mellitus, koronare Herzkrankheit, Asthma und COPD (chronisch obstruktive Lungenerkrankung) Hausbesuche EKG, Langzeit-Blutdruckmessung, Lungenfunktionsdiagnostik Ultraschalluntersuchung der Bauchorgane und Schilddr\u00fcse,\u00a0\u00a0dopplersonographische\u00a0\u00a0Diagnostik an peripheren Gef\u00e4\u00dfen Impfberatung und Durchf\u00fchrung aller Impfungen Operationsvorbereitung Vorsorgeuntersuchungen: &#8222;Checkup [&hellip;]<\/p>\n","protected":false},"author":316,"featured_media":0,"parent":0,"menu_order":4,"comment_status":"closed","ping_status":"closed","template":"","meta":{"footnotes":""},"class_list":["post-138","page","type-page","status-publish","hentry"],"_links":{"self":[{"href":"https:\/\/docsites.cgmlife.com\/137421694158\/wp-json\/wp\/v2\/pages\/138","targetHints":{"allow":["GET"]}}],"collection":[{"href":"https:\/\/docsites.cgmlife.com\/137421694158\/wp-json\/wp\/v2\/pages"}],"about":[{"href":"https:\/\/docsites.cgmlife.com\/137421694158\/wp-json\/wp\/v2\/types\/page"}],"author":[{"embeddable":true,"href":"https:\/\/docsites.cgmlife.com\/137421694158\/wp-json\/wp\/v2\/users\/316"}],"replies":[{"embeddable":true,"href":"https:\/\/docsites.cgmlife.com\/137421694158\/wp-json\/wp\/v2\/comments?post=138"}],"version-history":[{"count":49,"href":"https:\/\/docsites.cgmlife.com\/137421694158\/wp-json\/wp\/v2\/pages\/138\/revisions"}],"predecessor-version":[{"id":298,"href":"https:\/\/docsites.cgmlife.com\/137421694158\/wp-json\/wp\/v2\/pages\/138\/revisions\/298"}],"wp:attachment":[{"href":"https:\/\/docsites.cgmlife.com\/137421694158\/wp-json\/wp\/v2\/media?parent=138"}],"curies":[{"name":"wp","href":"https:\/\/api.w.org\/{rel}","templated":true}]}}