{"id":2,"date":"2013-02-05T09:30:54","date_gmt":"2013-02-05T07:30:54","guid":{"rendered":"http:\/\/docsites.cgmlife.com\/medistar\/?page_id=2"},"modified":"2016-11-12T10:20:38","modified_gmt":"2016-11-12T09:20:38","slug":"beispiel-seite","status":"publish","type":"page","link":"https:\/\/docsites.cgmlife.com\/137421694158\/","title":{"rendered":"Start"},"content":{"rendered":"<p style=\"text-align: center;line-height: normal;font-family: Arial, Helvetica, sans-serif;font-size: x-large\"><span style=\"color: #808080;font-size: xx-large\"><strong>Fach\u00e4rztin f\u00fcr Allgemeinmedizin\u00a0<\/strong><\/span><\/p>\n<p style=\"text-align: center;line-height: normal;font-family: Arial, Helvetica, sans-serif;font-size: x-large\"><span style=\"color: #003366\"><span style=\"color: #ff6600\">\u00a0\u2022<\/span> <strong><span style=\"color: #888888\">Psychotherapie<\/span><\/strong><\/span><span style=\"color: #333333\"><span style=\"color: #ff6600;background-color: #ffffff\"> \u2022<\/span> <strong><span style=\"color: #888888\">Ern\u00e4hrungsmedizin<\/span><span style=\"color: #ff6600\">\u00a0\u2022<\/span> <\/strong><\/span><\/p>\n<p style=\"text-align: center;line-height: normal;font-family: Arial, Helvetica, sans-serif;font-size: x-large\"><span style=\"color: #333333\"><strong><span style=\"color: #888888\"><span style=\"color: #ff6600\">\u2022<\/span> Umweltmedizin<\/span><\/strong> <span style=\"color: #ff6600\">\u2022<\/span><\/span><\/p>\n<div id=\"id242\" style=\"text-align: center;line-height: normal;font-family: Arial, Helvetica, sans-serif;font-size: x-large\">\n<h1 style=\"text-align: center;line-height: normal;font-family: Arial, Helvetica, sans-serif;font-size: x-large\"><span style=\"color: #333333\"> <span style=\"color: #888888\"><span style=\"color: #ff6600\">\u2022<\/span> Reisemedizin<\/span>\u00a0<span style=\"color: #ff6600\">\u2022\u00a0<\/span><\/span><span style=\"color: #333333;background-color: #ffffff\"><span style=\"color: #888888\">Gelbfieberimpfstelle<\/span>\u00a0<span style=\"color: #ff6600\">\u2022<\/span><\/span><\/h1>\n<h1 style=\"font-family: Arial, Helvetica, sans-serif;font-size: 16px\"><span style=\"color: #ff9900;font-size: xx-large\">Neu:<\/span><\/h1>\n<p>Seit dem 01.07.2016 ist die\u00a0 Praxis (jetzt <a title=\"CampusPraxis\" href=\"http:\/\/klinikum.uni-muenster.de\/index.php?id=9840\">CampusPraxis<\/a> als Filiale des\u00a0MVZ am UKM) Eigentum des UKM M\u00fcnster, welches\u00a0die Praxisorganisation, die sachliche und personelle Ausstattung und, in Kooperation mit dem Arbeitsbereich Allgemeinmedizin der Universit\u00e4t M\u00fcnster, auch die zuk\u00fcnftigen Konzepte gestaltet.<\/p>\n<p style=\"text-align: left;line-height: normal;font-family: Arial, Helvetica, sans-serif;font-size: 24px\"><span style=\"color: #808080\">\u00a0<\/span><\/p>\n<\/div>\n","protected":false},"excerpt":{"rendered":"<p>Fach\u00e4rztin f\u00fcr Allgemeinmedizin\u00a0 \u00a0\u2022 Psychotherapie \u2022 Ern\u00e4hrungsmedizin\u00a0\u2022 \u2022 Umweltmedizin \u2022 \u2022 Reisemedizin\u00a0\u2022\u00a0Gelbfieberimpfstelle\u00a0\u2022 Neu: Seit dem 01.07.2016 ist die\u00a0 Praxis (jetzt CampusPraxis als Filiale des\u00a0MVZ am UKM) Eigentum des UKM M\u00fcnster, welches\u00a0die Praxisorganisation, die sachliche und personelle Ausstattung und, in Kooperation mit dem Arbeitsbereich Allgemeinmedizin der Universit\u00e4t M\u00fcnster, auch die zuk\u00fcnftigen Konzepte gestaltet. \u00a0<\/p>\n","protected":false},"author":316,"featured_media":0,"parent":0,"menu_order":-1,"comment_status":"closed","ping_status":"closed","template":"","meta":{"footnotes":""},"class_list":["post-2","page","type-page","status-publish","hentry"],"_links":{"self":[{"href":"https:\/\/docsites.cgmlife.com\/137421694158\/wp-json\/wp\/v2\/pages\/2","targetHints":{"allow":["GET"]}}],"collection":[{"href":"https:\/\/docsites.cgmlife.com\/137421694158\/wp-json\/wp\/v2\/pages"}],"about":[{"href":"https:\/\/docsites.cgmlife.com\/137421694158\/wp-json\/wp\/v2\/types\/page"}],"author":[{"embeddable":true,"href":"https:\/\/docsites.cgmlife.com\/137421694158\/wp-json\/wp\/v2\/users\/316"}],"replies":[{"embeddable":true,"href":"https:\/\/docsites.cgmlife.com\/137421694158\/wp-json\/wp\/v2\/comments?post=2"}],"version-history":[{"count":44,"href":"https:\/\/docsites.cgmlife.com\/137421694158\/wp-json\/wp\/v2\/pages\/2\/revisions"}],"predecessor-version":[{"id":949,"href":"https:\/\/docsites.cgmlife.com\/137421694158\/wp-json\/wp\/v2\/pages\/2\/revisions\/949"}],"wp:attachment":[{"href":"https:\/\/docsites.cgmlife.com\/137421694158\/wp-json\/wp\/v2\/media?parent=2"}],"curies":[{"name":"wp","href":"https:\/\/api.w.org\/{rel}","templated":true}]}}