{"id":226,"date":"2013-11-10T16:53:17","date_gmt":"2013-11-10T14:53:17","guid":{"rendered":"http:\/\/docsites.cgmlife.com\/137421694158\/?page_id=226"},"modified":"2025-07-01T15:10:38","modified_gmt":"2025-07-01T14:10:38","slug":"wo","status":"publish","type":"page","link":"https:\/\/docsites.cgmlife.com\/137421694158\/wo\/","title":{"rendered":"Anfahrt"},"content":{"rendered":"<p style=\"line-height: normal;font-family: Arial, Helvetica, sans-serif;font-size: 24px\"><span style=\"color: #888888\"><strong>\u00d6PNV<\/strong>: Buslinie 5, Haltestelle S\u00fcdlohnweg, vor der Praxis<\/span><\/p>\n<p style=\"font-family: Arial, Helvetica, sans-serif;font-size: 24px\"><span style=\"color: #999999\">(400 m\u00a0entfernt: Haltestelle R\u00fcschhausweg\u00a0 mit den <\/span><\/p>\n<p style=\"font-family: Arial, Helvetica, sans-serif;font-size: 24px\"><span style=\"color: #999999\">Buslinien 5, 11, 12, 22).<\/span><\/p>\n<p style=\"font-family: Arial, Helvetica, sans-serif;font-size: 24px\"><span style=\"color: #888888;line-height: normal\"><strong>Parkpl\u00e4tze<\/strong> finden Sie auf dem R\u00fcschhausweg, S\u00fcdlohnweg und Doornbeckeweg.<\/span><\/p>\n<p style=\"font-family: Arial, Helvetica, sans-serif;font-size: 24px\"><span style=\"background-color: #808080\"><span style=\"color: #808080;background-color: #ffffff\">Der <\/span><span style=\"color: #808080;background-color: #ffffff\"><strong>Eingang<\/strong> zur Praxis liegt an dem Rad- und Fu\u00dfweg, <\/span><\/span><\/p>\n<p style=\"font-family: Arial, Helvetica, sans-serif;font-size: 24px\"><span style=\"background-color: #808080\"><span style=\"color: #808080;background-color: #ffffff\">stadtausw\u00e4rts links.<\/span><\/span><\/p>\n<p style=\"line-height: normal;font-family: Arial, Helvetica, sans-serif;font-size: 14px\"><span style=\"color: #808080\">Auf dem <strong>Lageplan<\/strong> k\u00f6nnen Sie sich am besten orientieren, indem Sie ihn anklicken und dann mit der Maus die Bildlaufleisten\u00a0rechts\u00a0und unten hin- und herziehen.<\/span><\/p>\n<p><a href=\"https:\/\/docsites.cgmlife.com\/137421694158\/wp-content\/uploads\/sites\/281\/2013\/11\/Lage.png\"><img loading=\"lazy\" decoding=\"async\" class=\"alignleft size-full wp-image-227\" alt=\"Lage\" src=\"https:\/\/docsites.cgmlife.com\/137421694158\/wp-content\/uploads\/sites\/281\/2013\/11\/Lage.png\" width=\"1753\" height=\"797\" srcset=\"https:\/\/docsites.cgmlife.com\/137421694158\/wp-content\/uploads\/sites\/281\/2013\/11\/Lage.png 1753w, https:\/\/docsites.cgmlife.com\/137421694158\/wp-content\/uploads\/sites\/281\/2013\/11\/Lage-300x136.png 300w, https:\/\/docsites.cgmlife.com\/137421694158\/wp-content\/uploads\/sites\/281\/2013\/11\/Lage-1024x465.png 1024w\" sizes=\"auto, (max-width: 1753px) 100vw, 1753px\" \/><\/a><\/p>\n","protected":false},"excerpt":{"rendered":"<p>\u00d6PNV: Buslinie 5, Haltestelle S\u00fcdlohnweg, vor der Praxis (400 m\u00a0entfernt: Haltestelle R\u00fcschhausweg\u00a0 mit den Buslinien 5, 11, 12, 22). Parkpl\u00e4tze finden Sie auf dem R\u00fcschhausweg, S\u00fcdlohnweg und Doornbeckeweg. Der Eingang zur Praxis liegt an dem Rad- und Fu\u00dfweg, stadtausw\u00e4rts links. Auf dem Lageplan k\u00f6nnen Sie sich am besten orientieren, indem Sie ihn anklicken und dann [&hellip;]<\/p>\n","protected":false},"author":316,"featured_media":0,"parent":0,"menu_order":1,"comment_status":"closed","ping_status":"closed","template":"","meta":{"footnotes":""},"class_list":["post-226","page","type-page","status-publish","hentry"],"_links":{"self":[{"href":"https:\/\/docsites.cgmlife.com\/137421694158\/wp-json\/wp\/v2\/pages\/226","targetHints":{"allow":["GET"]}}],"collection":[{"href":"https:\/\/docsites.cgmlife.com\/137421694158\/wp-json\/wp\/v2\/pages"}],"about":[{"href":"https:\/\/docsites.cgmlife.com\/137421694158\/wp-json\/wp\/v2\/types\/page"}],"author":[{"embeddable":true,"href":"https:\/\/docsites.cgmlife.com\/137421694158\/wp-json\/wp\/v2\/users\/316"}],"replies":[{"embeddable":true,"href":"https:\/\/docsites.cgmlife.com\/137421694158\/wp-json\/wp\/v2\/comments?post=226"}],"version-history":[{"count":19,"href":"https:\/\/docsites.cgmlife.com\/137421694158\/wp-json\/wp\/v2\/pages\/226\/revisions"}],"predecessor-version":[{"id":988,"href":"https:\/\/docsites.cgmlife.com\/137421694158\/wp-json\/wp\/v2\/pages\/226\/revisions\/988"}],"wp:attachment":[{"href":"https:\/\/docsites.cgmlife.com\/137421694158\/wp-json\/wp\/v2\/media?parent=226"}],"curies":[{"name":"wp","href":"https:\/\/api.w.org\/{rel}","templated":true}]}}