{"id":6,"date":"2013-02-05T11:33:02","date_gmt":"2013-02-05T09:33:02","guid":{"rendered":"http:\/\/docsites.cgmlife.com\/medistar\/?page_id=6"},"modified":"2014-10-23T20:30:24","modified_gmt":"2014-10-23T19:30:24","slug":"praxis","status":"publish","type":"page","link":"https:\/\/docsites.cgmlife.com\/137421694158\/praxis\/","title":{"rendered":"Sprechzeiten"},"content":{"rendered":"<p><span style=\"font-size: xx-large\"><!--more--><\/span><\/p>\n<div id=\"id3413\">\n<div>\n<table style=\"border: 0px solid #f1730d\" border=\"0\" rules=\"none\">\n<caption>\n<pre style=\"font-family: Arial, Helvetica, sans-serif;font-size: 16px\"><span style=\"color: #808080;font-size: x-large;background-color: #ffffff\">Sprechzeiten<\/span><\/pre>\n<\/caption>\n<thead style=\"font-family: Arial, Helvetica, sans-serif;font-size: 16px\">\n<tr style=\"font-family: Arial, Helvetica, sans-serif;font-size: 16px\">\n<th style=\"line-height: normal;font-family: Arial, Helvetica, sans-serif;font-size: 16px\">\n<pre style=\"line-height: normal;font-family: Arial, Helvetica, sans-serif;font-size: 16px\"><span style=\"color: #808080;font-size: large\">\u00a0<\/span><\/pre>\n<\/th>\n<th style=\"line-height: normal;font-family: Arial, Helvetica, sans-serif;font-size: 16px\">\n<pre style=\"line-height: normal;font-family: Arial, Helvetica, sans-serif;font-size: 16px\"><span style=\"color: #ffffff;font-size: large;background-color: #808080\">vormittags<\/span><\/pre>\n<\/th>\n<th style=\"line-height: normal;font-family: Arial, Helvetica, sans-serif;font-size: 16px\">\n<pre style=\"line-height: normal;font-family: Arial, Helvetica, sans-serif;font-size: 16px\"><span style=\"color: #ffffff;font-size: large;background-color: #808080\">nachmittags<\/span><\/pre>\n<\/th>\n<\/tr>\n<\/thead>\n<tfoot style=\"line-height: normal;font-family: Arial, Helvetica, sans-serif;font-size: 16px\">\n<tr style=\"line-height: normal;font-family: Arial, Helvetica, sans-serif;font-size: 16px\">\n<td style=\"line-height: normal;font-family: Arial, Helvetica, sans-serif;font-size: 16px\">\n<pre style=\"line-height: normal;font-family: Arial, Helvetica, sans-serif;font-size: 16px\"><span style=\"color: #808080;font-size: large\">Freitag<\/span><\/pre>\n<\/td>\n<td style=\"line-height: normal;font-family: Arial, Helvetica, sans-serif;font-size: 16px\">\n<pre style=\"line-height: normal;font-family: Arial, Helvetica, sans-serif;font-size: 16px\"><span style=\"color: #808080;font-size: large\">08:00 - 12:00 Uhr<\/span><\/pre>\n<\/td>\n<td style=\"line-height: normal;font-family: Arial, Helvetica, sans-serif;font-size: 16px\">\n<pre style=\"line-height: normal;font-family: Arial, Helvetica, sans-serif;font-size: 16px\"><span style=\"color: #808080;font-size: large\">\u00a0<\/span><\/pre>\n<\/td>\n<\/tr>\n<\/tfoot>\n<tbody style=\"line-height: normal;font-family: Arial, Helvetica, sans-serif;font-size: 16px\">\n<tr style=\"line-height: normal;font-family: Arial, Helvetica, sans-serif;font-size: 16px\">\n<td style=\"line-height: normal;font-family: Arial, Helvetica, sans-serif;font-size: 16px\">\n<pre style=\"line-height: normal;font-family: Arial, Helvetica, sans-serif;font-size: 16px\"><span style=\"color: #808080;font-size: large\">Montag<\/span><\/pre>\n<\/td>\n<td style=\"line-height: normal;font-family: Arial, Helvetica, sans-serif;font-size: 16px\">\n<pre style=\"line-height: normal;font-family: Arial, Helvetica, sans-serif;font-size: 16px\"><span style=\"color: #808080;font-size: large\">08:00 - 12:00 Uhr<\/span><\/pre>\n<\/td>\n<td style=\"line-height: normal;font-family: Arial, Helvetica, sans-serif;font-size: 16px\">\n<pre style=\"line-height: normal;font-family: Arial, Helvetica, sans-serif;font-size: 16px\"><span style=\"color: #808080;font-size: large\">15:00\u00a0- 17:00 Uhr<\/span><\/pre>\n<\/td>\n<\/tr>\n<tr style=\"line-height: normal;font-family: Arial, Helvetica, sans-serif;font-size: 16px\">\n<td style=\"line-height: normal;font-family: Arial, Helvetica, sans-serif;font-size: 16px\">\n<pre style=\"line-height: normal;font-family: Arial, Helvetica, sans-serif;font-size: 16px\"><span style=\"color: #808080;font-size: large\">Dienstag<\/span><\/pre>\n<\/td>\n<td style=\"line-height: normal;font-family: Arial, Helvetica, sans-serif;font-size: 16px\">\n<pre style=\"line-height: normal;font-family: Arial, Helvetica, sans-serif;font-size: 16px\"><span style=\"color: #808080;font-size: large\">08:00 - 12:00 Uhr<\/span><\/pre>\n<\/td>\n<td style=\"line-height: normal;font-family: Arial, Helvetica, sans-serif;font-size: 16px\">\n<pre style=\"line-height: normal;font-family: Arial, Helvetica, sans-serif;font-size: 16px\"><span style=\"color: #808080;font-size: large\">16:00 - 18:00 Uhr<\/span><\/pre>\n<\/td>\n<\/tr>\n<tr style=\"line-height: normal;font-family: Arial, Helvetica, sans-serif;font-size: 16px\">\n<td style=\"line-height: normal;font-family: Arial, Helvetica, sans-serif;font-size: 16px\">\n<pre style=\"line-height: normal;font-family: Arial, Helvetica, sans-serif;font-size: 16px\"><span style=\"color: #808080;font-size: large\">Mittwoch<\/span><\/pre>\n<\/td>\n<td style=\"line-height: normal;font-family: Arial, Helvetica, sans-serif;font-size: 16px\">\n<pre style=\"line-height: normal;font-family: Arial, Helvetica, sans-serif;font-size: 16px\"><span style=\"color: #808080;font-size: large\">08:00 - 12:00 Uhr<\/span><\/pre>\n<\/td>\n<td style=\"line-height: normal;font-family: Arial, Helvetica, sans-serif;font-size: 16px\">\n<pre style=\"line-height: normal;font-family: Arial, Helvetica, sans-serif;font-size: 16px\"><span style=\"color: #808080;font-size: large\">\u00a0<\/span><\/pre>\n<\/td>\n<\/tr>\n<tr style=\"line-height: normal;font-family: Arial, Helvetica, sans-serif;font-size: 16px\">\n<td style=\"line-height: normal;font-family: Arial, Helvetica, sans-serif;font-size: 16px\">\n<pre style=\"line-height: normal;font-family: Arial, Helvetica, sans-serif;font-size: 16px\"><span style=\"color: #808080;font-size: large\">Donnerstag<\/span><\/pre>\n<\/td>\n<td style=\"line-height: normal;font-family: Arial, Helvetica, sans-serif;font-size: 16px\">\n<pre style=\"line-height: normal;font-family: Arial, Helvetica, sans-serif;font-size: 16px\"><span style=\"color: #808080;font-size: large\">08:00 - 12:00 Uhr<\/span><\/pre>\n<\/td>\n<td style=\"line-height: normal;font-family: Arial, Helvetica, sans-serif;font-size: 16px\">\n<pre style=\"line-height: normal;font-family: Arial, Helvetica, sans-serif;font-size: 16px\"><span style=\"color: #808080;font-size: large\">15:00\u00a0- 17:00 Uhr<\/span><\/pre>\n<\/td>\n<\/tr>\n<\/tbody>\n<\/table>\n<\/div>\n<\/div>\n<pre id=\"id3537\" style=\"line-height: normal;font-family: Arial, Helvetica, sans-serif;font-size: 18px\"><span style=\"color: #808080;font-size: large\">W\u00e4hrend dieser Zeiten erreichen Sie uns regelm\u00e4\u00dfig \r\npers\u00f6nlich und telefonisch. <\/span><\/pre>\n<pre style=\"line-height: normal;font-family: Arial, Helvetica, sans-serif;font-size: 18px\"><span style=\"font-size: large\"><span style=\"color: #808080\">Gern\u00a0vereinbaren wir auch Termine au\u00dferhalb dieser Zeiten mit Ihnen.\r\n\r\nWir bitten Sie, sich telefonisch, pers\u00f6nlich oder online per <a href=\"http:\/\/home.cgm-life.de\/eServices\/?institution=013003505\">eServices<\/a> \r\n<strong>anzumelden<\/strong>, ehe Sie die Praxis aufsuchen. \r\nEine <strong>Akutsprechstunde<\/strong> bieten wir Ihnen von 9:00 Uhr bis 10:00 Uhr an. \r\nAuch wenn Sie wegen einer akuten Krankheit kommen, verbessert Ihre \r\nvorherige Anmeldung unsere Planungsm\u00f6glichkeiten \r\nund hilft Wartezeiten f\u00fcr Sie und andere Patienten vermeiden.\r\nIm <strong>Notfall<\/strong> sind wir selbstverst\u00e4ndlich sofort f\u00fcr Sie da. Das bedeutet aber auch,\r\ndass wir vereinbarte Termine dann eventuell nicht ganz einhalten k\u00f6nnen.\r\n\r\nBringen Sie zu Ihrem Besuch in der Praxis bitte Ihre vorhandenen\r\nArztberichte, Impfp\u00e4sse und sonstige medizinischen <strong>Dokumente<\/strong> mit.\r\n\r\nAu\u00dferhalb der Sprechzeiten wenden Sie sich bitte an den \r\n<a title=\"KVWL_Notdienstinformationen\" href=\"http:\/\/www.kvwl.de\/patient\/notdienste\/\">\u00c4rztlichen Notdienst<\/a> unter der Telefonnummer<\/span> <span style=\"color: #003366\">116117.<\/span>\r\n<\/span><\/pre>\n","protected":false},"excerpt":{"rendered":"","protected":false},"author":316,"featured_media":0,"parent":0,"menu_order":1,"comment_status":"closed","ping_status":"closed","template":"","meta":{"footnotes":""},"class_list":["post-6","page","type-page","status-publish","hentry"],"_links":{"self":[{"href":"https:\/\/docsites.cgmlife.com\/137421694158\/wp-json\/wp\/v2\/pages\/6","targetHints":{"allow":["GET"]}}],"collection":[{"href":"https:\/\/docsites.cgmlife.com\/137421694158\/wp-json\/wp\/v2\/pages"}],"about":[{"href":"https:\/\/docsites.cgmlife.com\/137421694158\/wp-json\/wp\/v2\/types\/page"}],"author":[{"embeddable":true,"href":"https:\/\/docsites.cgmlife.com\/137421694158\/wp-json\/wp\/v2\/users\/316"}],"replies":[{"embeddable":true,"href":"https:\/\/docsites.cgmlife.com\/137421694158\/wp-json\/wp\/v2\/comments?post=6"}],"version-history":[{"count":50,"href":"https:\/\/docsites.cgmlife.com\/137421694158\/wp-json\/wp\/v2\/pages\/6\/revisions"}],"predecessor-version":[{"id":766,"href":"https:\/\/docsites.cgmlife.com\/137421694158\/wp-json\/wp\/v2\/pages\/6\/revisions\/766"}],"wp:attachment":[{"href":"https:\/\/docsites.cgmlife.com\/137421694158\/wp-json\/wp\/v2\/media?parent=6"}],"curies":[{"name":"wp","href":"https:\/\/api.w.org\/{rel}","templated":true}]}}