{"id":650,"date":"2014-04-21T18:47:40","date_gmt":"2014-04-21T17:47:40","guid":{"rendered":"http:\/\/docsites.cgmlife.com\/137421694158\/?page_id=650"},"modified":"2016-11-12T23:05:46","modified_gmt":"2016-11-12T22:05:46","slug":"links-2","status":"publish","type":"page","link":"https:\/\/docsites.cgmlife.com\/137421694158\/links-2\/","title":{"rendered":"Links"},"content":{"rendered":"<p style=\"font-family: Arial, Helvetica, sans-serif\"><span style=\"font-family: Arial,Helvetica,sans-serif;font-size: large;line-height: normal;font-weight: bold\">Hier einige Hinweise auf Internetseiten, die Sie vielleicht auch interessieren:<\/span><\/p>\n<p style=\"font-family: Arial,Helvetica,sans-serif;font-size: large;line-height: normal;font-weight: bold\">Pr\u00e4vention<\/p>\n<ul>\n<li style=\"font-family: Arial,Helvetica,sans-serif;font-size: medium\"><span style=\"font-size: medium\"><a title=\"bzga\" href=\"http:\/\/www.bzga.de\/die-bzga-im-internet\/bzga-homepage\/?do=showsingle#liste\">Bundeszentrale f\u00fcr gesundheitliche Aufkl\u00e4rung<\/a><\/span><\/li>\n<\/ul>\n<p style=\"font-family: Arial,Helvetica,sans-serif;font-size: large;font-weight: bold\">Impfungen<\/p>\n<ul>\n<li style=\"font-family: Arial,Helvetica,sans-serif;font-size: medium\"><span style=\"font-size: medium\"><a title=\"DGK: Impfungen f\u00fcr Fortgeschrittene\" href=\"http:\/\/dgk.de\/fileadmin\/user_upload\/Fachleute_pdf\/Brosch_Rundum_neu.pdf\">Impfungen f\u00fcr Fortgeschrittene<\/a><\/span><\/li>\n<li style=\"font-family: Arial,Helvetica,sans-serif;font-size: medium\"><span style=\"font-size: medium\"><a href=\"https:\/\/www.rki.de\/DE\/Content\/Kommissionen\/STIKO\/Empfehlungen\/Aktuelles\/Impfkalender.pdf?__blob=publicationFile\">Impfkalender des Robert-Koch-Instituts auf Deutsch<\/a><\/span><\/li>\n<li style=\"font-family: Arial,Helvetica,sans-serif;font-size: medium\"><span style=\"font-size: medium\">und<a title=\"Impfkalender RKI englisch\" href=\"http:\/\/www.rki.de\/DE\/Content\/Infekt\/Impfen\/Materialien\/Downloads-Impfkalender\/Impfkalender_Englisch.pdf?__blob=publicationFile\" target=\"_blank\"> Englisch<\/a>, <a title=\"Impfkalender RKI franz\u00f6sisch\" href=\"http:\/\/www.rki.de\/DE\/Content\/Infekt\/Impfen\/Materialien\/Downloads-Impfkalender\/Impfkalender_Franzoesisch.pdf?__blob=publicationFile\" target=\"_blank\">Franz\u00f6sisch<\/a>,<a title=\"Impfkalender RKI polnisch\" href=\"http:\/\/www.rki.de\/DE\/Content\/Infekt\/Impfen\/Materialien\/Downloads-Impfkalender\/Impfkalender_Polnisch.pdf?__blob=publicationFile\" target=\"_blank\"> Polnisch<\/a>, <a title=\"Impfkalender RKI russisch\" href=\"http:\/\/www.rki.de\/DE\/Content\/Infekt\/Impfen\/Materialien\/Downloads-Impfkalender\/Impfkalender_Russisch.pdf?__blob=publicationFile\" target=\"_blank\">Russisch<\/a>, <a title=\"Impfkalender RKI kurdisch\" href=\"http:\/\/www.rki.de\/DE\/Content\/Infekt\/Impfen\/Materialien\/Downloads-Impfkalender\/Impfkalender_Russisch.pdf?__blob=publicationFile\" target=\"_blank\">Kurdisch<\/a>, <a title=\"Impfkalender RKI spanisch\" href=\"http:\/\/www.rki.de\/DE\/Content\/Infekt\/Impfen\/Materialien\/Downloads-Impfkalender\/Impfkalender_Spanisch.pdf?__blob=publicationFile\" target=\"_blank\">Spanisch<\/a>, <a title=\"Impfkalender RKI arabisch\" href=\"http:\/\/www.rki.de\/DE\/Content\/Infekt\/Impfen\/Materialien\/Downloads-Impfkalender\/Impfkalender_Arabisch.pdf?__blob=publicationFile\" target=\"_blank\">Arabisch, <\/a>\u00a0 <a href=\"http:\/\/www.rki.de\/DE\/Content\/Infekt\/Impfen\/Materialien\/Impfkalender_mehrsprachig_Uebersicht_tab.html\">und weiteren Sprachen<\/a><br \/>\n<\/span><\/li>\n<li style=\"font-family: Arial,Helvetica,sans-serif;font-size: medium\"><span style=\"font-size: medium\"><a title=\"&quot;Die Impfl\u00fcge&quot;\" href=\"https:\/\/www.youtube.com\/watch?v=bjvripLfflc\">&#8222;Die Impfl\u00fcge&#8220;<\/a> (Wissenschaftssendung mit Harald Lesch)<\/span><\/li>\n<\/ul>\n<p style=\"font-family: Arial, Helvetica, sans-serif\"><span style=\"color: #333333;font-size: large\"><strong>Reisemedizin <\/strong><\/span><\/p>\n<ul>\n<li style=\"font-family: Arial,Helvetica,sans-serif\"><span style=\"font-size: medium\"><a title=\"CDC-Gelbfieberkarte\" href=\"http:\/\/www.cdc.gov\/yellowfever\/maps\/\" target=\"_blank\"> Gelbfiebergebiete <\/a><\/span><\/li>\n<li style=\"font-family: Arial,Helvetica,sans-serif\"><span style=\"font-size: medium\"><a href=\"http:\/\/cdc-malaria.ncsa.uiuc.edu\/\" target=\"_blank\">Malariagebiete<\/a><\/span><\/li>\n<li style=\"font-family: Arial,Helvetica,sans-serif\"><span style=\"font-size: medium\"><span style=\"color: #000000\">FSME-Gebiete in<\/span> <a href=\"http:\/\/www.zecken.de\/gefahr-durch-zecken\/fsme-in-deutschland\/\" target=\"_blank\">Deutschland <\/a><span style=\"color: #000000\">und<\/span> <a href=\"http:\/\/www.zecken.de\/gefahr-durch-zecken\/fsme-in-europa\/\" target=\"_blank\">Europa<\/a><\/span><\/li>\n<\/ul>\n<p style=\"font-family: Arial,Helvetica,sans-serif\"><strong style=\"font-family: Arial,Helvetica,sans-serif;font-size: large\"><span style=\"font-size: medium\">\u00a0<span style=\"font-size: large\">Umwelt<\/span><\/span><span style=\"font-family: Arial,Helvetica,sans-serif;font-size: large\">medizin <\/span><\/strong><\/p>\n<ul>\n<li style=\"font-family: Arial,Helvetica,sans-serif\"><span style=\"font-size: medium;color: #000000\"><a title=\"Problematische Stoffe in Produkten\" href=\"http:\/\/www.umweltbundesamt.de\/sites\/default\/files\/medien\/461\/publikationen\/k4092.pdf\"><span style=\"color: #000000\">problematische Stoffe in Produkten<\/span><\/a><\/span><\/li>\n<li style=\"font-family: Arial,Helvetica,sans-serif\"><span style=\"font-size: medium\"><a title=\"endokrine Disruptoren\" href=\"http:\/\/www.reach-info.de\/endokrin.htm#8\">endokrine Disruptoren<\/a> (Chemikalien, die die nat\u00fcrliche biochemische Wirkweise von Hormonen st\u00f6ren), ist nur die Spitze des Eisbergs bekannt? (<a title=\"ED_Bundestag\" href=\"https:\/\/www.bundestag.de\/blob\/439062\/84b2d0f29d71aa91759fc6284873e0e6\/wd-8-057-16-pdf-data.pdf\">Dt. Bundestag, 2016<\/a>). Vorkommen u.a. in Kosmetika, wie in dieser <a title=\"SWR-ED\" href=\"http:\/\/www.swr.de\/betrifft\/betrifft-gift-shampoo\/-\/id=98466\/did=16783696\/nid=98466\/ppiyfw\/index.html\">SWR-Reportage<\/a> dargestellt<br \/>\n<\/span><\/li>\n<\/ul>\n<p style=\"font-family: Arial,Helvetica,sans-serif\"><span style=\"color: #333333\"><strong><span style=\"font-family: Arial,Helvetica,sans-serif;font-size: large\">Ern\u00e4hrungsmedizin<\/span><\/strong><\/span><\/p>\n<ul style=\"font-family: Arial,Helvetica,sans-serif\">\n<li style=\"font-family: Arial,Helvetica,sans-serif\"><span style=\"font-size: medium\">was ich seit Jahren immer wieder meinen Patienten \u00fcber <a title=\"Essen_David Katz\" href=\"http:\/\/www.zeit.de\/zeit-magazin\/2015\/03\/gesunde-ernaehrung-essen-gemuese\">gesundes Essen<\/a> erz\u00e4hlt habe &#8211; steht jetzt auch in der Zeitung!<\/span><\/li>\n<li style=\"font-family: Arial,Helvetica,sans-serif\"><span style=\"font-family: Arial,Helvetica,sans-serif;font-size: medium\">nicht alle Ern\u00e4hrungsinformationen, die Sie im Internet, in Zeitschriften oder im Medizinbetrieb erhalten, sind seri\u00f6s. Zu diesem Thema sehenswert: <a title=\"Video &quot;Die gro\u00dfe Zuckerl\u00fcge&quot;\" href=\"http:\/\/www.arte.tv\/guide\/de\/054774-000\/die-grosse-zuckerluege\">&#8222;Die gro\u00dfe Zuckerl\u00fcge&#8220;<\/a> auf ARTE<\/span><\/li>\n<\/ul>\n<p style=\"font-family: Arial,Helvetica,sans-serif\"><strong><span style=\"font-size: large\">\u00a0<\/span><span style=\"font-size: large\">Pseudomedizin<\/span><\/strong><\/p>\n<ul style=\"font-family: Arial,Helvetica,sans-serif\">\n<li style=\"font-family: Arial,Helvetica,sans-serif\"><span style=\"font-size: medium\"><a title=\"Pseudomedizin\" href=\"http:\/\/www.psiram.com\/ge\/index.php\/Pseudomedizin\">Pseudomedizin<\/a>,\u00a0<a title=\"Alternatvmedizin\" href=\"http:\/\/www.psiram.com\/ge\/index.php\/Alternativmedizin\">Alternativmedizin<\/a> und <a title=\"Schulmedizin\" href=\"http:\/\/www.psiram.com\/ge\/index.php\/Schulmedizin\">Schulmedizin<\/a><\/span><\/li>\n<li style=\"font-family: Arial,Helvetica,sans-serif\"><span style=\"font-size: medium\">Die <a title=\"Freiburger Erkl\u00e4rung\" href=\"http:\/\/www.gwup.org\/infos\/nachrichten\/1754-freiburger-erklaerung\">&#8222;Freiburger Erkl\u00e4rung&#8220;<\/a> zur Hom\u00f6opathie. Unterschreiben Sie auch?<\/span><\/li>\n<li style=\"font-family: Arial,Helvetica,sans-serif\"><span style=\"font-size: medium\">Denken Sie eventuell dar\u00fcber nach, sich einer hom\u00f6opathischen Behandlung zu unterziehen? Kritische und fundierte Informationen dazu finden Sie auf den Internetseiten des <a title=\"Hom\u00f6opathie-Kritik\" href=\"http:\/\/www.netzwerk-homoeopathie.eu\/\">Informationsnetzwerks Hom\u00f6opathie.<\/a><\/span><\/li>\n<li style=\"font-family: Arial,Helvetica,sans-serif\"><span style=\"font-size: medium\">Selbst in einigen Universit\u00e4ten scheint Pseudomedizin in der einen oder anderen Form vertreten zu sein. Lesen Sie dazu <a title=\"Laborjournal-Hom\u00f6opathie\" href=\"http:\/\/www.laborjournal-archiv.de\/epaper\/LJ_15_10\/#16\/z\">Laborjournal 2015_10<\/a>, sowie den darauf folgenden <a title=\"Laborjournal-Blog\" href=\"http:\/\/www.laborjournal.de\/blog\/?p=8547\">Diskussionsblog <\/a><\/span><\/li>\n<li style=\"font-family: Arial,Helvetica,sans-serif\"><span style=\"font-size: medium\">Hom\u00f6opathie-Lachnummer im <a title=\"Lars\" href=\"https:\/\/www.youtube.com\/watch?v=Q4VJG_ohu2o\">Video<\/a><\/span><\/li>\n<\/ul>\n<p><span style=\"font-size: large\"><strong><span style=\"font-family: Arial,Helvetica,sans-serif\">\u00a0Krankenkassen<\/span><\/strong><\/span><\/p>\n<ul>\n<li><span style=\"font-family: Arial,Helvetica,sans-serif;font-size: medium\">Allerlei <a title=\"Krankenkasseninfo\" href=\"http:\/\/www.krankenkasseninfo.de\/\">Informationen \u00fcber die gesetzlichen\u00a0 und privaten Krankenkassen<\/a>, u.a. \u00fcber <a title=\"gesetzliche GKV-Leistungen\" href=\"http:\/\/www.krankenkasseninfo.de\/leistungen\/gesetzliche-leistungen\/\">gesetzliche Leistungen<\/a> der GKV, <a title=\"ausgeschlossene Leistungen der GKV\" href=\"http:\/\/www.krankenkasseninfo.de\/leistungen\/gesetzliche-leistungen\/\">ausgeschlossene Leistungen <\/a>und <a title=\"GKV-Satzungsleistungen\" href=\"http:\/\/www.krankenkasseninfo.de\/leistungen\/satzungsleistungen\/\">Satzungsleistungen<\/a> (\u00dcberraschungen?)<\/span><\/li>\n<\/ul>\n<p>&nbsp;<\/p>\n","protected":false},"excerpt":{"rendered":"<p>Hier einige Hinweise auf Internetseiten, die Sie vielleicht auch interessieren: Pr\u00e4vention Bundeszentrale f\u00fcr gesundheitliche Aufkl\u00e4rung Impfungen Impfungen f\u00fcr Fortgeschrittene Impfkalender des Robert-Koch-Instituts auf Deutsch und Englisch, Franz\u00f6sisch, Polnisch, Russisch, Kurdisch, Spanisch, Arabisch, \u00a0 und weiteren Sprachen &#8222;Die Impfl\u00fcge&#8220; (Wissenschaftssendung mit Harald Lesch) Reisemedizin Gelbfiebergebiete Malariagebiete FSME-Gebiete in Deutschland und Europa \u00a0Umweltmedizin problematische Stoffe in Produkten [&hellip;]<\/p>\n","protected":false},"author":316,"featured_media":0,"parent":0,"menu_order":8,"comment_status":"closed","ping_status":"closed","template":"","meta":{"footnotes":""},"class_list":["post-650","page","type-page","status-publish","hentry"],"_links":{"self":[{"href":"https:\/\/docsites.cgmlife.com\/137421694158\/wp-json\/wp\/v2\/pages\/650","targetHints":{"allow":["GET"]}}],"collection":[{"href":"https:\/\/docsites.cgmlife.com\/137421694158\/wp-json\/wp\/v2\/pages"}],"about":[{"href":"https:\/\/docsites.cgmlife.com\/137421694158\/wp-json\/wp\/v2\/types\/page"}],"author":[{"embeddable":true,"href":"https:\/\/docsites.cgmlife.com\/137421694158\/wp-json\/wp\/v2\/users\/316"}],"replies":[{"embeddable":true,"href":"https:\/\/docsites.cgmlife.com\/137421694158\/wp-json\/wp\/v2\/comments?post=650"}],"version-history":[{"count":55,"href":"https:\/\/docsites.cgmlife.com\/137421694158\/wp-json\/wp\/v2\/pages\/650\/revisions"}],"predecessor-version":[{"id":666,"href":"https:\/\/docsites.cgmlife.com\/137421694158\/wp-json\/wp\/v2\/pages\/650\/revisions\/666"}],"wp:attachment":[{"href":"https:\/\/docsites.cgmlife.com\/137421694158\/wp-json\/wp\/v2\/media?parent=650"}],"curies":[{"name":"wp","href":"https:\/\/api.w.org\/{rel}","templated":true}]}}