{"id":2,"date":"2013-02-05T09:30:54","date_gmt":"2013-02-05T07:30:54","guid":{"rendered":"http:\/\/docsites.cgmlife.com\/medistar\/?page_id=2"},"modified":"2023-01-11T18:22:12","modified_gmt":"2023-01-11T16:22:12","slug":"home","status":"publish","type":"page","link":"https:\/\/docsites.cgmlife.com\/1375789262127\/","title":{"rendered":"Home"},"content":{"rendered":"<div id=\"id242\">\n<div id=\"id47\">\n<h1>Benvenuti al nostro Studio Medico Virtuale<\/h1>\n<p>Benvenuti al nostro sito Caruso Vincenzo\u00a0in BENEVENTO. Vi aguriamo una fruizione dei contenuti chiara ed istruttiva.<\/p>\n<\/div>\n<div id=\"id6185\">\n<p>Navigando nel men\u00f9 principale \u00e8 possibile ottenere informazioni in merito alle nostre potenzialit\u00e0, al nostro studio, alla nostra equipe, ai servizi offerti e, naturalmente, anche sull&#8217;ubicazione dello studio.<\/p>\n<p>E&#8217; possibile anche prenotare delle <a href=\"https:\/\/docsites.cgmlife.com\/1375789262127\/servizi-online\/\">visite online<\/a>.<\/p>\n<\/div>\n<\/div>\n","protected":false},"excerpt":{"rendered":"<p>Benvenuti al nostro Studio Medico Virtuale Benvenuti al nostro sito Caruso Vincenzo\u00a0in BENEVENTO. Vi aguriamo una fruizione dei contenuti chiara ed istruttiva. Navigando nel men\u00f9 principale \u00e8 possibile ottenere informazioni in merito alle nostre potenzialit\u00e0, al nostro studio, alla nostra equipe, ai servizi offerti e, naturalmente, anche sull&#8217;ubicazione dello studio. E&#8217; possibile anche prenotare delle [&hellip;]<\/p>\n","protected":false},"author":327,"featured_media":0,"parent":0,"menu_order":-1,"comment_status":"closed","ping_status":"closed","template":"","meta":{"footnotes":""},"class_list":["post-2","page","type-page","status-publish","hentry"],"_links":{"self":[{"href":"https:\/\/docsites.cgmlife.com\/1375789262127\/wp-json\/wp\/v2\/pages\/2","targetHints":{"allow":["GET"]}}],"collection":[{"href":"https:\/\/docsites.cgmlife.com\/1375789262127\/wp-json\/wp\/v2\/pages"}],"about":[{"href":"https:\/\/docsites.cgmlife.com\/1375789262127\/wp-json\/wp\/v2\/types\/page"}],"author":[{"embeddable":true,"href":"https:\/\/docsites.cgmlife.com\/1375789262127\/wp-json\/wp\/v2\/users\/327"}],"replies":[{"embeddable":true,"href":"https:\/\/docsites.cgmlife.com\/1375789262127\/wp-json\/wp\/v2\/comments?post=2"}],"version-history":[{"count":1,"href":"https:\/\/docsites.cgmlife.com\/1375789262127\/wp-json\/wp\/v2\/pages\/2\/revisions"}],"predecessor-version":[{"id":136,"href":"https:\/\/docsites.cgmlife.com\/1375789262127\/wp-json\/wp\/v2\/pages\/2\/revisions\/136"}],"wp:attachment":[{"href":"https:\/\/docsites.cgmlife.com\/1375789262127\/wp-json\/wp\/v2\/media?parent=2"}],"curies":[{"name":"wp","href":"https:\/\/api.w.org\/{rel}","templated":true}]}}