{"id":6,"date":"2013-02-05T11:33:02","date_gmt":"2013-02-05T09:33:02","guid":{"rendered":"http:\/\/docsites.cgmlife.com\/medistar\/?page_id=6"},"modified":"2013-09-30T17:12:59","modified_gmt":"2013-09-30T15:12:59","slug":"studio-medico","status":"publish","type":"page","link":"https:\/\/docsites.cgmlife.com\/1375792444127\/studio-medico\/","title":{"rendered":"Studio Medico"},"content":{"rendered":"<div id=\"id841\">\n<div id=\"id47\">\n<div id=\"id47\">\n<div id=\"id47\">\n<h1>Studio Medico<\/h1>\n<\/div>\n<div id=\"id46844\">\n<div>\n<table border=\"0\">\n<caption>Orario di ambulatorio<\/caption>\n<thead>\n<tr>\n<th><\/th>\n<th>Mattina<\/th>\n<th>Pomeriggio<\/th>\n<\/tr>\n<\/thead>\n<tfoot>\n<tr>\n<td>Venerd\u00ec<\/td>\n<td>09:00 &#8211; 12:00<\/td>\n<td>16:30 &#8211; 18:30<\/td>\n<\/tr>\n<\/tfoot>\n<tbody>\n<tr>\n<td>Luned\u00ec<\/td>\n<td>09:00 &#8211; 12:00<\/td>\n<td>16:30 &#8211; 18:30<\/td>\n<\/tr>\n<tr>\n<td>Marted\u00ec<\/td>\n<td>09:00 &#8211; 12:00<\/td>\n<td style=\"text-align: center\">&#8212;-<\/td>\n<\/tr>\n<tr>\n<td>Mercoled\u00ec<\/td>\n<td>09:00- 12:00<\/td>\n<td>\u00a016:30 &#8211; 18:30<\/td>\n<\/tr>\n<tr>\n<td>Gioved\u00ec<\/td>\n<td style=\"text-align: center\">&#8212;<\/td>\n<td>14:00 &#8211; 20:00<\/td>\n<\/tr>\n<\/tbody>\n<\/table>\n<\/div>\n<\/div>\n<\/div>\n<\/div>\n<\/div>\n","protected":false},"excerpt":{"rendered":"<p>Studio Medico Orario di ambulatorio Mattina Pomeriggio Venerd\u00ec 09:00 &#8211; 12:00 16:30 &#8211; 18:30 Luned\u00ec 09:00 &#8211; 12:00 16:30 &#8211; 18:30 Marted\u00ec 09:00 &#8211; 12:00 &#8212;- Mercoled\u00ec 09:00- 12:00 \u00a016:30 &#8211; 18:30 Gioved\u00ec &#8212; 14:00 &#8211; 20:00<\/p>\n","protected":false},"author":340,"featured_media":0,"parent":0,"menu_order":0,"comment_status":"closed","ping_status":"closed","template":"","meta":{"footnotes":""},"class_list":["post-6","page","type-page","status-publish","hentry"],"_links":{"self":[{"href":"https:\/\/docsites.cgmlife.com\/1375792444127\/wp-json\/wp\/v2\/pages\/6","targetHints":{"allow":["GET"]}}],"collection":[{"href":"https:\/\/docsites.cgmlife.com\/1375792444127\/wp-json\/wp\/v2\/pages"}],"about":[{"href":"https:\/\/docsites.cgmlife.com\/1375792444127\/wp-json\/wp\/v2\/types\/page"}],"author":[{"embeddable":true,"href":"https:\/\/docsites.cgmlife.com\/1375792444127\/wp-json\/wp\/v2\/users\/340"}],"replies":[{"embeddable":true,"href":"https:\/\/docsites.cgmlife.com\/1375792444127\/wp-json\/wp\/v2\/comments?post=6"}],"version-history":[{"count":5,"href":"https:\/\/docsites.cgmlife.com\/1375792444127\/wp-json\/wp\/v2\/pages\/6\/revisions"}],"predecessor-version":[{"id":112,"href":"https:\/\/docsites.cgmlife.com\/1375792444127\/wp-json\/wp\/v2\/pages\/6\/revisions\/112"}],"wp:attachment":[{"href":"https:\/\/docsites.cgmlife.com\/1375792444127\/wp-json\/wp\/v2\/media?parent=6"}],"curies":[{"name":"wp","href":"https:\/\/api.w.org\/{rel}","templated":true}]}}