{"id":6,"date":"2013-02-05T11:33:02","date_gmt":"2013-02-05T09:33:02","guid":{"rendered":"http:\/\/docsites.cgmlife.com\/medistar\/?page_id=6"},"modified":"2013-08-22T10:51:35","modified_gmt":"2013-08-22T08:51:35","slug":"studio-medico","status":"publish","type":"page","link":"https:\/\/docsites.cgmlife.com\/1375793719127\/studio-medico\/","title":{"rendered":"Studio Medico"},"content":{"rendered":"<div id=\"id841\">\n<div id=\"id47\">\n<div id=\"id47\">\n<h1>Studio Medico<\/h1>\n<\/div>\n<div id=\"id52782\">\n<div>\n<table border=\"0\">\n<caption>Orario di ambulatorio<\/caption>\n<thead>\n<tr>\n<th><\/th>\n<th>Mattina<\/th>\n<th>Pomeriggio<\/th>\n<\/tr>\n<\/thead>\n<tfoot>\n<tr>\n<td>Venerd\u00ec<\/td>\n<td>08:30 &#8211; 12:30<\/td>\n<td><\/td>\n<\/tr>\n<\/tfoot>\n<tbody>\n<tr>\n<td>Luned\u00ec<\/td>\n<td>08:30 &#8211; 12:30<\/td>\n<td><\/td>\n<\/tr>\n<tr>\n<td>Marted\u00ec<\/td>\n<td><\/td>\n<td>15:30 &#8211; 19:00<\/td>\n<\/tr>\n<tr>\n<td>Mercoled\u00ec<\/td>\n<td>08:30 &#8211; 12:30<\/td>\n<td><\/td>\n<\/tr>\n<tr>\n<td>Gioved\u00ec<\/td>\n<td><\/td>\n<td>15:30 &#8211; 19:00<\/td>\n<\/tr>\n<\/tbody>\n<\/table>\n<\/div>\n<\/div>\n<\/div>\n<div id=\"id37712\"><\/div>\n<\/div>\n","protected":false},"excerpt":{"rendered":"<p>Studio Medico Orario di ambulatorio Mattina Pomeriggio Venerd\u00ec 08:30 &#8211; 12:30 Luned\u00ec 08:30 &#8211; 12:30 Marted\u00ec 15:30 &#8211; 19:00 Mercoled\u00ec 08:30 &#8211; 12:30 Gioved\u00ec 15:30 &#8211; 19:00<\/p>\n","protected":false},"author":345,"featured_media":0,"parent":0,"menu_order":2,"comment_status":"closed","ping_status":"closed","template":"","meta":{"footnotes":""},"class_list":["post-6","page","type-page","status-publish","hentry"],"_links":{"self":[{"href":"https:\/\/docsites.cgmlife.com\/1375793719127\/wp-json\/wp\/v2\/pages\/6","targetHints":{"allow":["GET"]}}],"collection":[{"href":"https:\/\/docsites.cgmlife.com\/1375793719127\/wp-json\/wp\/v2\/pages"}],"about":[{"href":"https:\/\/docsites.cgmlife.com\/1375793719127\/wp-json\/wp\/v2\/types\/page"}],"author":[{"embeddable":true,"href":"https:\/\/docsites.cgmlife.com\/1375793719127\/wp-json\/wp\/v2\/users\/345"}],"replies":[{"embeddable":true,"href":"https:\/\/docsites.cgmlife.com\/1375793719127\/wp-json\/wp\/v2\/comments?post=6"}],"version-history":[{"count":2,"href":"https:\/\/docsites.cgmlife.com\/1375793719127\/wp-json\/wp\/v2\/pages\/6\/revisions"}],"predecessor-version":[{"id":113,"href":"https:\/\/docsites.cgmlife.com\/1375793719127\/wp-json\/wp\/v2\/pages\/6\/revisions\/113"}],"wp:attachment":[{"href":"https:\/\/docsites.cgmlife.com\/1375793719127\/wp-json\/wp\/v2\/media?parent=6"}],"curies":[{"name":"wp","href":"https:\/\/api.w.org\/{rel}","templated":true}]}}