{"id":93,"date":"2013-09-11T12:55:25","date_gmt":"2013-09-11T10:55:25","guid":{"rendered":"http:\/\/docsites.cgmlife.com\/137604521541\/?page_id=93"},"modified":"2013-09-11T12:55:25","modified_gmt":"2013-09-11T10:55:25","slug":"praxisspektrum","status":"publish","type":"page","link":"https:\/\/docsites.cgmlife.com\/137604521541\/praxisspektrum\/","title":{"rendered":"Praxisspektrum"},"content":{"rendered":"<p><span style=\"text-decoration: underline\">Kariespr\u00e4vention<\/span><\/p>\n<p>&#8211; Professionelle Zahn- und Mundhygiene<\/p>\n<p>&#8211; Speicheltest zur Bestimmung des Kariesrisikos<\/p>\n<p>&#8211; Individualprophylaxe bei Kindern<\/p>\n<p><span style=\"text-decoration: underline\">\u00c4sthetische Zahnheilkunde<\/span><\/p>\n<p>&#8211; Zahnfarbende Keramikrekonstruktionen als Inlay, Veneers (Verblendschalen),Kronen und Br\u00fccken<\/p>\n<p>&#8211; Befestigung von Schmucksteinchen<\/p>\n<p>&#8211; Aufhellung von mehreren oder einzelnen Z\u00e4hnen<\/p>\n<p><span style=\"text-decoration: underline\">Parodontologie<\/span><\/p>\n<p>&#8211; Systematische Behandlung von Zahnfleischerkrankungen<\/p>\n<p>&#8211; Knochenaufbau bei Verlust des Zahnhalteapparates<\/p>\n<p>&#8211; \u00c4sthetische Zahnfleischbehandlungen<\/p>\n<p>&#8211; Parodontitis-Risiko-Test<\/p>\n<p><span style=\"text-decoration: underline\">Zahnerhaltung<\/span><\/p>\n<p>&#8211; Endodontie<\/p>\n<p>&#8211; Operative Behandlungen<\/p>\n<p><span style=\"text-decoration: underline\">Implantologie<\/span><\/p>\n<p>&#8211; Implantatgest\u00fctzter festsitzender Zahnersatz (Kronen,Br\u00fccken,Verbundbr\u00fccken)<\/p>\n<p>&#8211; Implantatgest\u00fctzter herausnehmbarer Zahnersatz (bei Totalprotheses, zus\u00e4tz. Pfeiler)<\/p>\n<p>&#8211; Knochenaufbaumethoden (z.B. Sinuslift,Bonesplitting)<\/p>\n<p>&nbsp;<\/p>\n<p>&nbsp;<\/p>\n","protected":false},"excerpt":{"rendered":"<p>Kariespr\u00e4vention &#8211; Professionelle Zahn- und Mundhygiene &#8211; Speicheltest zur Bestimmung des Kariesrisikos &#8211; Individualprophylaxe bei Kindern \u00c4sthetische Zahnheilkunde &#8211; Zahnfarbende Keramikrekonstruktionen als Inlay, Veneers (Verblendschalen),Kronen und Br\u00fccken &#8211; Befestigung von Schmucksteinchen &#8211; Aufhellung von mehreren oder einzelnen Z\u00e4hnen Parodontologie &#8211; Systematische Behandlung von Zahnfleischerkrankungen &#8211; Knochenaufbau bei Verlust des Zahnhalteapparates &#8211; \u00c4sthetische Zahnfleischbehandlungen &#8211; Parodontitis-Risiko-Test [&hellip;]<\/p>\n","protected":false},"author":353,"featured_media":0,"parent":0,"menu_order":4,"comment_status":"closed","ping_status":"closed","template":"","meta":{"footnotes":""},"class_list":["post-93","page","type-page","status-publish","hentry"],"_links":{"self":[{"href":"https:\/\/docsites.cgmlife.com\/137604521541\/wp-json\/wp\/v2\/pages\/93","targetHints":{"allow":["GET"]}}],"collection":[{"href":"https:\/\/docsites.cgmlife.com\/137604521541\/wp-json\/wp\/v2\/pages"}],"about":[{"href":"https:\/\/docsites.cgmlife.com\/137604521541\/wp-json\/wp\/v2\/types\/page"}],"author":[{"embeddable":true,"href":"https:\/\/docsites.cgmlife.com\/137604521541\/wp-json\/wp\/v2\/users\/353"}],"replies":[{"embeddable":true,"href":"https:\/\/docsites.cgmlife.com\/137604521541\/wp-json\/wp\/v2\/comments?post=93"}],"version-history":[{"count":5,"href":"https:\/\/docsites.cgmlife.com\/137604521541\/wp-json\/wp\/v2\/pages\/93\/revisions"}],"predecessor-version":[{"id":100,"href":"https:\/\/docsites.cgmlife.com\/137604521541\/wp-json\/wp\/v2\/pages\/93\/revisions\/100"}],"wp:attachment":[{"href":"https:\/\/docsites.cgmlife.com\/137604521541\/wp-json\/wp\/v2\/media?parent=93"}],"curies":[{"name":"wp","href":"https:\/\/api.w.org\/{rel}","templated":true}]}}