{"id":10,"date":"2013-02-05T11:37:41","date_gmt":"2013-02-05T09:37:41","guid":{"rendered":"http:\/\/docsites.cgmlife.com\/medistar\/?page_id=10"},"modified":"2025-11-27T22:50:45","modified_gmt":"2025-11-27T20:50:45","slug":"impressum","status":"publish","type":"page","link":"https:\/\/docsites.cgmlife.com\/137951387643\/impressum\/","title":{"rendered":"Impressum"},"content":{"rendered":"\n<h3 class=\"wp-block-heading has-text-align-center\"><\/h3>\n\n\n\n<div class=\"wp-block-columns is-layout-flex wp-container-core-columns-is-layout-9d6595d7 wp-block-columns-is-layout-flex\">\n<div class=\"wp-block-column is-layout-flow wp-block-column-is-layout-flow\">\n<h2 class=\"wp-block-heading has-text-align-center\">Internistische und rheumatologische Gemeinschaftspraxis Gladbeck<\/h2>\n<\/div>\n<\/div>\n\n\n\n<div class=\"wp-block-columns is-layout-flex wp-container-core-columns-is-layout-9d6595d7 wp-block-columns-is-layout-flex\">\n<div class=\"wp-block-column is-layout-flow wp-block-column-is-layout-flow\"><\/div>\n\n\n\n<div class=\"wp-block-column is-layout-flow wp-block-column-is-layout-flow\"><\/div>\n<\/div>\n\n\n\n<div class=\"wp-block-columns is-layout-flex wp-container-core-columns-is-layout-9d6595d7 wp-block-columns-is-layout-flex\">\n<div class=\"wp-block-column is-layout-flow wp-block-column-is-layout-flow\">\n<h3 class=\"wp-block-heading has-text-align-center\">Dr. med. Andreas Schulte-Terhusen, <\/h3>\n\n\n\n<h3 class=\"wp-block-heading has-text-align-center\">Simone Braun<\/h3>\n\n\n\n<h3 class=\"wp-block-heading has-text-align-center\">                      Dr. med. Judith Feid<\/h3>\n\n\n\n<h3 class=\"wp-block-heading has-text-align-center\">  Internistisch\/haus\u00e4rztliche Versorgung<\/h3>\n<\/div>\n\n\n\n<div class=\"wp-block-column is-layout-flow wp-block-column-is-layout-flow\">\n<h3 class=\"wp-block-heading has-text-align-center\">PD. Dr. med. Dietmar Krause, <\/h3>\n\n\n\n<h3 class=\"wp-block-heading has-text-align-center\">Dr. med Claudia Klink<\/h3>\n\n\n\n<h3 class=\"wp-block-heading has-text-align-center\"> Barbara Guminski <\/h3>\n\n\n\n<h3 class=\"wp-block-heading has-text-align-center\">                   Rheumatologen<\/h3>\n<\/div>\n<\/div>\n\n\n\n<div class=\"wp-block-group\"><div class=\"wp-block-group__inner-container is-layout-constrained wp-block-group-is-layout-constrained\">\n<p>&nbsp;&nbsp;&nbsp;&nbsp;&nbsp;&nbsp;&nbsp;&nbsp;&nbsp;&nbsp;&nbsp;&nbsp;&nbsp;&nbsp;&nbsp;&nbsp;&nbsp;&nbsp;&nbsp;&nbsp;&nbsp;&nbsp;&nbsp;&nbsp;&nbsp;&nbsp;&nbsp;&nbsp;&nbsp;&nbsp;&nbsp;&nbsp;&nbsp;&nbsp;&nbsp;&nbsp;&nbsp;&nbsp;&nbsp;&nbsp;&nbsp;&nbsp;&nbsp;&nbsp;&nbsp;&nbsp;&nbsp;&nbsp;&nbsp;&nbsp;&nbsp;&nbsp;&nbsp;&nbsp;&nbsp;&nbsp;&nbsp;&nbsp;&nbsp;&nbsp;&nbsp;&nbsp;&nbsp;&nbsp;&nbsp;&nbsp;&nbsp;&nbsp;&nbsp;&nbsp;&nbsp;&nbsp;&nbsp;&nbsp;<\/p>\n\n\n\n<figure class=\"wp-block-pullquote\"><blockquote><p><strong>Horster Stra\u00dfe 40&nbsp;&nbsp; 45964 Gladbeck<\/strong><br><strong>Tel.: 02043-20610&nbsp;&nbsp;&nbsp;&nbsp; Fax: 02043-206118<\/strong><br><strong>Rezept-Telefon: 02043-20610<\/strong><br><strong>E-Mail: <a href=\"mailto:praxis-horster-strasse@mvz-aerzte.com\" target=\"_blank\" rel=\"noreferrer noopener\">praxis-horster-strasse@mvz-aerzte.com<\/a> <\/strong><\/p><\/blockquote><\/figure>\n\n\n\n<p class=\"has-text-align-left\">&nbsp; &nbsp; &nbsp; &nbsp; &nbsp; &nbsp; &nbsp; &nbsp; &nbsp; &nbsp; &nbsp; &nbsp; &nbsp; &nbsp; &nbsp; &nbsp; &nbsp; &nbsp; &nbsp; &nbsp; &nbsp; &nbsp; &nbsp; &nbsp; &nbsp; &nbsp; &nbsp; &nbsp; &nbsp; &nbsp; &nbsp;<\/p>\n<\/div><\/div>\n\n\n\n<div class=\"wp-block-group\"><div class=\"wp-block-group__inner-container is-layout-constrained wp-block-group-is-layout-constrained\">\n<div class=\"wp-block-group\"><div class=\"wp-block-group__inner-container is-layout-constrained wp-block-group-is-layout-constrained\">\n<h5 class=\"wp-block-heading\"><\/h5>\n\n\n\n<div class=\"wp-block-group\"><div class=\"wp-block-group__inner-container is-layout-constrained wp-block-group-is-layout-constrained\"><\/div><\/div>\n<\/div><\/div>\n<\/div><\/div>\n\n\n\n<ul class=\"wp-block-list\">\n<li>Mitglieder der \u00c4rztekammer Westfalen Lippe (\u00c4KWL) M\u00fcnster und Mitglieder der Kassen\u00e4rztlichen Vereinigung Westfalen Lippe(KVWL), Dortmund&nbsp; (<a href=\"http:\/\/www.kvwl.de\">www.kvwl.de<\/a>)<\/li>\n\n\n\n<li>Mitglieder Rheumanetz Westfalen Lippe , Herne und Mitglieder Gladbecker \u00c4rztenetz, GlaNet und<\/li>\n\n\n\n<li>Mitglieder Prosperverbund Gladbeck\/Gelsenkirchen&nbsp;<\/li>\n\n\n\n<li>Geltende Berufsordnung der \u00c4rztekammer Westfalen Lippe<\/li>\n\n\n\n<li>Geltendes Heilberufsgesetz NRW<\/li>\n\n\n\n<li>Datenschutzbeauftragter:  Dr. med. Heinrich Altekruse, Am Sch\u00f6lzbach 109, 46282 Dorsten, Tel.: 02362\/208828<\/li>\n<\/ul>\n","protected":false},"excerpt":{"rendered":"<p>Internistische und rheumatologische Gemeinschaftspraxis Gladbeck Dr. med. Andreas Schulte-Terhusen, Simone Braun Dr. med. Judith Feid Internistisch\/haus\u00e4rztliche Versorgung PD. Dr. med. Dietmar Krause, Dr. med Claudia Klink Barbara Guminski Rheumatologen &nbsp;&nbsp;&nbsp;&nbsp;&nbsp;&nbsp;&nbsp;&nbsp;&nbsp;&nbsp;&nbsp;&nbsp;&nbsp;&nbsp;&nbsp;&nbsp;&nbsp;&nbsp;&nbsp;&nbsp;&nbsp;&nbsp;&nbsp;&nbsp;&nbsp;&nbsp;&nbsp;&nbsp;&nbsp;&nbsp;&nbsp;&nbsp;&nbsp;&nbsp;&nbsp;&nbsp;&nbsp;&nbsp;&nbsp;&nbsp;&nbsp;&nbsp;&nbsp;&nbsp;&nbsp;&nbsp;&nbsp;&nbsp;&nbsp;&nbsp;&nbsp;&nbsp;&nbsp;&nbsp;&nbsp;&nbsp;&nbsp;&nbsp;&nbsp;&nbsp;&nbsp;&nbsp;&nbsp;&nbsp;&nbsp;&nbsp;&nbsp;&nbsp;&nbsp;&nbsp;&nbsp;&nbsp;&nbsp;&nbsp; Horster Stra\u00dfe 40&nbsp;&nbsp; 45964 GladbeckTel.: 02043-20610&nbsp;&nbsp;&nbsp;&nbsp; Fax: 02043-206118Rezept-Telefon: 02043-20610E-Mail: praxis-horster-strasse@mvz-aerzte.com &nbsp; &nbsp; &nbsp; &nbsp; &nbsp; &nbsp; &nbsp; &nbsp; &nbsp; &nbsp; &nbsp; &nbsp; &nbsp; &nbsp; &nbsp; [&hellip;]<\/p>\n","protected":false},"author":379,"featured_media":0,"parent":0,"menu_order":1000,"comment_status":"closed","ping_status":"closed","template":"","meta":{"footnotes":""},"class_list":["post-10","page","type-page","status-publish","hentry"],"_links":{"self":[{"href":"https:\/\/docsites.cgmlife.com\/137951387643\/wp-json\/wp\/v2\/pages\/10","targetHints":{"allow":["GET"]}}],"collection":[{"href":"https:\/\/docsites.cgmlife.com\/137951387643\/wp-json\/wp\/v2\/pages"}],"about":[{"href":"https:\/\/docsites.cgmlife.com\/137951387643\/wp-json\/wp\/v2\/types\/page"}],"author":[{"embeddable":true,"href":"https:\/\/docsites.cgmlife.com\/137951387643\/wp-json\/wp\/v2\/users\/379"}],"replies":[{"embeddable":true,"href":"https:\/\/docsites.cgmlife.com\/137951387643\/wp-json\/wp\/v2\/comments?post=10"}],"version-history":[{"count":16,"href":"https:\/\/docsites.cgmlife.com\/137951387643\/wp-json\/wp\/v2\/pages\/10\/revisions"}],"predecessor-version":[{"id":507,"href":"https:\/\/docsites.cgmlife.com\/137951387643\/wp-json\/wp\/v2\/pages\/10\/revisions\/507"}],"wp:attachment":[{"href":"https:\/\/docsites.cgmlife.com\/137951387643\/wp-json\/wp\/v2\/media?parent=10"}],"curies":[{"name":"wp","href":"https:\/\/api.w.org\/{rel}","templated":true}]}}