{"id":2,"date":"2013-02-05T09:30:54","date_gmt":"2013-02-05T07:30:54","guid":{"rendered":"http:\/\/docsites.cgmlife.com\/medistar\/?page_id=2"},"modified":"2025-11-27T22:49:27","modified_gmt":"2025-11-27T20:49:27","slug":"beispiel-seite","status":"publish","type":"page","link":"https:\/\/docsites.cgmlife.com\/137951387643\/","title":{"rendered":"Start"},"content":{"rendered":"\n<h1 class=\"wp-block-heading\">Herzlich Willkommen in unserer Praxis.<\/h1>\n\n\n\n<div class=\"wp-block-group\"><div class=\"wp-block-group__inner-container is-layout-constrained wp-block-group-is-layout-constrained\">\n<p>Willkommen auf der Internetseite der internistischen und rheumatologischen Gemeinschaftspraxis in Gladbeck. <\/p>\n\n\n\n<h2 class=\"wp-block-heading\">Wir sind umgezogen! Seit dem 01.09.25 finden sie uns als MVZ \u00c4rzte Gladbeck &#8211; Horster Stra\u00dfe an der Horster Str. 40, 45964 Gladbeck<\/h2>\n\n\n\n<p><\/p>\n<\/div><\/div>\n\n\n\n<h2 class=\"wp-block-heading\">So finden Sie uns:<\/h2>\n\n\n\n<p>Horster Str. 40<br>45964 Gladbeck<\/p>\n\n\n\n<p>(am Marktplatz, neben dem Caf\u00e9 Extrablatt)<\/p>\n\n\n\n<p><strong>Sprechzeiten:<\/strong><\/p>\n\n\n\n<p>Montag: 07.30 &#8211; 18.00 Uhr      <br>Dienstag: 07.30 &#8211; 18.00 Uhr    <br>Mittwoch: 07.30 &#8211; 13.00 Uhr<br>Donnerstag: 07.30 &#8211; 18.00 Uhr  <br>Freitag: 07.30 &#8211; 13.00 Uhr<br><\/p>\n\n\n\n<p><strong>Wichtig: Mo, Di und Do:  zwischen 12 Uhr und 15 Uhr nur Terminpatienten und Notf\u00e4lle<\/strong><\/p>\n\n\n\n<p>Die Praxis ist \u00fcber die folgende Telefonnummer zu erreichen: 0 20 43 &#8211; 20610<\/p>\n\n\n\n<p>Fax: 02043 &#8211; 206118<\/p>\n\n\n\n<h6 class=\"wp-block-heading\">Wir machen darauf aufmerksam, dass bei Aufruf unserer Internetseite die IP-Adresse gespeichert wird. Siehe auch Datenschutzbestimmungen.<\/h6>\n","protected":false},"excerpt":{"rendered":"<p>Herzlich Willkommen in unserer Praxis. Willkommen auf der Internetseite der internistischen und rheumatologischen Gemeinschaftspraxis in Gladbeck. Wir sind umgezogen! Seit dem 01.09.25 finden sie uns als MVZ \u00c4rzte Gladbeck &#8211; Horster Stra\u00dfe an der Horster Str. 40, 45964 Gladbeck So finden Sie uns: Horster Str. 4045964 Gladbeck (am Marktplatz, neben dem Caf\u00e9 Extrablatt) Sprechzeiten: Montag: [&hellip;]<\/p>\n","protected":false},"author":379,"featured_media":0,"parent":0,"menu_order":-1,"comment_status":"closed","ping_status":"closed","template":"","meta":{"footnotes":""},"class_list":["post-2","page","type-page","status-publish","hentry"],"_links":{"self":[{"href":"https:\/\/docsites.cgmlife.com\/137951387643\/wp-json\/wp\/v2\/pages\/2","targetHints":{"allow":["GET"]}}],"collection":[{"href":"https:\/\/docsites.cgmlife.com\/137951387643\/wp-json\/wp\/v2\/pages"}],"about":[{"href":"https:\/\/docsites.cgmlife.com\/137951387643\/wp-json\/wp\/v2\/types\/page"}],"author":[{"embeddable":true,"href":"https:\/\/docsites.cgmlife.com\/137951387643\/wp-json\/wp\/v2\/users\/379"}],"replies":[{"embeddable":true,"href":"https:\/\/docsites.cgmlife.com\/137951387643\/wp-json\/wp\/v2\/comments?post=2"}],"version-history":[{"count":52,"href":"https:\/\/docsites.cgmlife.com\/137951387643\/wp-json\/wp\/v2\/pages\/2\/revisions"}],"predecessor-version":[{"id":506,"href":"https:\/\/docsites.cgmlife.com\/137951387643\/wp-json\/wp\/v2\/pages\/2\/revisions\/506"}],"wp:attachment":[{"href":"https:\/\/docsites.cgmlife.com\/137951387643\/wp-json\/wp\/v2\/media?parent=2"}],"curies":[{"name":"wp","href":"https:\/\/api.w.org\/{rel}","templated":true}]}}