{"id":2,"date":"2013-02-05T09:30:54","date_gmt":"2013-02-05T07:30:54","guid":{"rendered":"http:\/\/docsites.cgmlife.com\/medistar\/?page_id=2"},"modified":"2023-10-05T09:33:39","modified_gmt":"2023-10-05T07:33:39","slug":"beispiel-seite","status":"publish","type":"page","link":"https:\/\/docsites.cgmlife.com\/138381725039\/","title":{"rendered":"Start"},"content":{"rendered":"\n<h1 class=\"wp-block-heading\">Herzlich Willkommen in unserer virtuellen Praxis.<\/h1>\n\n\n\n<p>Willkommen auf der Internetseite der Neurologischen Praxis Dr.med. Volker Hoffmann in Asbach. Wir w\u00fcnschen Ihnen einen \u00fcbersichtlichen und informativen Aufenthalt.<\/p>\n\n\n\n<p>\u00dcber die Hauptmen\u00fc-Punkte k\u00f6nnen Sie Informationen \u00fcber unsere M\u00f6glichkeiten, unsere Praxis, das Team, Services und nat\u00fcrlich die Lage der Praxis abrufen.<\/p>\n\n\n\n<p>Sie k\u00f6nnen auch u. a. einen <a href=\"https:\/\/docsites.cgmlife.com\/138381725039\/online-dienste\/\" data-type=\"page\" data-id=\"5\">online-Termin<\/a> buchen.<\/p>\n\n\n\n<a href=\"https:\/\/www.doctolib.de\/neurologie\/asbach\/volker-hoffmann?utm_campaign=website-button&amp;utm_source=volker-hoffmann-website-button&amp;utm_medium=referral&amp;utm_content=option-8&amp;utm_term=volker-hoffmann\" style=\"position:fixed;top:180px;right:0;text-align:center;background-color:#107ACA;z-index:10000;color:#ffffff;font-size:14px;overflow:hidden;width:100px;border-radius:4px 0 0 4px;text-decoration:none;padding:10px;line-height:1.4\" rel=\"noopener noreferrer\" target=\"_blank\"><span style=\"font-size:14px\">Termin<br> online buchen<\/span><img decoding=\"async\" style=\"height:15px;margin-top:10px;vertical-align:middle;width:auto\" src=\"https:\/\/www.doctolib.de\/external_button\/doctolib-white-transparent.png\" alt=\"Doctolib\"><\/a>\n","protected":false},"excerpt":{"rendered":"<p>Herzlich Willkommen in unserer virtuellen Praxis. Willkommen auf der Internetseite der Neurologischen Praxis Dr.med. Volker Hoffmann in Asbach. Wir w\u00fcnschen Ihnen einen \u00fcbersichtlichen und informativen Aufenthalt. \u00dcber die Hauptmen\u00fc-Punkte k\u00f6nnen Sie Informationen \u00fcber unsere M\u00f6glichkeiten, unsere Praxis, das Team, Services und nat\u00fcrlich die Lage der Praxis abrufen. Sie k\u00f6nnen auch u. a. einen online-Termin buchen. [&hellip;]<\/p>\n","protected":false},"author":399,"featured_media":0,"parent":0,"menu_order":-1,"comment_status":"closed","ping_status":"closed","template":"","meta":{"footnotes":""},"class_list":["post-2","page","type-page","status-publish","hentry"],"_links":{"self":[{"href":"https:\/\/docsites.cgmlife.com\/138381725039\/wp-json\/wp\/v2\/pages\/2","targetHints":{"allow":["GET"]}}],"collection":[{"href":"https:\/\/docsites.cgmlife.com\/138381725039\/wp-json\/wp\/v2\/pages"}],"about":[{"href":"https:\/\/docsites.cgmlife.com\/138381725039\/wp-json\/wp\/v2\/types\/page"}],"author":[{"embeddable":true,"href":"https:\/\/docsites.cgmlife.com\/138381725039\/wp-json\/wp\/v2\/users\/399"}],"replies":[{"embeddable":true,"href":"https:\/\/docsites.cgmlife.com\/138381725039\/wp-json\/wp\/v2\/comments?post=2"}],"version-history":[{"count":5,"href":"https:\/\/docsites.cgmlife.com\/138381725039\/wp-json\/wp\/v2\/pages\/2\/revisions"}],"predecessor-version":[{"id":149,"href":"https:\/\/docsites.cgmlife.com\/138381725039\/wp-json\/wp\/v2\/pages\/2\/revisions\/149"}],"wp:attachment":[{"href":"https:\/\/docsites.cgmlife.com\/138381725039\/wp-json\/wp\/v2\/media?parent=2"}],"curies":[{"name":"wp","href":"https:\/\/api.w.org\/{rel}","templated":true}]}}