{"id":2,"date":"2013-02-05T09:30:54","date_gmt":"2013-02-05T07:30:54","guid":{"rendered":"http:\/\/docsites.cgmlife.com\/medistar\/?page_id=2"},"modified":"2023-10-09T08:28:47","modified_gmt":"2023-10-09T07:28:47","slug":"beispiel-seite","status":"publish","type":"page","link":"https:\/\/docsites.cgmlife.com\/138667925660\/","title":{"rendered":"Start"},"content":{"rendered":"\n<h1 class=\"wp-block-heading\">Herzlich Willkommen in unserer virtuellen Praxis.<\/h1>\n\n\n\n<p>Dr. med.&nbsp;Reiner-Rolf Hassinger in Friedberg, Kaiserstra\u00dfe 126.<\/p>\n\n\n\n<p>Telefon : 06031 \/ 12619 , Fax : 06031 \/ 692255 , Handy 0177 \/ 245 2808 (f\u00fcr Notf\u00e4lle).<\/p>\n\n\n\n<p>\u00dcber die Men\u00fc-Punkte k\u00f6nnen Sie Informationen abrufen und <a href=\"https:\/\/docsites.cgmlife.com\/138667925660\/online-dienste\/\">Online-Termine<\/a> buchen.<\/p>\n","protected":false},"excerpt":{"rendered":"<p>Herzlich Willkommen in unserer virtuellen Praxis. Dr. med.&nbsp;Reiner-Rolf Hassinger in Friedberg, Kaiserstra\u00dfe 126. Telefon : 06031 \/ 12619 , Fax : 06031 \/ 692255 , Handy 0177 \/ 245 2808 (f\u00fcr Notf\u00e4lle). \u00dcber die Men\u00fc-Punkte k\u00f6nnen Sie Informationen abrufen und Online-Termine buchen.<\/p>\n","protected":false},"author":418,"featured_media":0,"parent":0,"menu_order":-1,"comment_status":"closed","ping_status":"closed","template":"","meta":{"footnotes":""},"class_list":["post-2","page","type-page","status-publish","hentry"],"_links":{"self":[{"href":"https:\/\/docsites.cgmlife.com\/138667925660\/wp-json\/wp\/v2\/pages\/2","targetHints":{"allow":["GET"]}}],"collection":[{"href":"https:\/\/docsites.cgmlife.com\/138667925660\/wp-json\/wp\/v2\/pages"}],"about":[{"href":"https:\/\/docsites.cgmlife.com\/138667925660\/wp-json\/wp\/v2\/types\/page"}],"author":[{"embeddable":true,"href":"https:\/\/docsites.cgmlife.com\/138667925660\/wp-json\/wp\/v2\/users\/418"}],"replies":[{"embeddable":true,"href":"https:\/\/docsites.cgmlife.com\/138667925660\/wp-json\/wp\/v2\/comments?post=2"}],"version-history":[{"count":6,"href":"https:\/\/docsites.cgmlife.com\/138667925660\/wp-json\/wp\/v2\/pages\/2\/revisions"}],"predecessor-version":[{"id":146,"href":"https:\/\/docsites.cgmlife.com\/138667925660\/wp-json\/wp\/v2\/pages\/2\/revisions\/146"}],"wp:attachment":[{"href":"https:\/\/docsites.cgmlife.com\/138667925660\/wp-json\/wp\/v2\/media?parent=2"}],"curies":[{"name":"wp","href":"https:\/\/api.w.org\/{rel}","templated":true}]}}