{"id":5,"date":"2013-02-05T11:32:20","date_gmt":"2013-02-05T09:32:20","guid":{"rendered":"http:\/\/docsites.cgmlife.com\/medistar\/?page_id=5"},"modified":"2023-10-09T08:31:35","modified_gmt":"2023-10-09T07:31:35","slug":"online-dienste","status":"publish","type":"page","link":"https:\/\/docsites.cgmlife.com\/138667925660\/online-dienste\/","title":{"rendered":"Online-Dienste"},"content":{"rendered":"\n<h2 class=\"wp-block-heading\">Hinweis<\/h2>\n\n\n\n<p class=\"has-medium-font-size\">Da wir eine Allgemeinmedizinpraxis sind, kann es selbst bei einer festen Terminbuchung vorkommen, da\u00df es durch Notf\u00e4lle oder ein erh\u00f6htes Patientenaufkommen&nbsp;z.B.&nbsp;Grippewelle oder Allergien zu Verz\u00f6gerungen kommen kann.<\/p>\n\n\n\n<p class=\"has-medium-font-size\">Wir bitten um Ihr Verst\u00e4ndnis.<\/p>\n\n\n<style type=\"text\/css\">#mainContent {overflow:hidden;} #content {margin: 0;} .mainKeyvisual { height: 0; margin: 5px 0 0 0; visibility: hidden; }<\/style><div id=\"eservice\"><iframe loading=\"lazy\" src=\"https:\/\/de.cgmlife.com\/eServices\/?institution=013004600&token=\" frameborder=\"0\" marginwidth=\"0\" marginheight=\"0\" height=\"600px\" width=\"100%\"><\/iframe><\/div>\n","protected":false},"excerpt":{"rendered":"<p>Hinweis Da wir eine Allgemeinmedizinpraxis sind, kann es selbst bei einer festen Terminbuchung vorkommen, da\u00df es durch Notf\u00e4lle oder ein erh\u00f6htes Patientenaufkommen&nbsp;z.B.&nbsp;Grippewelle oder Allergien zu Verz\u00f6gerungen kommen kann. Wir bitten um Ihr Verst\u00e4ndnis.<\/p>\n","protected":false},"author":418,"featured_media":0,"parent":0,"menu_order":0,"comment_status":"closed","ping_status":"closed","template":"","meta":{"footnotes":""},"class_list":["post-5","page","type-page","status-publish","hentry"],"_links":{"self":[{"href":"https:\/\/docsites.cgmlife.com\/138667925660\/wp-json\/wp\/v2\/pages\/5","targetHints":{"allow":["GET"]}}],"collection":[{"href":"https:\/\/docsites.cgmlife.com\/138667925660\/wp-json\/wp\/v2\/pages"}],"about":[{"href":"https:\/\/docsites.cgmlife.com\/138667925660\/wp-json\/wp\/v2\/types\/page"}],"author":[{"embeddable":true,"href":"https:\/\/docsites.cgmlife.com\/138667925660\/wp-json\/wp\/v2\/users\/418"}],"replies":[{"embeddable":true,"href":"https:\/\/docsites.cgmlife.com\/138667925660\/wp-json\/wp\/v2\/comments?post=5"}],"version-history":[{"count":5,"href":"https:\/\/docsites.cgmlife.com\/138667925660\/wp-json\/wp\/v2\/pages\/5\/revisions"}],"predecessor-version":[{"id":148,"href":"https:\/\/docsites.cgmlife.com\/138667925660\/wp-json\/wp\/v2\/pages\/5\/revisions\/148"}],"wp:attachment":[{"href":"https:\/\/docsites.cgmlife.com\/138667925660\/wp-json\/wp\/v2\/media?parent=5"}],"curies":[{"name":"wp","href":"https:\/\/api.w.org\/{rel}","templated":true}]}}