{"id":10,"date":"2013-02-05T11:37:41","date_gmt":"2013-02-05T09:37:41","guid":{"rendered":"http:\/\/docsites.cgmlife.com\/medistar\/?page_id=10"},"modified":"2014-09-25T09:03:33","modified_gmt":"2014-09-25T07:03:33","slug":"impressum","status":"publish","type":"page","link":"https:\/\/docsites.cgmlife.com\/139168469960\/impressum\/","title":{"rendered":"Impressum"},"content":{"rendered":"<p><span style=\"text-decoration: underline;font-size: x-small\">Praxis f\u00fcr Allgemeinmedizin<\/span><\/p>\n<p><span style=\"font-size: x-small\"> Herr Dr.med.M.H.Karim\u00a0 <\/span><\/p>\n<p><span style=\"font-size: x-small\">Frau Dr.med.R.Schmeinck<\/span><\/p>\n<p><span style=\"font-size: x-small\">Dr.-C.-Otto-Str. 2<\/span><\/p>\n<p><span style=\"font-size: x-small\">44879 Bochum<\/span><\/p>\n<p><span style=\"font-size: x-small\">Tel.: 0234\/492330<\/span><\/p>\n<p><span style=\"font-size: x-small\">Fax: 0234\/9413026<\/span><\/p>\n<p><span style=\"font-size: x-small\">praxis@dr-karim.de<\/span><\/p>\n<p><span style=\"font-size: x-small\">Zust\u00e4ndige Aufsichtsbeh\u00f6rde:<\/span><\/p>\n<p><span style=\"font-size: x-small\">Kassen\u00e4rztliche Vereinigung Westfalen-Lippe<\/span><br \/>\n<span style=\"font-size: x-small\"> Robert-Schimrigk-Str. 4 &#8211; 6<\/span><br \/>\n<span style=\"font-size: x-small\"> 44141 Dortmund<\/span><\/p>\n<p><span style=\"font-size: x-small\">Tel.: 0231 94 32 0<\/span><br \/>\n<span style=\"font-size: x-small\"> Fax: 0231 94 32 55 55<\/span><\/p>\n<p><span style=\"font-size: x-small\">Zust\u00e4ndige Kammer:<\/span><\/p>\n<p><span style=\"font-size: x-small\">\u00c4rztekammer Westfalen-Lippe\u00a0<\/span><\/p>\n<p><span style=\"font-size: x-small\"> K\u00f6rperschaft des \u00f6ffentlichen Rechts\u00a0<\/span><\/p>\n<p><span style=\"font-size: x-small\"> Gartenstra\u00dfe 210-214\u00a0<\/span><\/p>\n<p><span style=\"font-size: x-small\"> 48147 M\u00fcnster\/Westfalen<\/span><br \/>\n<span style=\"font-size: x-small\">Tel.: 0251 &#8211; 929 &#8211; 0\u00a0<\/span><\/p>\n<p><span style=\"font-size: x-small\"> Fax: 0251 &#8211; 929 &#8211; 2999\u00a0<\/span><\/p>\n<p><span style=\"font-size: x-small\"> E-Mail: <a>posteingang@aekwl.de<\/a><\/span><\/p>\n<p>&nbsp;<\/p>\n<p><span style=\"font-size: x-small\">Berufsbezeichnung f\u00fcr Dr.med.M.H.Karim<\/span><\/p>\n<p><span style=\"font-size: x-small\">Arzt, verliehen in der Bundesrepublik Deutschland<\/span><\/p>\n<p>&nbsp;<\/p>\n<p><span style=\"font-size: x-small\">Berufsbezeichnung f\u00fcr Dr.med.Renate Schmeinck<\/span><\/p>\n<p><span style=\"font-size: x-small\">\u00c4rztin, verliehen in der Bundesrepublik Deutschland<\/span><\/p>\n<p>&nbsp;<\/p>\n<p><span style=\"font-size: x-small\">Berufsrechtliche Regelungen<\/span><\/p>\n<p><span style=\"font-size: x-small\">\u00c4rztegesetz von Westfalen Lippe<\/span><\/p>\n<p><span style=\"font-size: x-small\">Gesetz \u00fcber die Berufsgerichtsbarkeit der Heilberufe<\/span><\/p>\n<p><span style=\"font-size: x-small\">Berufsordnung der \u00c4rztekammer Westfalen Lippe<\/span><\/p>\n<p>&nbsp;<\/p>\n<p><span style=\"font-size: x-small\">Haftungshinweise:<\/span><\/p>\n<p><span style=\"font-size: x-small\">Wir haben auf den Seiten unserer Web Site Links zu Seiten anderer Anbieter gesetzt. Wir erkl\u00e4ren hiermit ausdr\u00fccklich, dass wir keinerlei Einfluss auf die Gestaltung und die Inhalte der gelinkten Seiten haben.<\/span><\/p>\n<p><span style=\"font-size: x-small\">F\u00fcr den Inhalt der verlinkten Seiten sind ausschlie\u00dflich deren Betreiber verantwortlich. Wir \u00fcbernehmen daher keinerlei Haftung f\u00fcr jedwede Aussage, die auf den von uns gelinkten Seiten getroffen wird und distanzieren uns hiermit ausdr\u00fccklich von allen Inhalten aller gelinkten Seiten und machen uns diese Inhalte nicht zu Eigen.<\/span><\/p>\n<p><span style=\"font-size: x-small\">Diese Erkl\u00e4rung gilt f\u00fcr alle auf unserer Internetpr\u00e4senz angebrachten Links und f\u00fcr alle Inhalte der Seiten, zu denen die bei uns ggf. angebrachten Links und Banner f\u00fchren.<\/span><\/p>\n<p><span style=\"font-size: x-small\">Unter keinen Umst\u00e4nden haften wir f\u00fcr etwaige Sch\u00e4den, Beeintr\u00e4chtigungen oder Verluste, die im Zusammenhang mit der Nutzung unseres Dienstes, z.B. aus technischen Gr\u00fcnden, entstehen.<\/span><\/p>\n<p><span style=\"font-size: x-small\">Nutzungsbedingungen<\/span><\/p>\n<p><span style=\"font-size: x-small\">Unsere Web Site erteilt Ihnen ausschlie\u00dflich allgemeine Ausk\u00fcnfte und Informationen zu unserer Praxis und zu unseren Leistungsangeboten.<\/span><\/p>\n<p><span style=\"font-size: x-small\">Von uns bereitgestellte Informationen k\u00f6nnen in keinem Fall als ein Hinweis auf das Vorliegen oder Nicht-Vorliegen einer bestimmten Krankheit oder eines anderen Leidens verstanden werden. Ebenso wenig d\u00fcrfen die Informationen oder erteilte Ausk\u00fcnfte als Aufforderung zu einer bestimmten Behandlung oder Nicht-Behandlung einer m\u00f6glichen Krankheit verstanden werden.<\/span><\/p>\n<p><span style=\"font-size: x-small\">Telefonisch, per eMail oder per Internet erteilte Ausk\u00fcnfte und Informationen ersetzen niemals die Untersuchung oder die Behandlung durch einen Arzt oder Psychotherapeuten. Von uns bereitgestellte Informationen k\u00f6nnen lediglich eine generelle und unverbindliche Unterst\u00fctzung f\u00fcr Sie sein.<\/span><\/p>\n<p><span style=\"font-size: x-small\">Die Erkennung oder Behandlung einer Krankheit oder eines anderen Leidens kann allein durch die Konsultation eines Arztes oder ggf. eines Psychotherapeuten erfolgen.<\/span><\/p>\n<p><b>Copyright:<\/b><\/p>\n<table cellspacing=\"0\" cellpadding=\"0\">\n<tbody>\n<tr>\n<td>Copyright Bilder:<\/td>\n<td>\u00a0 iStockPhoto<\/td>\n<\/tr>\n<\/tbody>\n<\/table>\n","protected":false},"excerpt":{"rendered":"<p>Praxis f\u00fcr Allgemeinmedizin Herr Dr.med.M.H.Karim\u00a0 Frau Dr.med.R.Schmeinck Dr.-C.-Otto-Str. 2 44879 Bochum Tel.: 0234\/492330 Fax: 0234\/9413026 praxis@dr-karim.de Zust\u00e4ndige Aufsichtsbeh\u00f6rde: Kassen\u00e4rztliche Vereinigung Westfalen-Lippe Robert-Schimrigk-Str. 4 &#8211; 6 44141 Dortmund Tel.: 0231 94 32 0 Fax: 0231 94 32 55 55 Zust\u00e4ndige Kammer: \u00c4rztekammer Westfalen-Lippe\u00a0 K\u00f6rperschaft des \u00f6ffentlichen Rechts\u00a0 Gartenstra\u00dfe 210-214\u00a0 48147 M\u00fcnster\/Westfalen Tel.: 0251 &#8211; 929 &#8211; [&hellip;]<\/p>\n","protected":false},"author":444,"featured_media":0,"parent":0,"menu_order":1000,"comment_status":"closed","ping_status":"closed","template":"","meta":{"footnotes":""},"class_list":["post-10","page","type-page","status-publish","hentry"],"_links":{"self":[{"href":"https:\/\/docsites.cgmlife.com\/139168469960\/wp-json\/wp\/v2\/pages\/10","targetHints":{"allow":["GET"]}}],"collection":[{"href":"https:\/\/docsites.cgmlife.com\/139168469960\/wp-json\/wp\/v2\/pages"}],"about":[{"href":"https:\/\/docsites.cgmlife.com\/139168469960\/wp-json\/wp\/v2\/types\/page"}],"author":[{"embeddable":true,"href":"https:\/\/docsites.cgmlife.com\/139168469960\/wp-json\/wp\/v2\/users\/444"}],"replies":[{"embeddable":true,"href":"https:\/\/docsites.cgmlife.com\/139168469960\/wp-json\/wp\/v2\/comments?post=10"}],"version-history":[{"count":6,"href":"https:\/\/docsites.cgmlife.com\/139168469960\/wp-json\/wp\/v2\/pages\/10\/revisions"}],"predecessor-version":[{"id":106,"href":"https:\/\/docsites.cgmlife.com\/139168469960\/wp-json\/wp\/v2\/pages\/10\/revisions\/106"}],"wp:attachment":[{"href":"https:\/\/docsites.cgmlife.com\/139168469960\/wp-json\/wp\/v2\/media?parent=10"}],"curies":[{"name":"wp","href":"https:\/\/api.w.org\/{rel}","templated":true}]}}