{"id":126,"date":"2014-09-23T12:00:21","date_gmt":"2014-09-23T10:00:21","guid":{"rendered":"http:\/\/docsites.cgmlife.com\/139168469960\/?page_id=126"},"modified":"2015-04-23T08:30:37","modified_gmt":"2015-04-23T06:30:37","slug":"aktuell-2","status":"publish","type":"page","link":"https:\/\/docsites.cgmlife.com\/139168469960\/aktuell-2\/","title":{"rendered":"Aktuell"},"content":{"rendered":"<h3>Reise-Impfstoff ist da!<\/h3>\n<p>Lassen Sie sich impfen.<\/p>\n<p>Bei Wunsch k\u00f6nnen Sie uns gerne ansprechen.<\/p>\n<p>&nbsp;<\/p>\n<h3>Vorsorgeuntersuchungen<\/h3>\n<p>Lassen Sie sich von uns Termine geben f\u00fcr Check-Up, Hautkrebs-Screening und Krebsvorsorge f\u00fcr M\u00e4nner<\/p>\n","protected":false},"excerpt":{"rendered":"<p>Reise-Impfstoff ist da! Lassen Sie sich impfen. Bei Wunsch k\u00f6nnen Sie uns gerne ansprechen. &nbsp; Vorsorgeuntersuchungen Lassen Sie sich von uns Termine geben f\u00fcr Check-Up, Hautkrebs-Screening und Krebsvorsorge f\u00fcr M\u00e4nner<\/p>\n","protected":false},"author":444,"featured_media":0,"parent":0,"menu_order":0,"comment_status":"closed","ping_status":"closed","template":"","meta":{"footnotes":""},"class_list":["post-126","page","type-page","status-publish","hentry"],"_links":{"self":[{"href":"https:\/\/docsites.cgmlife.com\/139168469960\/wp-json\/wp\/v2\/pages\/126","targetHints":{"allow":["GET"]}}],"collection":[{"href":"https:\/\/docsites.cgmlife.com\/139168469960\/wp-json\/wp\/v2\/pages"}],"about":[{"href":"https:\/\/docsites.cgmlife.com\/139168469960\/wp-json\/wp\/v2\/types\/page"}],"author":[{"embeddable":true,"href":"https:\/\/docsites.cgmlife.com\/139168469960\/wp-json\/wp\/v2\/users\/444"}],"replies":[{"embeddable":true,"href":"https:\/\/docsites.cgmlife.com\/139168469960\/wp-json\/wp\/v2\/comments?post=126"}],"version-history":[{"count":7,"href":"https:\/\/docsites.cgmlife.com\/139168469960\/wp-json\/wp\/v2\/pages\/126\/revisions"}],"predecessor-version":[{"id":130,"href":"https:\/\/docsites.cgmlife.com\/139168469960\/wp-json\/wp\/v2\/pages\/126\/revisions\/130"}],"wp:attachment":[{"href":"https:\/\/docsites.cgmlife.com\/139168469960\/wp-json\/wp\/v2\/media?parent=126"}],"curies":[{"name":"wp","href":"https:\/\/api.w.org\/{rel}","templated":true}]}}