{"id":2,"date":"2013-02-05T09:30:54","date_gmt":"2013-02-05T07:30:54","guid":{"rendered":"http:\/\/docsites.cgmlife.com\/medistar\/?page_id=2"},"modified":"2023-10-09T09:35:57","modified_gmt":"2023-10-09T07:35:57","slug":"beispiel-seite","status":"publish","type":"page","link":"https:\/\/docsites.cgmlife.com\/139168469960\/","title":{"rendered":"Start"},"content":{"rendered":"\n<h1 class=\"wp-block-heading\">Herzlich willkommen bei Dr. med.M.H.Karim und Dr.med. Renate Schmeinck, Ihren Allgemeinmedizinern in Bochum, Linden.<\/h1>\n\n\n\n<p>Dr. med.M.H.Karim und Dr.med. Renate Schmeinck betreuen Sie zusammen mit ihrem Team kompetent und umfassend in allen allgemeinmedizinischen Fragen. Um eine individuelle Vorsorge und Behandlung zu gew\u00e4hrleisten, ist uns neben modernen und altbew\u00e4hrten diagnostischen Verfahren vor allem das pers\u00f6nliche Arzt-Patienten-Gespr\u00e4ch wichtig.<\/p>\n\n\n\n<p>Wir w\u00fcnschen Ihnen einen \u00fcbersichtlichen und informativen Aufenthalt. \u00dcber die Hauptmen\u00fc-Punkte k\u00f6nnen Sie Informationen \u00fcber unsere M\u00f6glichkeiten, unsere Praxis, das Team, Services und nat\u00fcrlich die Lage der Praxis abrufen.<\/p>\n\n\n\n<p>Sie k\u00f6nnen auch u. a. einen <a href=\"https:\/\/docsites.cgmlife.com\/139168469960\/online-dienste\/\">online-Termin<\/a> buchen.<\/p>\n","protected":false},"excerpt":{"rendered":"<p>Herzlich willkommen bei Dr. med.M.H.Karim und Dr.med. Renate Schmeinck, Ihren Allgemeinmedizinern in Bochum, Linden. Dr. med.M.H.Karim und Dr.med. Renate Schmeinck betreuen Sie zusammen mit ihrem Team kompetent und umfassend in allen allgemeinmedizinischen Fragen. Um eine individuelle Vorsorge und Behandlung zu gew\u00e4hrleisten, ist uns neben modernen und altbew\u00e4hrten diagnostischen Verfahren vor allem das pers\u00f6nliche Arzt-Patienten-Gespr\u00e4ch wichtig. [&hellip;]<\/p>\n","protected":false},"author":444,"featured_media":0,"parent":0,"menu_order":-1,"comment_status":"closed","ping_status":"closed","template":"","meta":{"footnotes":""},"class_list":["post-2","page","type-page","status-publish","hentry"],"_links":{"self":[{"href":"https:\/\/docsites.cgmlife.com\/139168469960\/wp-json\/wp\/v2\/pages\/2","targetHints":{"allow":["GET"]}}],"collection":[{"href":"https:\/\/docsites.cgmlife.com\/139168469960\/wp-json\/wp\/v2\/pages"}],"about":[{"href":"https:\/\/docsites.cgmlife.com\/139168469960\/wp-json\/wp\/v2\/types\/page"}],"author":[{"embeddable":true,"href":"https:\/\/docsites.cgmlife.com\/139168469960\/wp-json\/wp\/v2\/users\/444"}],"replies":[{"embeddable":true,"href":"https:\/\/docsites.cgmlife.com\/139168469960\/wp-json\/wp\/v2\/comments?post=2"}],"version-history":[{"count":8,"href":"https:\/\/docsites.cgmlife.com\/139168469960\/wp-json\/wp\/v2\/pages\/2\/revisions"}],"predecessor-version":[{"id":209,"href":"https:\/\/docsites.cgmlife.com\/139168469960\/wp-json\/wp\/v2\/pages\/2\/revisions\/209"}],"wp:attachment":[{"href":"https:\/\/docsites.cgmlife.com\/139168469960\/wp-json\/wp\/v2\/media?parent=2"}],"curies":[{"name":"wp","href":"https:\/\/api.w.org\/{rel}","templated":true}]}}