{"id":140,"date":"2014-05-25T20:41:40","date_gmt":"2014-05-25T18:41:40","guid":{"rendered":"http:\/\/docsites.cgmlife.com\/139626738964\/?page_id=140"},"modified":"2024-08-04T20:59:43","modified_gmt":"2024-08-04T18:59:43","slug":"unsere-leistungen","status":"publish","type":"page","link":"https:\/\/docsites.cgmlife.com\/139626738964\/unsere-leistungen\/","title":{"rendered":"Unsere Leistungen"},"content":{"rendered":"<p><strong><span style=\"text-decoration: underline\"><span style=\"font-size: large\">Unsere Leistungen<\/span><\/span><\/strong><\/p>\n<ul>\n<li>haus\u00e4rztliche Betreuung von Kassen- und Privatpatienten fr\u00fchestens ab dem 14. Geburtstag in der Praxis<\/li>\n<li>nach R\u00fccksprache ggf. Betreuung der Patienten\u00a0auch im Hausbesuchsdienst<\/li>\n<li>Internistische Grunddiagnostik\n<ul>\n<li>Langzeit-Blutdruckmessung,<\/li>\n<li>Langzeit-EKG<\/li>\n<li>Ruhe-EKG<\/li>\n<li>Spirometrie<\/li>\n<li>Ultraschalluntersuchungen (Abdomen und Schilddr\u00fcse als Kassenleistung, Duplex Sonographie der Halsgef\u00e4\u00dfe als Privatleistung)<\/li>\n<li>Blutuntersuchungen, Urinuntersuchung einschlie\u00dflich Albuminuntersuchung<\/li>\n<li>ABI-Messung (inkl. PW)<\/li>\n<\/ul>\n<\/li>\n<li>Disease-Management-Programme (Diabetes mellitus Typ 2, KHK, Asthma bronchiale und COPD)<\/li>\n<li>Check Up 35 (EKG,\u00a0Blutuntersuchung, Urin, k\u00f6rperliche\u00a0Untersuchung, sowie Beratung) neu alle 3 Jahre, sowie einmalig im Alter von 18-34<\/li>\n<li>Krebsvorsorge M\u00e4nner einschlie\u00dflich entsprechende Beratung, ggf. PSA Untersuchung als Privatleistung<\/li>\n<li>Test auf verstecktes Blut im Stuhl<\/li>\n<li>Jugendgesundheitsschutzuntersuchungen (J1)<\/li>\n<li>Jugenardarbeitsschutzuntersuchung<\/li>\n<li>Impfungen und Impfberatung (teilweise Privatleistung)<\/li>\n<li>Injektionen und Infusionen<\/li>\n<li>verschiedene Testverfahren (z.B. Zahlenverbindungstest bei hepatischer Encephalopathie, Demenztests zur Diagnostik von Demenz und Geriatrischer Basisassesment Score)<\/li>\n<li>psychosomatische Grundversorgung<\/li>\n<\/ul>\n","protected":false},"excerpt":{"rendered":"<p>Unsere Leistungen haus\u00e4rztliche Betreuung von Kassen- und Privatpatienten fr\u00fchestens ab dem 14. Geburtstag in der Praxis nach R\u00fccksprache ggf. Betreuung der Patienten\u00a0auch im Hausbesuchsdienst Internistische Grunddiagnostik Langzeit-Blutdruckmessung, Langzeit-EKG Ruhe-EKG Spirometrie Ultraschalluntersuchungen (Abdomen und Schilddr\u00fcse als Kassenleistung, Duplex Sonographie der Halsgef\u00e4\u00dfe als Privatleistung) Blutuntersuchungen, Urinuntersuchung einschlie\u00dflich Albuminuntersuchung ABI-Messung (inkl. PW) Disease-Management-Programme (Diabetes mellitus Typ 2, KHK, [&hellip;]<\/p>\n","protected":false},"author":470,"featured_media":0,"parent":0,"menu_order":0,"comment_status":"closed","ping_status":"closed","template":"","meta":{"footnotes":""},"class_list":["post-140","page","type-page","status-publish","hentry"],"_links":{"self":[{"href":"https:\/\/docsites.cgmlife.com\/139626738964\/wp-json\/wp\/v2\/pages\/140","targetHints":{"allow":["GET"]}}],"collection":[{"href":"https:\/\/docsites.cgmlife.com\/139626738964\/wp-json\/wp\/v2\/pages"}],"about":[{"href":"https:\/\/docsites.cgmlife.com\/139626738964\/wp-json\/wp\/v2\/types\/page"}],"author":[{"embeddable":true,"href":"https:\/\/docsites.cgmlife.com\/139626738964\/wp-json\/wp\/v2\/users\/470"}],"replies":[{"embeddable":true,"href":"https:\/\/docsites.cgmlife.com\/139626738964\/wp-json\/wp\/v2\/comments?post=140"}],"version-history":[{"count":10,"href":"https:\/\/docsites.cgmlife.com\/139626738964\/wp-json\/wp\/v2\/pages\/140\/revisions"}],"predecessor-version":[{"id":570,"href":"https:\/\/docsites.cgmlife.com\/139626738964\/wp-json\/wp\/v2\/pages\/140\/revisions\/570"}],"wp:attachment":[{"href":"https:\/\/docsites.cgmlife.com\/139626738964\/wp-json\/wp\/v2\/media?parent=140"}],"curies":[{"name":"wp","href":"https:\/\/api.w.org\/{rel}","templated":true}]}}