{"id":2,"date":"2013-02-05T09:30:54","date_gmt":"2013-02-05T07:30:54","guid":{"rendered":"http:\/\/docsites.cgmlife.com\/medistar\/?page_id=2"},"modified":"2023-01-13T09:22:15","modified_gmt":"2023-01-13T07:22:15","slug":"beispiel-seite","status":"publish","type":"page","link":"https:\/\/docsites.cgmlife.com\/1402394876383\/","title":{"rendered":"Home"},"content":{"rendered":"\n<h1 class=\"wp-block-heading\">Benvenuti al nostro Studio Medico Virtuale<\/h1>\n\n\n\n<p>Benvenuti all&#8217;Ambulatorio Virtuale dell&#8217;Associazione Medica 2001&nbsp;. Vi aguriamo una fruizione dei contenuti chiara ed istruttiva .<\/p>\n\n\n\n<p>Navigando nel men\u00f9 principale \u00e8 possibile ottenere informazioni in merito alle nostre potenzialit\u00e0, al nostro studio, alla nostra equipe, ai servizi offerti e, naturalmente, anche sull&#8217;ubicazione dello studio.<\/p>\n\n\n\n<p>E&#8217; possibile anche prenotare riprescrizione di farmaci nell&#8217;area <a href=\"https:\/\/docsites.cgmlife.com\/1402394876383\/servizi-online\/\" data-type=\"page\" data-id=\"5\">servizi online<\/a>.<\/p>\n","protected":false},"excerpt":{"rendered":"<p>Benvenuti al nostro Studio Medico Virtuale Benvenuti all&#8217;Ambulatorio Virtuale dell&#8217;Associazione Medica 2001&nbsp;. Vi aguriamo una fruizione dei contenuti chiara ed istruttiva . Navigando nel men\u00f9 principale \u00e8 possibile ottenere informazioni in merito alle nostre potenzialit\u00e0, al nostro studio, alla nostra equipe, ai servizi offerti e, naturalmente, anche sull&#8217;ubicazione dello studio. E&#8217; possibile anche prenotare riprescrizione [&hellip;]<\/p>\n","protected":false},"author":486,"featured_media":0,"parent":0,"menu_order":-1,"comment_status":"closed","ping_status":"closed","template":"","meta":{"footnotes":""},"class_list":["post-2","page","type-page","status-publish","hentry"],"_links":{"self":[{"href":"https:\/\/docsites.cgmlife.com\/1402394876383\/wp-json\/wp\/v2\/pages\/2","targetHints":{"allow":["GET"]}}],"collection":[{"href":"https:\/\/docsites.cgmlife.com\/1402394876383\/wp-json\/wp\/v2\/pages"}],"about":[{"href":"https:\/\/docsites.cgmlife.com\/1402394876383\/wp-json\/wp\/v2\/types\/page"}],"author":[{"embeddable":true,"href":"https:\/\/docsites.cgmlife.com\/1402394876383\/wp-json\/wp\/v2\/users\/486"}],"replies":[{"embeddable":true,"href":"https:\/\/docsites.cgmlife.com\/1402394876383\/wp-json\/wp\/v2\/comments?post=2"}],"version-history":[{"count":5,"href":"https:\/\/docsites.cgmlife.com\/1402394876383\/wp-json\/wp\/v2\/pages\/2\/revisions"}],"predecessor-version":[{"id":426,"href":"https:\/\/docsites.cgmlife.com\/1402394876383\/wp-json\/wp\/v2\/pages\/2\/revisions\/426"}],"wp:attachment":[{"href":"https:\/\/docsites.cgmlife.com\/1402394876383\/wp-json\/wp\/v2\/media?parent=2"}],"curies":[{"name":"wp","href":"https:\/\/api.w.org\/{rel}","templated":true}]}}